{"id":2524,"date":"2022-08-25T19:33:57","date_gmt":"2022-08-25T23:33:57","guid":{"rendered":"https:\/\/pm-consulting.cl\/inicio\/?page_id=2524"},"modified":"2022-08-26T13:07:55","modified_gmt":"2022-08-26T17:07:55","slug":"ventiladores-adultos","status":"publish","type":"page","link":"https:\/\/pm-consulting.cl\/inicio\/ventiladores-adultos\/","title":{"rendered":"VENTILADORES ADULTOS"},"content":{"rendered":"\t\t<div data-elementor-type=\"wp-page\" data-elementor-id=\"2524\" class=\"elementor elementor-2524\">\n\t\t\t\t\t\t<section class=\"elementor-section elementor-top-section elementor-element elementor-element-f85fd60 elementor-section-boxed elementor-section-height-default elementor-section-height-default wpr-particle-no wpr-jarallax-no wpr-parallax-no wpr-sticky-section-no wpr-equal-height-no\" data-id=\"f85fd60\" data-element_type=\"section\" data-e-type=\"section\">\n\t\t\t\t\t\t<div class=\"elementor-container elementor-column-gap-default\">\n\t\t\t\t\t<div class=\"elementor-column elementor-col-100 elementor-top-column elementor-element elementor-element-8d1e7c8\" data-id=\"8d1e7c8\" data-element_type=\"column\" data-e-type=\"column\">\n\t\t\t<div class=\"elementor-widget-wrap elementor-element-populated\">\n\t\t\t\t\t\t<div class=\"elementor-element elementor-element-a53dcb1 elementor-widget elementor-widget-heading\" data-id=\"a53dcb1\" data-element_type=\"widget\" data-e-type=\"widget\" data-widget_type=\"heading.default\">\n\t\t\t\t<div class=\"elementor-widget-container\">\n\t\t\t\t\t<h2 class=\"elementor-heading-title elementor-size-default\">VENTILADORES ADULTO<\/h2>\t\t\t\t<\/div>\n\t\t\t\t<\/div>\n\t\t\t\t\t<\/div>\n\t\t<\/div>\n\t\t\t\t\t<\/div>\n\t\t<\/section>\n\t\t\t\t<section class=\"elementor-section elementor-top-section elementor-element elementor-element-f00eedd elementor-section-boxed elementor-section-height-default elementor-section-height-default wpr-particle-no wpr-jarallax-no wpr-parallax-no wpr-sticky-section-no wpr-equal-height-no\" data-id=\"f00eedd\" data-element_type=\"section\" data-e-type=\"section\">\n\t\t\t\t\t\t<div class=\"elementor-container elementor-column-gap-default\">\n\t\t\t\t\t<div class=\"elementor-column elementor-col-100 elementor-top-column elementor-element elementor-element-535b501\" data-id=\"535b501\" data-element_type=\"column\" data-e-type=\"column\">\n\t\t\t<div class=\"elementor-widget-wrap elementor-element-populated\">\n\t\t\t\t\t\t<div class=\"elementor-element elementor-element-ab644e4 elementor-widget elementor-widget-spacer\" data-id=\"ab644e4\" data-element_type=\"widget\" data-e-type=\"widget\" data-widget_type=\"spacer.default\">\n\t\t\t\t<div class=\"elementor-widget-container\">\n\t\t\t\t\t\t\t<div class=\"elementor-spacer\">\n\t\t\t<div class=\"elementor-spacer-inner\"><\/div>\n\t\t<\/div>\n\t\t\t\t\t\t<\/div>\n\t\t\t\t<\/div>\n\t\t\t\t\t<\/div>\n\t\t<\/div>\n\t\t\t\t\t<\/div>\n\t\t<\/section>\n\t\t\t\t<section class=\"elementor-section elementor-top-section elementor-element elementor-element-d63be5e elementor-section-boxed elementor-section-height-default elementor-section-height-default wpr-particle-no wpr-jarallax-no wpr-parallax-no wpr-sticky-section-no wpr-equal-height-no\" data-id=\"d63be5e\" data-element_type=\"section\" data-e-type=\"section\">\n\t\t\t\t\t\t<div class=\"elementor-container elementor-column-gap-default\">\n\t\t\t\t\t<div class=\"elementor-column elementor-col-50 elementor-top-column elementor-element elementor-element-63f84a1\" data-id=\"63f84a1\" data-element_type=\"column\" data-e-type=\"column\">\n\t\t\t<div class=\"elementor-widget-wrap elementor-element-populated\">\n\t\t\t\t\t\t<div class=\"elementor-element elementor-element-a02b1e2 elementor-hidden-desktop elementor-hidden-tablet elementor-widget elementor-widget-heading\" data-id=\"a02b1e2\" data-element_type=\"widget\" data-e-type=\"widget\" data-widget_type=\"heading.default\">\n\t\t\t\t<div class=\"elementor-widget-container\">\n\t\t\t\t\t<h2 class=\"elementor-heading-title elementor-size-default\">eVOLUTION 3E<\/h2>\t\t\t\t<\/div>\n\t\t\t\t<\/div>\n\t\t\t\t<div class=\"elementor-element elementor-element-b76710e elementor-widget elementor-widget-image\" data-id=\"b76710e\" data-element_type=\"widget\" data-e-type=\"widget\" data-widget_type=\"image.default\">\n\t\t\t\t<div class=\"elementor-widget-container\">\n\t\t\t\t\t\t\t\t\t\t\t\t\t\t\t<img fetchpriority=\"high\" decoding=\"async\" width=\"300\" height=\"276\" src=\"https:\/\/i0.wp.com\/pm-consulting.cl\/wp-content\/uploads\/2022\/08\/eVOLUTION-3e.jpg?fit=300%2C276&amp;ssl=1\" class=\"attachment-medium size-medium wp-image-2515\" alt=\"\" srcset=\"https:\/\/i0.wp.com\/pm-consulting.cl\/wp-content\/uploads\/2022\/08\/eVOLUTION-3e.jpg?w=350&amp;ssl=1 350w, https:\/\/i0.wp.com\/pm-consulting.cl\/wp-content\/uploads\/2022\/08\/eVOLUTION-3e.jpg?resize=300%2C276&amp;ssl=1 300w\" sizes=\"(max-width: 300px) 100vw, 300px\" \/>\t\t\t\t\t\t\t\t\t\t\t\t\t\t\t<\/div>\n\t\t\t\t<\/div>\n\t\t\t\t<div class=\"elementor-element elementor-element-8b703b3 elementor-align-center elementor-widget elementor-widget-button\" data-id=\"8b703b3\" data-element_type=\"widget\" data-e-type=\"widget\" data-widget_type=\"button.default\">\n\t\t\t\t<div class=\"elementor-widget-container\">\n\t\t\t\t\t\t\t\t\t<div class=\"elementor-button-wrapper\">\n\t\t\t\t\t<a class=\"elementor-button elementor-button-link elementor-size-sm elementor-animation-grow\" href=\"https:\/\/pm-consulting.cl\/inicio\/evolution-3e-2\/\" target=\"_blank\">\n\t\t\t\t\t\t<span class=\"elementor-button-content-wrapper\">\n\t\t\t\t\t\t<span class=\"elementor-button-icon\">\n\t\t\t\t<i aria-hidden=\"true\" class=\"far fa-arrow-alt-circle-right\"><\/i>\t\t\t<\/span>\n\t\t\t\t\t\t\t\t\t<span class=\"elementor-button-text\">Ver Equipo<\/span>\n\t\t\t\t\t<\/span>\n\t\t\t\t\t<\/a>\n\t\t\t\t<\/div>\n\t\t\t\t\t\t\t\t<\/div>\n\t\t\t\t<\/div>\n\t\t\t\t\t<\/div>\n\t\t<\/div>\n\t\t\t\t<div class=\"elementor-column elementor-col-50 elementor-top-column elementor-element elementor-element-ce3c57e\" data-id=\"ce3c57e\" data-element_type=\"column\" data-e-type=\"column\">\n\t\t\t<div class=\"elementor-widget-wrap elementor-element-populated\">\n\t\t\t\t\t\t<div class=\"elementor-element elementor-element-19960ab elementor-hidden-mobile elementor-widget elementor-widget-heading\" data-id=\"19960ab\" data-element_type=\"widget\" data-e-type=\"widget\" data-widget_type=\"heading.default\">\n\t\t\t\t<div class=\"elementor-widget-container\">\n\t\t\t\t\t<h2 class=\"elementor-heading-title elementor-size-default\">eVOLUTION 3e<\/h2>\t\t\t\t<\/div>\n\t\t\t\t<\/div>\n\t\t\t\t<div class=\"elementor-element elementor-element-9ef7329 elementor-widget elementor-widget-text-editor\" data-id=\"9ef7329\" data-element_type=\"widget\" data-e-type=\"widget\" data-widget_type=\"text-editor.default\">\n\t\t\t\t<div class=\"elementor-widget-container\">\n\t\t\t\t\t\t\t\t\t<p>El eVOLUTION 3e, es\u00a0 un ventilador mec\u00e1nico para pacientes neonatos hasta adultos. Las v\u00e1lvulas dobles de PSOL garantizan el suministro preciso de flujo, volumen y presi\u00f3n para sus pacientes m\u00e1s enfermos (aut\u00e9ntica atenci\u00f3n del ventilador de la UCI), mientras que el innovador dise\u00f1o de la turbina significa que puede brindar esta atenci\u00f3n equivalente a la UCI donde y cuando la necesite. El ventilador puede recibir una entrada de O2 de una fuente de gas de alta o baja presi\u00f3n, lo que le da al eVolution precisi\u00f3n y versatilidad a lo largo de la continuidad del cuidado del ventilador.<\/p>\t\t\t\t\t\t\t\t<\/div>\n\t\t\t\t<\/div>\n\t\t\t\t\t<\/div>\n\t\t<\/div>\n\t\t\t\t\t<\/div>\n\t\t<\/section>\n\t\t\t\t<section class=\"elementor-section elementor-top-section elementor-element elementor-element-0d72335 elementor-section-boxed elementor-section-height-default elementor-section-height-default wpr-particle-no wpr-jarallax-no wpr-parallax-no wpr-sticky-section-no wpr-equal-height-no\" data-id=\"0d72335\" data-element_type=\"section\" data-e-type=\"section\">\n\t\t\t\t\t\t<div class=\"elementor-container elementor-column-gap-default\">\n\t\t\t\t\t<div class=\"elementor-column elementor-col-100 elementor-top-column elementor-element elementor-element-05b450b\" data-id=\"05b450b\" data-element_type=\"column\" data-e-type=\"column\">\n\t\t\t<div class=\"elementor-widget-wrap elementor-element-populated\">\n\t\t\t\t\t\t<div class=\"elementor-element elementor-element-8c5b8ef elementor-widget elementor-widget-spacer\" data-id=\"8c5b8ef\" data-element_type=\"widget\" data-e-type=\"widget\" data-widget_type=\"spacer.default\">\n\t\t\t\t<div class=\"elementor-widget-container\">\n\t\t\t\t\t\t\t<div class=\"elementor-spacer\">\n\t\t\t<div class=\"elementor-spacer-inner\"><\/div>\n\t\t<\/div>\n\t\t\t\t\t\t<\/div>\n\t\t\t\t<\/div>\n\t\t\t\t\t<\/div>\n\t\t<\/div>\n\t\t\t\t\t<\/div>\n\t\t<\/section>\n\t\t\t\t<section class=\"elementor-section elementor-top-section elementor-element elementor-element-62cc02e elementor-section-boxed elementor-section-height-default elementor-section-height-default wpr-particle-no wpr-jarallax-no wpr-parallax-no wpr-sticky-section-no wpr-equal-height-no\" data-id=\"62cc02e\" data-element_type=\"section\" data-e-type=\"section\">\n\t\t\t\t\t\t<div class=\"elementor-container elementor-column-gap-default\">\n\t\t\t\t\t<div class=\"elementor-column elementor-col-50 elementor-top-column elementor-element elementor-element-6476d52\" data-id=\"6476d52\" data-element_type=\"column\" data-e-type=\"column\">\n\t\t\t<div class=\"elementor-widget-wrap elementor-element-populated\">\n\t\t\t\t\t\t<div class=\"elementor-element elementor-element-bb93bb7 elementor-hidden-desktop elementor-hidden-tablet elementor-widget elementor-widget-heading\" data-id=\"bb93bb7\" data-element_type=\"widget\" data-e-type=\"widget\" data-widget_type=\"heading.default\">\n\t\t\t\t<div class=\"elementor-widget-container\">\n\t\t\t\t\t<h2 class=\"elementor-heading-title elementor-size-default\">INSPIRATION 7i - 17\"<\/h2>\t\t\t\t<\/div>\n\t\t\t\t<\/div>\n\t\t\t\t<div class=\"elementor-element elementor-element-eca3626 elementor-widget elementor-widget-image\" data-id=\"eca3626\" data-element_type=\"widget\" data-e-type=\"widget\" data-widget_type=\"image.default\">\n\t\t\t\t<div class=\"elementor-widget-container\">\n\t\t\t\t\t\t\t\t\t\t\t\t\t\t\t<img decoding=\"async\" width=\"215\" height=\"215\" src=\"https:\/\/i0.wp.com\/pm-consulting.cl\/wp-content\/uploads\/2022\/08\/zyro-image7I17.png?fit=215%2C215&amp;ssl=1\" class=\"attachment-full size-full wp-image-2519\" alt=\"\" srcset=\"https:\/\/i0.wp.com\/pm-consulting.cl\/wp-content\/uploads\/2022\/08\/zyro-image7I17.png?w=215&amp;ssl=1 215w, https:\/\/i0.wp.com\/pm-consulting.cl\/wp-content\/uploads\/2022\/08\/zyro-image7I17.png?resize=150%2C150&amp;ssl=1 150w\" sizes=\"(max-width: 215px) 100vw, 215px\" \/>\t\t\t\t\t\t\t\t\t\t\t\t\t\t\t<\/div>\n\t\t\t\t<\/div>\n\t\t\t\t<div class=\"elementor-element elementor-element-d3007d0 elementor-align-center elementor-widget elementor-widget-button\" data-id=\"d3007d0\" data-element_type=\"widget\" data-e-type=\"widget\" data-widget_type=\"button.default\">\n\t\t\t\t<div class=\"elementor-widget-container\">\n\t\t\t\t\t\t\t\t\t<div class=\"elementor-button-wrapper\">\n\t\t\t\t\t<a class=\"elementor-button elementor-button-link elementor-size-sm elementor-animation-grow\" href=\"https:\/\/pm-consulting.cl\/inicio\/inspiration-7i-17\/\" target=\"_blank\">\n\t\t\t\t\t\t<span class=\"elementor-button-content-wrapper\">\n\t\t\t\t\t\t<span class=\"elementor-button-icon\">\n\t\t\t\t<i aria-hidden=\"true\" class=\"far fa-arrow-alt-circle-right\"><\/i>\t\t\t<\/span>\n\t\t\t\t\t\t\t\t\t<span class=\"elementor-button-text\">Ver Equipo<\/span>\n\t\t\t\t\t<\/span>\n\t\t\t\t\t<\/a>\n\t\t\t\t<\/div>\n\t\t\t\t\t\t\t\t<\/div>\n\t\t\t\t<\/div>\n\t\t\t\t\t<\/div>\n\t\t<\/div>\n\t\t\t\t<div class=\"elementor-column elementor-col-50 elementor-top-column elementor-element elementor-element-f429019\" data-id=\"f429019\" data-element_type=\"column\" data-e-type=\"column\">\n\t\t\t<div class=\"elementor-widget-wrap elementor-element-populated\">\n\t\t\t\t\t\t<div class=\"elementor-element elementor-element-298f0c1 elementor-hidden-mobile elementor-widget elementor-widget-heading\" data-id=\"298f0c1\" data-element_type=\"widget\" data-e-type=\"widget\" data-widget_type=\"heading.default\">\n\t\t\t\t<div class=\"elementor-widget-container\">\n\t\t\t\t\t<h2 class=\"elementor-heading-title elementor-size-default\">INSPIRATION 7i - 17\"<\/h2>\t\t\t\t<\/div>\n\t\t\t\t<\/div>\n\t\t\t\t<div class=\"elementor-element elementor-element-cf3cf42 elementor-widget elementor-widget-text-editor\" data-id=\"cf3cf42\" data-element_type=\"widget\" data-e-type=\"widget\" data-widget_type=\"text-editor.default\">\n\t\t\t\t<div class=\"elementor-widget-container\">\n\t\t\t\t\t\t\t\t\t<p>7i-17&#8243; es una ventilador muy vers\u00e1til con pantalla 17&#8243;, monitor inclinable\/giratorio y LED t\u00e1ctil, dise\u00f1ado pensando en el m\u00e9dico. El dise\u00f1o neum\u00e1tico de las v\u00e1lvulas PSOL de alto permiten administrar ventilaci\u00f3n desde neonatos hasta pacientes adultos. La plataforma INSPIRATION, como estandar, administraci\u00f3n de Heliox, alimentaci\u00f3n por bater\u00eda, compresor integrado, modos de volumen objetivo, APRV (SPAP), ventilaci\u00f3n no invasiva y modos de destete autom\u00e1tico, adem\u00e1s de la amlia gama de opciones de software avanzada y lista de accesorios.\u00a0Los ventiladores Inspiration cuentan con una interfaz gr\u00e1fica intuitiva y configurable, permite ajustes de inicio de Ideal Body Weight.<\/p><p>\u00a0<\/p>\t\t\t\t\t\t\t\t<\/div>\n\t\t\t\t<\/div>\n\t\t\t\t\t<\/div>\n\t\t<\/div>\n\t\t\t\t\t<\/div>\n\t\t<\/section>\n\t\t\t\t<section class=\"elementor-section elementor-top-section elementor-element elementor-element-75c2ec6 elementor-section-boxed elementor-section-height-default elementor-section-height-default wpr-particle-no wpr-jarallax-no wpr-parallax-no wpr-sticky-section-no wpr-equal-height-no\" data-id=\"75c2ec6\" data-element_type=\"section\" data-e-type=\"section\">\n\t\t\t\t\t\t<div class=\"elementor-container elementor-column-gap-default\">\n\t\t\t\t\t<div class=\"elementor-column elementor-col-50 elementor-top-column elementor-element elementor-element-2ac3e8e\" data-id=\"2ac3e8e\" data-element_type=\"column\" data-e-type=\"column\">\n\t\t\t<div class=\"elementor-widget-wrap elementor-element-populated\">\n\t\t\t\t\t\t<div class=\"elementor-element elementor-element-21de46f elementor-hidden-desktop elementor-hidden-tablet elementor-widget elementor-widget-heading\" data-id=\"21de46f\" data-element_type=\"widget\" data-e-type=\"widget\" data-widget_type=\"heading.default\">\n\t\t\t\t<div class=\"elementor-widget-container\">\n\t\t\t\t\t<h2 class=\"elementor-heading-title elementor-size-default\">INSPIRATION 7i - FLAGSHIP<\/h2>\t\t\t\t<\/div>\n\t\t\t\t<\/div>\n\t\t\t\t<div class=\"elementor-element elementor-element-42011e9 elementor-widget elementor-widget-image\" data-id=\"42011e9\" data-element_type=\"widget\" data-e-type=\"widget\" data-widget_type=\"image.default\">\n\t\t\t\t<div class=\"elementor-widget-container\">\n\t\t\t\t\t\t\t\t\t\t\t\t\t\t\t<img decoding=\"async\" width=\"215\" height=\"215\" src=\"https:\/\/i0.wp.com\/pm-consulting.cl\/wp-content\/uploads\/2022\/08\/zyro-image-FLAGSHIP.png?fit=215%2C215&amp;ssl=1\" class=\"attachment-full size-full wp-image-2520\" alt=\"\" srcset=\"https:\/\/i0.wp.com\/pm-consulting.cl\/wp-content\/uploads\/2022\/08\/zyro-image-FLAGSHIP.png?w=215&amp;ssl=1 215w, https:\/\/i0.wp.com\/pm-consulting.cl\/wp-content\/uploads\/2022\/08\/zyro-image-FLAGSHIP.png?resize=150%2C150&amp;ssl=1 150w\" sizes=\"(max-width: 215px) 100vw, 215px\" \/>\t\t\t\t\t\t\t\t\t\t\t\t\t\t\t<\/div>\n\t\t\t\t<\/div>\n\t\t\t\t<div class=\"elementor-element elementor-element-2a3eb69 elementor-align-center elementor-widget elementor-widget-button\" data-id=\"2a3eb69\" data-element_type=\"widget\" data-e-type=\"widget\" data-widget_type=\"button.default\">\n\t\t\t\t<div class=\"elementor-widget-container\">\n\t\t\t\t\t\t\t\t\t<div class=\"elementor-button-wrapper\">\n\t\t\t\t\t<a class=\"elementor-button elementor-button-link elementor-size-sm elementor-animation-grow\" href=\"https:\/\/pm-consulting.cl\/inicio\/inspiration-7i-flagship\/\" target=\"_blank\">\n\t\t\t\t\t\t<span class=\"elementor-button-content-wrapper\">\n\t\t\t\t\t\t<span class=\"elementor-button-icon\">\n\t\t\t\t<i aria-hidden=\"true\" class=\"far fa-arrow-alt-circle-right\"><\/i>\t\t\t<\/span>\n\t\t\t\t\t\t\t\t\t<span class=\"elementor-button-text\">Ver Equipo<\/span>\n\t\t\t\t\t<\/span>\n\t\t\t\t\t<\/a>\n\t\t\t\t<\/div>\n\t\t\t\t\t\t\t\t<\/div>\n\t\t\t\t<\/div>\n\t\t\t\t\t<\/div>\n\t\t<\/div>\n\t\t\t\t<div class=\"elementor-column elementor-col-50 elementor-top-column elementor-element elementor-element-9f1125e\" data-id=\"9f1125e\" data-element_type=\"column\" data-e-type=\"column\">\n\t\t\t<div class=\"elementor-widget-wrap elementor-element-populated\">\n\t\t\t\t\t\t<div class=\"elementor-element elementor-element-c61238e elementor-hidden-mobile elementor-widget elementor-widget-heading\" data-id=\"c61238e\" data-element_type=\"widget\" data-e-type=\"widget\" data-widget_type=\"heading.default\">\n\t\t\t\t<div class=\"elementor-widget-container\">\n\t\t\t\t\t<h2 class=\"elementor-heading-title elementor-size-default\">INSPIRATION 7i - FLAGSHIP<\/h2>\t\t\t\t<\/div>\n\t\t\t\t<\/div>\n\t\t\t\t<div class=\"elementor-element elementor-element-64b0507 elementor-widget elementor-widget-text-editor\" data-id=\"64b0507\" data-element_type=\"widget\" data-e-type=\"widget\" data-widget_type=\"text-editor.default\">\n\t\t\t\t<div class=\"elementor-widget-container\">\n\t\t\t\t\t\t\t\t\t<p>El modelo Flagship contiene todas las caracter\u00edsticas disponibles en un solo paquete.\u00a0Incluye modo SBT, maniobras de reclutamiento, soporte de succi\u00f3n, compensaci\u00f3n de tubo y monitoreo de VCO2 y EtCO2.\u00a0El gran monitor ajustable inclinable\/giratorio de 17&#8242; con pantalla t\u00e1ctil LED brillante ofrece una interfaz de usuario gr\u00e1fica adaptable y flexible, que permite monitorear m\u00faltiples datos gr\u00e1ficos de forma continua y simult\u00e1nea.\u00a0El paquete Flagship est\u00e1 dise\u00f1ado para que los m\u00e9dicos sofisticados administren y utilicen sin problemas sus ricas funciones al costo y la eficiencia m\u00e1s competitivos.<\/p>\t\t\t\t\t\t\t\t<\/div>\n\t\t\t\t<\/div>\n\t\t\t\t\t<\/div>\n\t\t<\/div>\n\t\t\t\t\t<\/div>\n\t\t<\/section>\n\t\t\t\t<\/div>\n\t\t","protected":false},"excerpt":{"rendered":"<p>VENTILADORES ADULTO eVOLUTION 3E Ver Equipo eVOLUTION 3e El eVOLUTION 3e, es\u00a0 un ventilador mec\u00e1nico para pacientes neonatos hasta adultos. Las v\u00e1lvulas dobles de PSOL garantizan el suministro preciso de flujo, volumen y presi\u00f3n para sus pacientes m\u00e1s enfermos (aut\u00e9ntica atenci\u00f3n del ventilador de la UCI), mientras que el innovador dise\u00f1o de la turbina significa que puede brindar esta atenci\u00f3n equivalente a la UCI donde y cuando la necesite. El ventilador puede recibir una entrada de O2 de una fuente de gas de alta o baja presi\u00f3n, lo que le da al eVolution precisi\u00f3n y versatilidad a lo largo de la continuidad del cuidado del ventilador. INSPIRATION 7i &#8211; 17&#8243; Ver Equipo INSPIRATION 7i &#8211; 17&#8243; 7i-17&#8243; es una ventilador muy vers\u00e1til con pantalla 17&#8243;, monitor inclinable\/giratorio y LED t\u00e1ctil, dise\u00f1ado pensando en el m\u00e9dico. El dise\u00f1o neum\u00e1tico de las v\u00e1lvulas PSOL de alto permiten administrar ventilaci\u00f3n desde neonatos hasta pacientes adultos. La plataforma INSPIRATION, como estandar, administraci\u00f3n de Heliox, alimentaci\u00f3n por bater\u00eda, compresor integrado, modos de volumen objetivo, APRV (SPAP), ventilaci\u00f3n no invasiva y modos de destete autom\u00e1tico, adem\u00e1s de la amlia gama de opciones de software avanzada y lista de accesorios.\u00a0Los ventiladores Inspiration cuentan con una interfaz gr\u00e1fica intuitiva y configurable, permite ajustes de inicio de Ideal Body Weight. \u00a0 INSPIRATION 7i &#8211; FLAGSHIP Ver Equipo INSPIRATION 7i &#8211; FLAGSHIP El modelo Flagship contiene todas las caracter\u00edsticas disponibles en un solo paquete.\u00a0Incluye modo SBT, maniobras de reclutamiento, soporte de succi\u00f3n, compensaci\u00f3n de tubo y monitoreo de VCO2 y EtCO2.\u00a0El gran monitor ajustable inclinable\/giratorio de 17&#8242; con pantalla t\u00e1ctil LED brillante ofrece una interfaz de usuario gr\u00e1fica adaptable y flexible, que permite monitorear m\u00faltiples datos gr\u00e1ficos de forma continua y simult\u00e1nea.\u00a0El paquete Flagship est\u00e1 dise\u00f1ado para que los m\u00e9dicos sofisticados administren y utilicen sin problemas sus ricas funciones al costo y la eficiencia m\u00e1s competitivos.<\/p>\n","protected":false},"author":2,"featured_media":0,"parent":0,"menu_order":0,"comment_status":"closed","ping_status":"closed","template":"page-templates\/template-pagebuilder-full-width.php","meta":{"nf_dc_page":"","_monsterinsights_skip_tracking":false,"_monsterinsights_sitenote_active":false,"_monsterinsights_sitenote_note":"","_monsterinsights_sitenote_category":0,"neve_meta_sidebar":"","neve_meta_container":"","neve_meta_enable_content_width":"","neve_meta_content_width":0,"neve_meta_title_alignment":"","neve_meta_author_avatar":"","neve_post_elements_order":"","neve_meta_disable_header":"","neve_meta_disable_footer":"","neve_meta_disable_title":"","footnotes":""},"class_list":["post-2524","page","type-page","status-publish","hentry"],"jetpack_sharing_enabled":true,"_links":{"self":[{"href":"https:\/\/pm-consulting.cl\/inicio\/wp-json\/wp\/v2\/pages\/2524","targetHints":{"allow":["GET"]}}],"collection":[{"href":"https:\/\/pm-consulting.cl\/inicio\/wp-json\/wp\/v2\/pages"}],"about":[{"href":"https:\/\/pm-consulting.cl\/inicio\/wp-json\/wp\/v2\/types\/page"}],"author":[{"embeddable":true,"href":"https:\/\/pm-consulting.cl\/inicio\/wp-json\/wp\/v2\/users\/2"}],"replies":[{"embeddable":true,"href":"https:\/\/pm-consulting.cl\/inicio\/wp-json\/wp\/v2\/comments?post=2524"}],"version-history":[{"count":19,"href":"https:\/\/pm-consulting.cl\/inicio\/wp-json\/wp\/v2\/pages\/2524\/revisions"}],"predecessor-version":[{"id":3053,"href":"https:\/\/pm-consulting.cl\/inicio\/wp-json\/wp\/v2\/pages\/2524\/revisions\/3053"}],"wp:attachment":[{"href":"https:\/\/pm-consulting.cl\/inicio\/wp-json\/wp\/v2\/media?parent=2524"}],"curies":[{"name":"wp","href":"https:\/\/api.w.org\/{rel}","templated":true}]}}