{"id":2831,"date":"2022-08-26T08:11:10","date_gmt":"2022-08-26T12:11:10","guid":{"rendered":"https:\/\/pm-consulting.cl\/inicio\/?page_id=2831"},"modified":"2022-08-26T08:20:25","modified_gmt":"2022-08-26T12:20:25","slug":"incubadoras","status":"publish","type":"page","link":"https:\/\/pm-consulting.cl\/inicio\/incubadoras\/","title":{"rendered":"INCUBADORAS"},"content":{"rendered":"\t\t<div data-elementor-type=\"wp-page\" data-elementor-id=\"2831\" class=\"elementor elementor-2831\">\n\t\t\t\t\t\t<section class=\"elementor-section elementor-top-section elementor-element elementor-element-88b4fac elementor-section-full_width elementor-section-height-default elementor-section-height-default wpr-particle-no wpr-jarallax-no wpr-parallax-no wpr-sticky-section-no wpr-equal-height-no\" data-id=\"88b4fac\" data-element_type=\"section\" data-e-type=\"section\">\n\t\t\t\t\t\t<div class=\"elementor-container elementor-column-gap-default\">\n\t\t\t\t\t<div class=\"elementor-column elementor-col-100 elementor-top-column elementor-element elementor-element-29a491e\" data-id=\"29a491e\" data-element_type=\"column\" data-e-type=\"column\">\n\t\t\t<div class=\"elementor-widget-wrap elementor-element-populated\">\n\t\t\t\t\t\t<div class=\"elementor-element elementor-element-6593577 elementor-widget elementor-widget-heading\" data-id=\"6593577\" data-element_type=\"widget\" data-e-type=\"widget\" data-widget_type=\"heading.default\">\n\t\t\t\t<div class=\"elementor-widget-container\">\n\t\t\t\t\t<h2 class=\"elementor-heading-title elementor-size-default\">INCUBADORAS<\/h2>\t\t\t\t<\/div>\n\t\t\t\t<\/div>\n\t\t\t\t\t<\/div>\n\t\t<\/div>\n\t\t\t\t\t<\/div>\n\t\t<\/section>\n\t\t\t\t<section class=\"elementor-section elementor-top-section elementor-element elementor-element-9776891 elementor-section-full_width elementor-section-height-default elementor-section-height-default wpr-particle-no wpr-jarallax-no wpr-parallax-no wpr-sticky-section-no wpr-equal-height-no\" data-id=\"9776891\" data-element_type=\"section\" data-e-type=\"section\">\n\t\t\t\t\t\t<div class=\"elementor-container elementor-column-gap-default\">\n\t\t\t\t\t<div class=\"elementor-column elementor-col-100 elementor-top-column elementor-element elementor-element-ac9d012\" data-id=\"ac9d012\" data-element_type=\"column\" data-e-type=\"column\">\n\t\t\t<div class=\"elementor-widget-wrap elementor-element-populated\">\n\t\t\t\t\t\t<div class=\"elementor-element elementor-element-4245f47 elementor-widget elementor-widget-spacer\" data-id=\"4245f47\" data-element_type=\"widget\" data-e-type=\"widget\" data-widget_type=\"spacer.default\">\n\t\t\t\t<div class=\"elementor-widget-container\">\n\t\t\t\t\t\t\t<div class=\"elementor-spacer\">\n\t\t\t<div class=\"elementor-spacer-inner\"><\/div>\n\t\t<\/div>\n\t\t\t\t\t\t<\/div>\n\t\t\t\t<\/div>\n\t\t\t\t\t<\/div>\n\t\t<\/div>\n\t\t\t\t\t<\/div>\n\t\t<\/section>\n\t\t\t\t<section class=\"elementor-section elementor-top-section elementor-element elementor-element-ffeb8ab elementor-section-boxed elementor-section-height-default elementor-section-height-default wpr-particle-no wpr-jarallax-no wpr-parallax-no wpr-sticky-section-no wpr-equal-height-no\" data-id=\"ffeb8ab\" data-element_type=\"section\" data-e-type=\"section\">\n\t\t\t\t\t\t<div class=\"elementor-container elementor-column-gap-default\">\n\t\t\t\t\t<div class=\"elementor-column elementor-col-50 elementor-top-column elementor-element elementor-element-4c0cd6f\" data-id=\"4c0cd6f\" data-element_type=\"column\" data-e-type=\"column\">\n\t\t\t<div class=\"elementor-widget-wrap elementor-element-populated\">\n\t\t\t\t\t\t<div class=\"elementor-element elementor-element-7abe6e4 elementor-hidden-desktop elementor-hidden-tablet elementor-widget elementor-widget-heading\" data-id=\"7abe6e4\" data-element_type=\"widget\" data-e-type=\"widget\" data-widget_type=\"heading.default\">\n\t\t\t\t<div class=\"elementor-widget-container\">\n\t\t\t\t\t<h2 class=\"elementor-heading-title elementor-size-default\">DUAL INCU i<\/h2>\t\t\t\t<\/div>\n\t\t\t\t<\/div>\n\t\t\t\t<div class=\"elementor-element elementor-element-99fc2e0 elementor-widget elementor-widget-image\" data-id=\"99fc2e0\" data-element_type=\"widget\" data-e-type=\"widget\" data-widget_type=\"image.default\">\n\t\t\t\t<div class=\"elementor-widget-container\">\n\t\t\t\t\t\t\t\t\t\t\t\t\t\t\t<img decoding=\"async\" width=\"215\" height=\"215\" src=\"https:\/\/i0.wp.com\/pm-consulting.cl\/wp-content\/uploads\/2022\/08\/dualincui.png?fit=215%2C215&amp;ssl=1\" class=\"attachment-full size-full wp-image-1970\" alt=\"\" srcset=\"https:\/\/i0.wp.com\/pm-consulting.cl\/wp-content\/uploads\/2022\/08\/dualincui.png?w=215&amp;ssl=1 215w, https:\/\/i0.wp.com\/pm-consulting.cl\/wp-content\/uploads\/2022\/08\/dualincui.png?resize=150%2C150&amp;ssl=1 150w\" sizes=\"(max-width: 215px) 100vw, 215px\" \/>\t\t\t\t\t\t\t\t\t\t\t\t\t\t\t<\/div>\n\t\t\t\t<\/div>\n\t\t\t\t<div class=\"elementor-element elementor-element-f43c5af elementor-align-center elementor-widget elementor-widget-button\" data-id=\"f43c5af\" data-element_type=\"widget\" data-e-type=\"widget\" data-widget_type=\"button.default\">\n\t\t\t\t<div class=\"elementor-widget-container\">\n\t\t\t\t\t\t\t\t\t<div class=\"elementor-button-wrapper\">\n\t\t\t\t\t<a class=\"elementor-button elementor-button-link elementor-size-sm elementor-animation-grow\" href=\"https:\/\/pm-consulting.cl\/inicio\/dual-incu-i\/\">\n\t\t\t\t\t\t<span class=\"elementor-button-content-wrapper\">\n\t\t\t\t\t\t<span class=\"elementor-button-icon\">\n\t\t\t\t<i aria-hidden=\"true\" class=\"far fa-arrow-alt-circle-right\"><\/i>\t\t\t<\/span>\n\t\t\t\t\t\t\t\t\t<span class=\"elementor-button-text\">Ver Equipo<\/span>\n\t\t\t\t\t<\/span>\n\t\t\t\t\t<\/a>\n\t\t\t\t<\/div>\n\t\t\t\t\t\t\t\t<\/div>\n\t\t\t\t<\/div>\n\t\t\t\t\t<\/div>\n\t\t<\/div>\n\t\t\t\t<div class=\"elementor-column elementor-col-50 elementor-top-column elementor-element elementor-element-23dbd28\" data-id=\"23dbd28\" data-element_type=\"column\" data-e-type=\"column\">\n\t\t\t<div class=\"elementor-widget-wrap elementor-element-populated\">\n\t\t\t\t\t\t<div class=\"elementor-element elementor-element-463852f elementor-hidden-mobile elementor-widget elementor-widget-heading\" data-id=\"463852f\" data-element_type=\"widget\" data-e-type=\"widget\" data-widget_type=\"heading.default\">\n\t\t\t\t<div class=\"elementor-widget-container\">\n\t\t\t\t\t<h2 class=\"elementor-heading-title elementor-size-default\">DUAL INCU i<\/h2>\t\t\t\t<\/div>\n\t\t\t\t<\/div>\n\t\t\t\t<div class=\"elementor-element elementor-element-daf736e elementor-widget elementor-widget-text-editor\" data-id=\"daf736e\" data-element_type=\"widget\" data-e-type=\"widget\" data-widget_type=\"text-editor.default\">\n\t\t\t\t<div class=\"elementor-widget-container\">\n\t\t\t\t\t\t\t\t\t<p class=\"textcolumn\" style=\"margin: 0cm; line-height: 18.75pt;\"><span style=\"font-size: 13.5pt; font-family: 'Cambria',serif;\">Dual Incu i es una incubadora vers\u00e1til, de nueva generaci\u00f3n para Cuidados Intensivos, que al presionar un bot\u00f3n se transforma en una cuna de Procediemientos creando un nuevo concepto en atenci\u00f3n, flujo de trabajo, aprovechamiento del espacio y bienestar tanto para el paciente como para el propio personal m\u00e9dico. Se destaca por la minimizaci\u00f3n de ruido, el control \u00f3ptimo de la temperatura y humedad, y por su pantalla de control intuitiva de uso f\u00e1cil.<\/span><\/p>\t\t\t\t\t\t\t\t<\/div>\n\t\t\t\t<\/div>\n\t\t\t\t\t<\/div>\n\t\t<\/div>\n\t\t\t\t\t<\/div>\n\t\t<\/section>\n\t\t\t\t<section class=\"elementor-section elementor-top-section elementor-element elementor-element-39d5af4 elementor-section-full_width elementor-section-height-default elementor-section-height-default wpr-particle-no wpr-jarallax-no wpr-parallax-no wpr-sticky-section-no wpr-equal-height-no\" data-id=\"39d5af4\" data-element_type=\"section\" data-e-type=\"section\">\n\t\t\t\t\t\t<div class=\"elementor-container elementor-column-gap-default\">\n\t\t\t\t\t<div class=\"elementor-column elementor-col-100 elementor-top-column elementor-element elementor-element-e3951aa\" data-id=\"e3951aa\" data-element_type=\"column\" data-e-type=\"column\">\n\t\t\t<div class=\"elementor-widget-wrap elementor-element-populated\">\n\t\t\t\t\t\t<div class=\"elementor-element elementor-element-91b454f elementor-widget elementor-widget-spacer\" data-id=\"91b454f\" data-element_type=\"widget\" data-e-type=\"widget\" data-widget_type=\"spacer.default\">\n\t\t\t\t<div class=\"elementor-widget-container\">\n\t\t\t\t\t\t\t<div class=\"elementor-spacer\">\n\t\t\t<div class=\"elementor-spacer-inner\"><\/div>\n\t\t<\/div>\n\t\t\t\t\t\t<\/div>\n\t\t\t\t<\/div>\n\t\t\t\t\t<\/div>\n\t\t<\/div>\n\t\t\t\t\t<\/div>\n\t\t<\/section>\n\t\t\t\t<section class=\"elementor-section elementor-top-section elementor-element elementor-element-ea60a0a elementor-section-boxed elementor-section-height-default elementor-section-height-default wpr-particle-no wpr-jarallax-no wpr-parallax-no wpr-sticky-section-no wpr-equal-height-no\" data-id=\"ea60a0a\" data-element_type=\"section\" data-e-type=\"section\">\n\t\t\t\t\t\t<div class=\"elementor-container elementor-column-gap-default\">\n\t\t\t\t\t<div class=\"elementor-column elementor-col-50 elementor-top-column elementor-element elementor-element-684072a\" data-id=\"684072a\" data-element_type=\"column\" data-e-type=\"column\">\n\t\t\t<div class=\"elementor-widget-wrap elementor-element-populated\">\n\t\t\t\t\t\t<div class=\"elementor-element elementor-element-f16cc4e elementor-hidden-desktop elementor-hidden-tablet elementor-widget elementor-widget-heading\" data-id=\"f16cc4e\" data-element_type=\"widget\" data-e-type=\"widget\" data-widget_type=\"heading.default\">\n\t\t\t\t<div class=\"elementor-widget-container\">\n\t\t\t\t\t<h2 class=\"elementor-heading-title elementor-size-default\">INCU ARCH<\/h2>\t\t\t\t<\/div>\n\t\t\t\t<\/div>\n\t\t\t\t<div class=\"elementor-element elementor-element-e14120f elementor-widget elementor-widget-image\" data-id=\"e14120f\" data-element_type=\"widget\" data-e-type=\"widget\" data-widget_type=\"image.default\">\n\t\t\t\t<div class=\"elementor-widget-container\">\n\t\t\t\t\t\t\t\t\t\t\t\t\t\t\t<img decoding=\"async\" width=\"215\" height=\"215\" src=\"https:\/\/i0.wp.com\/pm-consulting.cl\/wp-content\/uploads\/2022\/08\/incuarch-dual-incu-i-atom-transporte.png?fit=215%2C215&amp;ssl=1\" class=\"attachment-full size-full wp-image-1971\" alt=\"\" srcset=\"https:\/\/i0.wp.com\/pm-consulting.cl\/wp-content\/uploads\/2022\/08\/incuarch-dual-incu-i-atom-transporte.png?w=215&amp;ssl=1 215w, https:\/\/i0.wp.com\/pm-consulting.cl\/wp-content\/uploads\/2022\/08\/incuarch-dual-incu-i-atom-transporte.png?resize=150%2C150&amp;ssl=1 150w\" sizes=\"(max-width: 215px) 100vw, 215px\" \/>\t\t\t\t\t\t\t\t\t\t\t\t\t\t\t<\/div>\n\t\t\t\t<\/div>\n\t\t\t\t<div class=\"elementor-element elementor-element-e5b60be elementor-align-center elementor-widget elementor-widget-button\" data-id=\"e5b60be\" data-element_type=\"widget\" data-e-type=\"widget\" data-widget_type=\"button.default\">\n\t\t\t\t<div class=\"elementor-widget-container\">\n\t\t\t\t\t\t\t\t\t<div class=\"elementor-button-wrapper\">\n\t\t\t\t\t<a class=\"elementor-button elementor-button-link elementor-size-sm elementor-animation-grow\" href=\"https:\/\/pm-consulting.cl\/inicio\/incu-arch\/\">\n\t\t\t\t\t\t<span class=\"elementor-button-content-wrapper\">\n\t\t\t\t\t\t<span class=\"elementor-button-icon\">\n\t\t\t\t<i aria-hidden=\"true\" class=\"far fa-arrow-alt-circle-right\"><\/i>\t\t\t<\/span>\n\t\t\t\t\t\t\t\t\t<span class=\"elementor-button-text\">Ver Equipo<\/span>\n\t\t\t\t\t<\/span>\n\t\t\t\t\t<\/a>\n\t\t\t\t<\/div>\n\t\t\t\t\t\t\t\t<\/div>\n\t\t\t\t<\/div>\n\t\t\t\t\t<\/div>\n\t\t<\/div>\n\t\t\t\t<div class=\"elementor-column elementor-col-50 elementor-top-column elementor-element elementor-element-d6c1c3a\" data-id=\"d6c1c3a\" data-element_type=\"column\" data-e-type=\"column\">\n\t\t\t<div class=\"elementor-widget-wrap elementor-element-populated\">\n\t\t\t\t\t\t<div class=\"elementor-element elementor-element-5eb414d elementor-hidden-mobile elementor-widget elementor-widget-heading\" data-id=\"5eb414d\" data-element_type=\"widget\" data-e-type=\"widget\" data-widget_type=\"heading.default\">\n\t\t\t\t<div class=\"elementor-widget-container\">\n\t\t\t\t\t<h2 class=\"elementor-heading-title elementor-size-default\">INCU ARCH<\/h2>\t\t\t\t<\/div>\n\t\t\t\t<\/div>\n\t\t\t\t<div class=\"elementor-element elementor-element-ceaa2a8 elementor-widget elementor-widget-text-editor\" data-id=\"ceaa2a8\" data-element_type=\"widget\" data-e-type=\"widget\" data-widget_type=\"text-editor.default\">\n\t\t\t\t<div class=\"elementor-widget-container\">\n\t\t\t\t\t\t\t\t\t<p style=\"margin: 0cm;\"><span style=\"font-size: 13.5pt; font-family: 'Cambria',serif;\">Esta incubadora permite un transporte r\u00e1pido y una asistencia avanzada en casos de urgencia. Aporta facilidad de tratamiento, movilidad y gran estabilidad, debido a su peso aproximado de 25 kg. y por contar con un sistema de Amortiguaci\u00f3n de goma, que reduce la vibraci\u00f3n del beb\u00e9 durante el traslado. Posee acceso en ambos lados de la incubadora y permite apertura casi completa de la c\u00fapula. La bater\u00eda dura 180 minutos \u00f3 360 minutos si se agreaga una bater\u00eda adicional.<\/span><\/p>\t\t\t\t\t\t\t\t<\/div>\n\t\t\t\t<\/div>\n\t\t\t\t\t<\/div>\n\t\t<\/div>\n\t\t\t\t\t<\/div>\n\t\t<\/section>\n\t\t\t\t<\/div>\n\t\t","protected":false},"excerpt":{"rendered":"<p>INCUBADORAS DUAL INCU i Ver Equipo DUAL INCU i Dual Incu i es una incubadora vers\u00e1til, de nueva generaci\u00f3n para Cuidados Intensivos, que al presionar un bot\u00f3n se transforma en una cuna de Procediemientos creando un nuevo concepto en atenci\u00f3n, flujo de trabajo, aprovechamiento del espacio y bienestar tanto para el paciente como para el propio personal m\u00e9dico. Se destaca por la minimizaci\u00f3n de ruido, el control \u00f3ptimo de la temperatura y humedad, y por su pantalla de control intuitiva de uso f\u00e1cil. INCU ARCH Ver Equipo INCU ARCH Esta incubadora permite un transporte r\u00e1pido y una asistencia avanzada en casos de urgencia. Aporta facilidad de tratamiento, movilidad y gran estabilidad, debido a su peso aproximado de 25 kg. y por contar con un sistema de Amortiguaci\u00f3n de goma, que reduce la vibraci\u00f3n del beb\u00e9 durante el traslado. Posee acceso en ambos lados de la incubadora y permite apertura casi completa de la c\u00fapula. La bater\u00eda dura 180 minutos \u00f3 360 minutos si se agreaga una bater\u00eda adicional.<\/p>\n","protected":false},"author":2,"featured_media":0,"parent":0,"menu_order":0,"comment_status":"closed","ping_status":"closed","template":"page-templates\/template-pagebuilder-full-width.php","meta":{"nf_dc_page":"","_monsterinsights_skip_tracking":false,"_monsterinsights_sitenote_active":false,"_monsterinsights_sitenote_note":"","_monsterinsights_sitenote_category":0,"neve_meta_sidebar":"","neve_meta_container":"","neve_meta_enable_content_width":"","neve_meta_content_width":0,"neve_meta_title_alignment":"","neve_meta_author_avatar":"","neve_post_elements_order":"","neve_meta_disable_header":"","neve_meta_disable_footer":"","neve_meta_disable_title":"","footnotes":""},"class_list":["post-2831","page","type-page","status-publish","hentry"],"jetpack_sharing_enabled":true,"_links":{"self":[{"href":"https:\/\/pm-consulting.cl\/inicio\/wp-json\/wp\/v2\/pages\/2831","targetHints":{"allow":["GET"]}}],"collection":[{"href":"https:\/\/pm-consulting.cl\/inicio\/wp-json\/wp\/v2\/pages"}],"about":[{"href":"https:\/\/pm-consulting.cl\/inicio\/wp-json\/wp\/v2\/types\/page"}],"author":[{"embeddable":true,"href":"https:\/\/pm-consulting.cl\/inicio\/wp-json\/wp\/v2\/users\/2"}],"replies":[{"embeddable":true,"href":"https:\/\/pm-consulting.cl\/inicio\/wp-json\/wp\/v2\/comments?post=2831"}],"version-history":[{"count":10,"href":"https:\/\/pm-consulting.cl\/inicio\/wp-json\/wp\/v2\/pages\/2831\/revisions"}],"predecessor-version":[{"id":2841,"href":"https:\/\/pm-consulting.cl\/inicio\/wp-json\/wp\/v2\/pages\/2831\/revisions\/2841"}],"wp:attachment":[{"href":"https:\/\/pm-consulting.cl\/inicio\/wp-json\/wp\/v2\/media?parent=2831"}],"curies":[{"name":"wp","href":"https:\/\/api.w.org\/{rel}","templated":true}]}}