{"id":3007,"date":"2022-08-26T12:22:27","date_gmt":"2022-08-26T16:22:27","guid":{"rendered":"https:\/\/pm-consulting.cl\/inicio\/?page_id=3007"},"modified":"2022-08-26T20:34:38","modified_gmt":"2022-08-27T00:34:38","slug":"inspiration-7i-flagship","status":"publish","type":"page","link":"https:\/\/pm-consulting.cl\/inicio\/inspiration-7i-flagship\/","title":{"rendered":"INSPIRATION 7i-FLAGSHIP"},"content":{"rendered":"\t\t<div data-elementor-type=\"wp-page\" data-elementor-id=\"3007\" class=\"elementor elementor-3007\">\n\t\t\t\t\t\t<section class=\"elementor-section elementor-top-section elementor-element elementor-element-ba081dc elementor-section-full_width elementor-section-height-default elementor-section-height-default wpr-particle-no wpr-jarallax-no wpr-parallax-no wpr-sticky-section-no wpr-equal-height-no\" data-id=\"ba081dc\" data-element_type=\"section\" data-e-type=\"section\">\n\t\t\t\t\t\t<div class=\"elementor-container elementor-column-gap-default\">\n\t\t\t\t\t<div class=\"elementor-column elementor-col-100 elementor-top-column elementor-element elementor-element-36bd6a7\" data-id=\"36bd6a7\" data-element_type=\"column\" data-e-type=\"column\">\n\t\t\t<div class=\"elementor-widget-wrap elementor-element-populated\">\n\t\t\t\t\t\t<div class=\"elementor-element elementor-element-cd2bac1 elementor-align-center elementor-widget elementor-widget-button\" data-id=\"cd2bac1\" data-element_type=\"widget\" data-e-type=\"widget\" data-widget_type=\"button.default\">\n\t\t\t\t<div class=\"elementor-widget-container\">\n\t\t\t\t\t\t\t\t\t<div class=\"elementor-button-wrapper\">\n\t\t\t\t\t<a class=\"elementor-button elementor-button-link elementor-size-sm elementor-animation-grow\" href=\"https:\/\/pm-consulting.cl\/wp-content\/uploads\/2022\/08\/ML0179_Rev_J-7I.pdf\" target=\"_blank\">\n\t\t\t\t\t\t<span class=\"elementor-button-content-wrapper\">\n\t\t\t\t\t\t\t\t\t<span class=\"elementor-button-text\">Ver Cat\u00e1logo<\/span>\n\t\t\t\t\t<\/span>\n\t\t\t\t\t<\/a>\n\t\t\t\t<\/div>\n\t\t\t\t\t\t\t\t<\/div>\n\t\t\t\t<\/div>\n\t\t\t\t\t<\/div>\n\t\t<\/div>\n\t\t\t\t\t<\/div>\n\t\t<\/section>\n\t\t\t\t<section class=\"elementor-section elementor-top-section elementor-element elementor-element-a3d33ab elementor-section-boxed elementor-section-height-default elementor-section-height-default wpr-particle-no wpr-jarallax-no wpr-parallax-no wpr-sticky-section-no wpr-equal-height-no\" data-id=\"a3d33ab\" data-element_type=\"section\" data-e-type=\"section\">\n\t\t\t\t\t\t<div class=\"elementor-container elementor-column-gap-default\">\n\t\t\t\t\t<div class=\"elementor-column elementor-col-50 elementor-top-column elementor-element elementor-element-ae6cd13\" data-id=\"ae6cd13\" data-element_type=\"column\" data-e-type=\"column\">\n\t\t\t<div class=\"elementor-widget-wrap elementor-element-populated\">\n\t\t\t\t\t\t<div class=\"elementor-element elementor-element-e5c51ba elementor-widget elementor-widget-image\" data-id=\"e5c51ba\" data-element_type=\"widget\" data-e-type=\"widget\" data-widget_type=\"image.default\">\n\t\t\t\t<div class=\"elementor-widget-container\">\n\t\t\t\t\t\t\t\t\t\t\t\t\t\t\t<img fetchpriority=\"high\" decoding=\"async\" width=\"340\" height=\"750\" src=\"https:\/\/i0.wp.com\/pm-consulting.cl\/wp-content\/uploads\/2022\/08\/7iFLAGSHIP.jpg?fit=340%2C750&amp;ssl=1\" class=\"attachment-large size-large wp-image-2513\" alt=\"\" srcset=\"https:\/\/i0.wp.com\/pm-consulting.cl\/wp-content\/uploads\/2022\/08\/7iFLAGSHIP.jpg?w=340&amp;ssl=1 340w, https:\/\/i0.wp.com\/pm-consulting.cl\/wp-content\/uploads\/2022\/08\/7iFLAGSHIP.jpg?resize=136%2C300&amp;ssl=1 136w\" sizes=\"(max-width: 340px) 100vw, 340px\" \/>\t\t\t\t\t\t\t\t\t\t\t\t\t\t\t<\/div>\n\t\t\t\t<\/div>\n\t\t\t\t\t<\/div>\n\t\t<\/div>\n\t\t\t\t<div class=\"elementor-column elementor-col-50 elementor-top-column elementor-element elementor-element-7b46c79\" data-id=\"7b46c79\" data-element_type=\"column\" data-e-type=\"column\">\n\t\t\t<div class=\"elementor-widget-wrap elementor-element-populated\">\n\t\t\t\t\t\t<div class=\"elementor-element elementor-element-1bab488 elementor-widget elementor-widget-heading\" data-id=\"1bab488\" data-element_type=\"widget\" data-e-type=\"widget\" data-widget_type=\"heading.default\">\n\t\t\t\t<div class=\"elementor-widget-container\">\n\t\t\t\t\t<h5 class=\"elementor-heading-title elementor-size-default\">VENTILADOR INSPIRATION 7i-FLAGSHIP<\/h5>\t\t\t\t<\/div>\n\t\t\t\t<\/div>\n\t\t\t\t<div class=\"elementor-element elementor-element-82e442b elementor-widget elementor-widget-text-editor\" data-id=\"82e442b\" data-element_type=\"widget\" data-e-type=\"widget\" data-widget_type=\"text-editor.default\">\n\t\t\t\t<div class=\"elementor-widget-container\">\n\t\t\t\t\t\t\t\t\t<ul><li>Bajo costo de propiedad\u00a0<\/li><li>PSOL de alto rendimiento y exhalaci\u00f3n activa<\/li><li>Gr\u00e1ficos completos y tendencias con marcadores de eventos<\/li><li>Infante hasta adulto<\/li><li>Invasivo y no invasivo<\/li><li>NCPAP controlado por retroalimentaci\u00f3n y PAPNC+<\/li><li>Transporte de pacientes intrahospitalario<\/li><li>Visualizaci\u00f3n remota de Intranet e Internet<\/li><li>Excelente gesti\u00f3n de Heliox<\/li><\/ul>\t\t\t\t\t\t\t\t<\/div>\n\t\t\t\t<\/div>\n\t\t\t\t\t<\/div>\n\t\t<\/div>\n\t\t\t\t\t<\/div>\n\t\t<\/section>\n\t\t\t\t<section class=\"elementor-section elementor-top-section elementor-element elementor-element-dc9199a elementor-section-boxed elementor-section-height-default elementor-section-height-default wpr-particle-no wpr-jarallax-no wpr-parallax-no wpr-sticky-section-no wpr-equal-height-no\" data-id=\"dc9199a\" data-element_type=\"section\" data-e-type=\"section\">\n\t\t\t\t\t\t<div class=\"elementor-container elementor-column-gap-default\">\n\t\t\t\t\t<div class=\"elementor-column elementor-col-100 elementor-top-column elementor-element elementor-element-2baad3f\" data-id=\"2baad3f\" data-element_type=\"column\" data-e-type=\"column\">\n\t\t\t<div class=\"elementor-widget-wrap elementor-element-populated\">\n\t\t\t\t\t\t<div class=\"elementor-element elementor-element-f7fefa6 elementor-widget elementor-widget-spacer\" data-id=\"f7fefa6\" data-element_type=\"widget\" data-e-type=\"widget\" data-widget_type=\"spacer.default\">\n\t\t\t\t<div class=\"elementor-widget-container\">\n\t\t\t\t\t\t\t<div class=\"elementor-spacer\">\n\t\t\t<div class=\"elementor-spacer-inner\"><\/div>\n\t\t<\/div>\n\t\t\t\t\t\t<\/div>\n\t\t\t\t<\/div>\n\t\t\t\t\t<\/div>\n\t\t<\/div>\n\t\t\t\t\t<\/div>\n\t\t<\/section>\n\t\t\t\t<\/div>\n\t\t","protected":false},"excerpt":{"rendered":"<p>Ver Cat\u00e1logo VENTILADOR INSPIRATION 7i-FLAGSHIP Bajo costo de propiedad\u00a0 PSOL de alto rendimiento y exhalaci\u00f3n activa Gr\u00e1ficos completos y tendencias con marcadores de eventos Infante hasta adulto Invasivo y no invasivo NCPAP controlado por retroalimentaci\u00f3n y PAPNC+ Transporte de pacientes intrahospitalario Visualizaci\u00f3n remota de Intranet e Internet Excelente gesti\u00f3n de Heliox<\/p>\n","protected":false},"author":2,"featured_media":0,"parent":0,"menu_order":0,"comment_status":"closed","ping_status":"closed","template":"page-templates\/template-pagebuilder-full-width.php","meta":{"nf_dc_page":"","_monsterinsights_skip_tracking":false,"_monsterinsights_sitenote_active":false,"_monsterinsights_sitenote_note":"","_monsterinsights_sitenote_category":0,"neve_meta_sidebar":"","neve_meta_container":"","neve_meta_enable_content_width":"","neve_meta_content_width":0,"neve_meta_title_alignment":"","neve_meta_author_avatar":"","neve_post_elements_order":"","neve_meta_disable_header":"","neve_meta_disable_footer":"","neve_meta_disable_title":"","footnotes":""},"class_list":["post-3007","page","type-page","status-publish","hentry"],"jetpack_sharing_enabled":true,"_links":{"self":[{"href":"https:\/\/pm-consulting.cl\/inicio\/wp-json\/wp\/v2\/pages\/3007","targetHints":{"allow":["GET"]}}],"collection":[{"href":"https:\/\/pm-consulting.cl\/inicio\/wp-json\/wp\/v2\/pages"}],"about":[{"href":"https:\/\/pm-consulting.cl\/inicio\/wp-json\/wp\/v2\/types\/page"}],"author":[{"embeddable":true,"href":"https:\/\/pm-consulting.cl\/inicio\/wp-json\/wp\/v2\/users\/2"}],"replies":[{"embeddable":true,"href":"https:\/\/pm-consulting.cl\/inicio\/wp-json\/wp\/v2\/comments?post=3007"}],"version-history":[{"count":19,"href":"https:\/\/pm-consulting.cl\/inicio\/wp-json\/wp\/v2\/pages\/3007\/revisions"}],"predecessor-version":[{"id":3550,"href":"https:\/\/pm-consulting.cl\/inicio\/wp-json\/wp\/v2\/pages\/3007\/revisions\/3550"}],"wp:attachment":[{"href":"https:\/\/pm-consulting.cl\/inicio\/wp-json\/wp\/v2\/media?parent=3007"}],"curies":[{"name":"wp","href":"https:\/\/api.w.org\/{rel}","templated":true}]}}