{"id":3088,"date":"2022-08-26T14:31:20","date_gmt":"2022-08-26T18:31:20","guid":{"rendered":"https:\/\/pm-consulting.cl\/inicio\/?page_id=3088"},"modified":"2022-08-26T16:02:30","modified_gmt":"2022-08-26T20:02:30","slug":"eeg","status":"publish","type":"page","link":"https:\/\/pm-consulting.cl\/inicio\/eeg\/","title":{"rendered":"EEG"},"content":{"rendered":"\t\t<div data-elementor-type=\"wp-page\" data-elementor-id=\"3088\" class=\"elementor elementor-3088\">\n\t\t\t\t\t\t<section class=\"elementor-section elementor-top-section elementor-element elementor-element-180e321 elementor-section-boxed elementor-section-height-default elementor-section-height-default wpr-particle-no wpr-jarallax-no wpr-parallax-no wpr-sticky-section-no wpr-equal-height-no\" data-id=\"180e321\" data-element_type=\"section\" data-e-type=\"section\">\n\t\t\t\t\t\t<div class=\"elementor-container elementor-column-gap-default\">\n\t\t\t\t\t<div class=\"elementor-column elementor-col-100 elementor-top-column elementor-element elementor-element-94661dc\" data-id=\"94661dc\" data-element_type=\"column\" data-e-type=\"column\">\n\t\t\t<div class=\"elementor-widget-wrap elementor-element-populated\">\n\t\t\t\t\t\t<div class=\"elementor-element elementor-element-d7e1f35 elementor-widget elementor-widget-heading\" data-id=\"d7e1f35\" data-element_type=\"widget\" data-e-type=\"widget\" data-widget_type=\"heading.default\">\n\t\t\t\t<div class=\"elementor-widget-container\">\n\t\t\t\t\t<h2 class=\"elementor-heading-title elementor-size-default\">EQUIPOS ELECTROENCEFAL\u00d3GRAFOS<\/h2>\t\t\t\t<\/div>\n\t\t\t\t<\/div>\n\t\t\t\t\t<\/div>\n\t\t<\/div>\n\t\t\t\t\t<\/div>\n\t\t<\/section>\n\t\t\t\t<section class=\"elementor-section elementor-top-section elementor-element elementor-element-71681b1 elementor-section-boxed elementor-section-height-default elementor-section-height-default wpr-particle-no wpr-jarallax-no wpr-parallax-no wpr-sticky-section-no wpr-equal-height-no\" data-id=\"71681b1\" data-element_type=\"section\" data-e-type=\"section\">\n\t\t\t\t\t\t<div class=\"elementor-container elementor-column-gap-default\">\n\t\t\t\t\t<div class=\"elementor-column elementor-col-100 elementor-top-column elementor-element elementor-element-6e177e2\" data-id=\"6e177e2\" data-element_type=\"column\" data-e-type=\"column\">\n\t\t\t<div class=\"elementor-widget-wrap elementor-element-populated\">\n\t\t\t\t\t\t<div class=\"elementor-element elementor-element-6f130a0 elementor-widget elementor-widget-spacer\" data-id=\"6f130a0\" data-element_type=\"widget\" data-e-type=\"widget\" data-widget_type=\"spacer.default\">\n\t\t\t\t<div class=\"elementor-widget-container\">\n\t\t\t\t\t\t\t<div class=\"elementor-spacer\">\n\t\t\t<div class=\"elementor-spacer-inner\"><\/div>\n\t\t<\/div>\n\t\t\t\t\t\t<\/div>\n\t\t\t\t<\/div>\n\t\t\t\t\t<\/div>\n\t\t<\/div>\n\t\t\t\t\t<\/div>\n\t\t<\/section>\n\t\t\t\t<section class=\"elementor-section elementor-top-section elementor-element elementor-element-7bd80d1 elementor-section-boxed elementor-section-height-default elementor-section-height-default wpr-particle-no wpr-jarallax-no wpr-parallax-no wpr-sticky-section-no wpr-equal-height-no\" data-id=\"7bd80d1\" data-element_type=\"section\" data-e-type=\"section\">\n\t\t\t\t\t\t<div class=\"elementor-container elementor-column-gap-default\">\n\t\t\t\t\t<div class=\"elementor-column elementor-col-50 elementor-top-column elementor-element elementor-element-4c09941\" data-id=\"4c09941\" data-element_type=\"column\" data-e-type=\"column\">\n\t\t\t<div class=\"elementor-widget-wrap elementor-element-populated\">\n\t\t\t\t\t\t<div class=\"elementor-element elementor-element-b08f527 elementor-hidden-desktop elementor-hidden-tablet elementor-widget elementor-widget-heading\" data-id=\"b08f527\" data-element_type=\"widget\" data-e-type=\"widget\" data-widget_type=\"heading.default\">\n\t\t\t\t<div class=\"elementor-widget-container\">\n\t\t\t\t\t<h2 class=\"elementor-heading-title elementor-size-default\">SIENNA EEG<\/h2>\t\t\t\t<\/div>\n\t\t\t\t<\/div>\n\t\t\t\t<div class=\"elementor-element elementor-element-aa7a95b elementor-widget elementor-widget-image\" data-id=\"aa7a95b\" data-element_type=\"widget\" data-e-type=\"widget\" data-widget_type=\"image.default\">\n\t\t\t\t<div class=\"elementor-widget-container\">\n\t\t\t\t\t\t\t\t\t\t\t\t\t\t\t<img fetchpriority=\"high\" decoding=\"async\" width=\"200\" height=\"300\" src=\"https:\/\/i0.wp.com\/pm-consulting.cl\/wp-content\/uploads\/2022\/08\/SIENNA-EEG-2-1.jpg?fit=200%2C300&amp;ssl=1\" class=\"attachment-medium size-medium wp-image-3091\" alt=\"\" srcset=\"https:\/\/i0.wp.com\/pm-consulting.cl\/wp-content\/uploads\/2022\/08\/SIENNA-EEG-2-1.jpg?w=500&amp;ssl=1 500w, https:\/\/i0.wp.com\/pm-consulting.cl\/wp-content\/uploads\/2022\/08\/SIENNA-EEG-2-1.jpg?resize=200%2C300&amp;ssl=1 200w\" sizes=\"(max-width: 200px) 100vw, 200px\" \/>\t\t\t\t\t\t\t\t\t\t\t\t\t\t\t<\/div>\n\t\t\t\t<\/div>\n\t\t\t\t<div class=\"elementor-element elementor-element-bd512e0 elementor-align-center elementor-widget elementor-widget-button\" data-id=\"bd512e0\" data-element_type=\"widget\" data-e-type=\"widget\" data-widget_type=\"button.default\">\n\t\t\t\t<div class=\"elementor-widget-container\">\n\t\t\t\t\t\t\t\t\t<div class=\"elementor-button-wrapper\">\n\t\t\t\t\t<a class=\"elementor-button elementor-button-link elementor-size-sm elementor-animation-grow\" href=\"https:\/\/pm-consulting.cl\/inicio\/sienna-eeg\/\">\n\t\t\t\t\t\t<span class=\"elementor-button-content-wrapper\">\n\t\t\t\t\t\t<span class=\"elementor-button-icon\">\n\t\t\t\t<i aria-hidden=\"true\" class=\"far fa-arrow-alt-circle-right\"><\/i>\t\t\t<\/span>\n\t\t\t\t\t\t\t\t\t<span class=\"elementor-button-text\">Ver equipos<\/span>\n\t\t\t\t\t<\/span>\n\t\t\t\t\t<\/a>\n\t\t\t\t<\/div>\n\t\t\t\t\t\t\t\t<\/div>\n\t\t\t\t<\/div>\n\t\t\t\t\t<\/div>\n\t\t<\/div>\n\t\t\t\t<div class=\"elementor-column elementor-col-50 elementor-top-column elementor-element elementor-element-142a046\" data-id=\"142a046\" data-element_type=\"column\" data-e-type=\"column\">\n\t\t\t<div class=\"elementor-widget-wrap elementor-element-populated\">\n\t\t\t\t\t\t<div class=\"elementor-element elementor-element-9de1370 elementor-hidden-mobile elementor-widget elementor-widget-heading\" data-id=\"9de1370\" data-element_type=\"widget\" data-e-type=\"widget\" data-widget_type=\"heading.default\">\n\t\t\t\t<div class=\"elementor-widget-container\">\n\t\t\t\t\t<h2 class=\"elementor-heading-title elementor-size-default\">SIENNA EEG<\/h2>\t\t\t\t<\/div>\n\t\t\t\t<\/div>\n\t\t\t\t<div class=\"elementor-element elementor-element-ba21b61 elementor-widget elementor-widget-text-editor\" data-id=\"ba21b61\" data-element_type=\"widget\" data-e-type=\"widget\" data-widget_type=\"text-editor.default\">\n\t\t\t\t<div class=\"elementor-widget-container\">\n\t\t\t\t\t\t\t\t\t<p>EEG digital moderno y f\u00e1cil de usar de 40, 80, 120, 160 canales desarrollado para estudios cl\u00ednicos de rutina. El sistema proporciona capacidades avanzadas de adquisici\u00f3n, an\u00e1lisis de revisi\u00f3n y monitoreo remoto que ofrecen una soluci\u00f3n completa para las aplicaciones de EEG digital. Sienna emplea una plataforma operativa com\u00fan que simplifica la operaci\u00f3n, aumenta la productividad y mejora el control de calidad. La filosof\u00eda de dise\u00f1o modular de Sienna garantiza flexibilidad y oportunidades de actualizaci\u00f3n con un conjunto completo de opciones de software y hardware.<\/p>\t\t\t\t\t\t\t\t<\/div>\n\t\t\t\t<\/div>\n\t\t\t\t\t<\/div>\n\t\t<\/div>\n\t\t\t\t\t<\/div>\n\t\t<\/section>\n\t\t\t\t<section class=\"elementor-section elementor-top-section elementor-element elementor-element-7dadacc elementor-section-boxed elementor-section-height-default elementor-section-height-default wpr-particle-no wpr-jarallax-no wpr-parallax-no wpr-sticky-section-no wpr-equal-height-no\" data-id=\"7dadacc\" data-element_type=\"section\" data-e-type=\"section\">\n\t\t\t\t\t\t<div class=\"elementor-container elementor-column-gap-default\">\n\t\t\t\t\t<div class=\"elementor-column elementor-col-100 elementor-top-column elementor-element elementor-element-152d7a4\" data-id=\"152d7a4\" data-element_type=\"column\" data-e-type=\"column\">\n\t\t\t<div class=\"elementor-widget-wrap elementor-element-populated\">\n\t\t\t\t\t\t<div class=\"elementor-element elementor-element-f6d98de elementor-widget elementor-widget-spacer\" data-id=\"f6d98de\" data-element_type=\"widget\" data-e-type=\"widget\" data-widget_type=\"spacer.default\">\n\t\t\t\t<div class=\"elementor-widget-container\">\n\t\t\t\t\t\t\t<div class=\"elementor-spacer\">\n\t\t\t<div class=\"elementor-spacer-inner\"><\/div>\n\t\t<\/div>\n\t\t\t\t\t\t<\/div>\n\t\t\t\t<\/div>\n\t\t\t\t\t<\/div>\n\t\t<\/div>\n\t\t\t\t\t<\/div>\n\t\t<\/section>\n\t\t\t\t<section class=\"elementor-section elementor-top-section elementor-element elementor-element-6c633a3 elementor-section-boxed elementor-section-height-default elementor-section-height-default wpr-particle-no wpr-jarallax-no wpr-parallax-no wpr-sticky-section-no wpr-equal-height-no\" data-id=\"6c633a3\" data-element_type=\"section\" data-e-type=\"section\">\n\t\t\t\t\t\t<div class=\"elementor-container elementor-column-gap-default\">\n\t\t\t\t\t<div class=\"elementor-column elementor-col-50 elementor-top-column elementor-element elementor-element-f77db97\" data-id=\"f77db97\" data-element_type=\"column\" data-e-type=\"column\">\n\t\t\t<div class=\"elementor-widget-wrap elementor-element-populated\">\n\t\t\t\t\t\t<div class=\"elementor-element elementor-element-542a639 elementor-hidden-desktop elementor-hidden-tablet elementor-widget elementor-widget-heading\" data-id=\"542a639\" data-element_type=\"widget\" data-e-type=\"widget\" data-widget_type=\"heading.default\">\n\t\t\t\t<div class=\"elementor-widget-container\">\n\t\t\t\t\t<h2 class=\"elementor-heading-title elementor-size-default\">SIENNA ULTIMATE EEG<\/h2>\t\t\t\t<\/div>\n\t\t\t\t<\/div>\n\t\t\t\t<div class=\"elementor-element elementor-element-567ad3e elementor-widget elementor-widget-image\" data-id=\"567ad3e\" data-element_type=\"widget\" data-e-type=\"widget\" data-widget_type=\"image.default\">\n\t\t\t\t<div class=\"elementor-widget-container\">\n\t\t\t\t\t\t\t\t\t\t\t\t\t\t\t<img decoding=\"async\" width=\"215\" height=\"215\" src=\"https:\/\/i0.wp.com\/pm-consulting.cl\/wp-content\/uploads\/2022\/08\/SIENNA-ULT-2-1.jpg?fit=215%2C215&amp;ssl=1\" class=\"attachment-medium size-medium wp-image-3112\" alt=\"\" srcset=\"https:\/\/i0.wp.com\/pm-consulting.cl\/wp-content\/uploads\/2022\/08\/SIENNA-ULT-2-1.jpg?w=215&amp;ssl=1 215w, https:\/\/i0.wp.com\/pm-consulting.cl\/wp-content\/uploads\/2022\/08\/SIENNA-ULT-2-1.jpg?resize=150%2C150&amp;ssl=1 150w\" sizes=\"(max-width: 215px) 100vw, 215px\" \/>\t\t\t\t\t\t\t\t\t\t\t\t\t\t\t<\/div>\n\t\t\t\t<\/div>\n\t\t\t\t<div class=\"elementor-element elementor-element-4b4e0c9 elementor-align-center elementor-widget elementor-widget-button\" data-id=\"4b4e0c9\" data-element_type=\"widget\" data-e-type=\"widget\" data-widget_type=\"button.default\">\n\t\t\t\t<div class=\"elementor-widget-container\">\n\t\t\t\t\t\t\t\t\t<div class=\"elementor-button-wrapper\">\n\t\t\t\t\t<a class=\"elementor-button elementor-button-link elementor-size-sm elementor-animation-grow\" href=\"https:\/\/pm-consulting.cl\/inicio\/sienna-ultimate-eeg\/\">\n\t\t\t\t\t\t<span class=\"elementor-button-content-wrapper\">\n\t\t\t\t\t\t<span class=\"elementor-button-icon\">\n\t\t\t\t<i aria-hidden=\"true\" class=\"far fa-arrow-alt-circle-right\"><\/i>\t\t\t<\/span>\n\t\t\t\t\t\t\t\t\t<span class=\"elementor-button-text\">Ver equipos<\/span>\n\t\t\t\t\t<\/span>\n\t\t\t\t\t<\/a>\n\t\t\t\t<\/div>\n\t\t\t\t\t\t\t\t<\/div>\n\t\t\t\t<\/div>\n\t\t\t\t\t<\/div>\n\t\t<\/div>\n\t\t\t\t<div class=\"elementor-column elementor-col-50 elementor-top-column elementor-element elementor-element-82f1c93\" data-id=\"82f1c93\" data-element_type=\"column\" data-e-type=\"column\">\n\t\t\t<div class=\"elementor-widget-wrap elementor-element-populated\">\n\t\t\t\t\t\t<div class=\"elementor-element elementor-element-2217e9d elementor-hidden-mobile elementor-widget elementor-widget-heading\" data-id=\"2217e9d\" data-element_type=\"widget\" data-e-type=\"widget\" data-widget_type=\"heading.default\">\n\t\t\t\t<div class=\"elementor-widget-container\">\n\t\t\t\t\t<h2 class=\"elementor-heading-title elementor-size-default\">SIENNA ULTIMATE EEG<\/h2>\t\t\t\t<\/div>\n\t\t\t\t<\/div>\n\t\t\t\t<div class=\"elementor-element elementor-element-3dac793 elementor-widget elementor-widget-text-editor\" data-id=\"3dac793\" data-element_type=\"widget\" data-e-type=\"widget\" data-widget_type=\"text-editor.default\">\n\t\t\t\t<div class=\"elementor-widget-container\">\n\t\t\t\t\t\t\t\t\t<p>SIENNA Ultimate: el amplificador h\u00edbrido LTM y EEG de EMS EMS Biomedical anuncia el primer amplificador electrofisiol\u00f3gico del mercado con una incre\u00edble resoluci\u00f3n de 32 bits y una frecuencia de muestreo de 1 MHz con tecnolog\u00eda SAR. La resoluci\u00f3n de la se\u00f1al para esta tecnolog\u00eda es de 50pV\/bit.<\/p>\t\t\t\t\t\t\t\t<\/div>\n\t\t\t\t<\/div>\n\t\t\t\t\t<\/div>\n\t\t<\/div>\n\t\t\t\t\t<\/div>\n\t\t<\/section>\n\t\t\t\t<section class=\"elementor-section elementor-top-section elementor-element elementor-element-69eb6b8 elementor-section-boxed elementor-section-height-default elementor-section-height-default wpr-particle-no wpr-jarallax-no wpr-parallax-no wpr-sticky-section-no wpr-equal-height-no\" data-id=\"69eb6b8\" data-element_type=\"section\" data-e-type=\"section\">\n\t\t\t\t\t\t<div class=\"elementor-container elementor-column-gap-default\">\n\t\t\t\t\t<div class=\"elementor-column elementor-col-100 elementor-top-column elementor-element elementor-element-28b9256\" data-id=\"28b9256\" data-element_type=\"column\" data-e-type=\"column\">\n\t\t\t<div class=\"elementor-widget-wrap elementor-element-populated\">\n\t\t\t\t\t\t<div class=\"elementor-element elementor-element-8adaa95 elementor-widget elementor-widget-spacer\" data-id=\"8adaa95\" data-element_type=\"widget\" data-e-type=\"widget\" data-widget_type=\"spacer.default\">\n\t\t\t\t<div class=\"elementor-widget-container\">\n\t\t\t\t\t\t\t<div class=\"elementor-spacer\">\n\t\t\t<div class=\"elementor-spacer-inner\"><\/div>\n\t\t<\/div>\n\t\t\t\t\t\t<\/div>\n\t\t\t\t<\/div>\n\t\t\t\t\t<\/div>\n\t\t<\/div>\n\t\t\t\t\t<\/div>\n\t\t<\/section>\n\t\t\t\t<section class=\"elementor-section elementor-top-section elementor-element elementor-element-e7fba73 elementor-section-boxed elementor-section-height-default elementor-section-height-default wpr-particle-no wpr-jarallax-no wpr-parallax-no wpr-sticky-section-no wpr-equal-height-no\" data-id=\"e7fba73\" data-element_type=\"section\" data-e-type=\"section\">\n\t\t\t\t\t\t<div class=\"elementor-container elementor-column-gap-default\">\n\t\t\t\t\t<div class=\"elementor-column elementor-col-50 elementor-top-column elementor-element elementor-element-aae62d9\" data-id=\"aae62d9\" data-element_type=\"column\" data-e-type=\"column\">\n\t\t\t<div class=\"elementor-widget-wrap elementor-element-populated\">\n\t\t\t\t\t\t<div class=\"elementor-element elementor-element-91e679b elementor-hidden-desktop elementor-hidden-tablet elementor-widget elementor-widget-heading\" data-id=\"91e679b\" data-element_type=\"widget\" data-e-type=\"widget\" data-widget_type=\"heading.default\">\n\t\t\t\t<div class=\"elementor-widget-container\">\n\t\t\t\t\t<h2 class=\"elementor-heading-title elementor-size-default\">UNIQUE CFM aEEG<\/h2>\t\t\t\t<\/div>\n\t\t\t\t<\/div>\n\t\t\t\t<div class=\"elementor-element elementor-element-f8c8178 elementor-widget elementor-widget-image\" data-id=\"f8c8178\" data-element_type=\"widget\" data-e-type=\"widget\" data-widget_type=\"image.default\">\n\t\t\t\t<div class=\"elementor-widget-container\">\n\t\t\t\t\t\t\t\t\t\t\t\t\t\t\t<img decoding=\"async\" width=\"150\" height=\"150\" src=\"https:\/\/i0.wp.com\/pm-consulting.cl\/wp-content\/uploads\/2022\/08\/UNIQUE-CFM-aEEG-1-2.png?resize=150%2C150&amp;ssl=1\" class=\"attachment-thumbnail size-thumbnail wp-image-2385\" alt=\"\" srcset=\"https:\/\/i0.wp.com\/pm-consulting.cl\/wp-content\/uploads\/2022\/08\/UNIQUE-CFM-aEEG-1-2.png?w=215&amp;ssl=1 215w, https:\/\/i0.wp.com\/pm-consulting.cl\/wp-content\/uploads\/2022\/08\/UNIQUE-CFM-aEEG-1-2.png?resize=150%2C150&amp;ssl=1 150w\" sizes=\"(max-width: 150px) 100vw, 150px\" \/>\t\t\t\t\t\t\t\t\t\t\t\t\t\t\t<\/div>\n\t\t\t\t<\/div>\n\t\t\t\t<div class=\"elementor-element elementor-element-6983b60 elementor-align-center elementor-widget elementor-widget-button\" data-id=\"6983b60\" data-element_type=\"widget\" data-e-type=\"widget\" data-widget_type=\"button.default\">\n\t\t\t\t<div class=\"elementor-widget-container\">\n\t\t\t\t\t\t\t\t\t<div class=\"elementor-button-wrapper\">\n\t\t\t\t\t<a class=\"elementor-button elementor-button-link elementor-size-sm elementor-animation-grow\" href=\"https:\/\/pm-consulting.cl\/inicio\/unique-cfm-aeeg\/\">\n\t\t\t\t\t\t<span class=\"elementor-button-content-wrapper\">\n\t\t\t\t\t\t<span class=\"elementor-button-icon\">\n\t\t\t\t<i aria-hidden=\"true\" class=\"far fa-arrow-alt-circle-right\"><\/i>\t\t\t<\/span>\n\t\t\t\t\t\t\t\t\t<span class=\"elementor-button-text\">Ver equipos<\/span>\n\t\t\t\t\t<\/span>\n\t\t\t\t\t<\/a>\n\t\t\t\t<\/div>\n\t\t\t\t\t\t\t\t<\/div>\n\t\t\t\t<\/div>\n\t\t\t\t\t<\/div>\n\t\t<\/div>\n\t\t\t\t<div class=\"elementor-column elementor-col-50 elementor-top-column elementor-element elementor-element-0acb633\" data-id=\"0acb633\" data-element_type=\"column\" data-e-type=\"column\">\n\t\t\t<div class=\"elementor-widget-wrap elementor-element-populated\">\n\t\t\t\t\t\t<div class=\"elementor-element elementor-element-47008a4 elementor-hidden-mobile elementor-widget elementor-widget-heading\" data-id=\"47008a4\" data-element_type=\"widget\" data-e-type=\"widget\" data-widget_type=\"heading.default\">\n\t\t\t\t<div class=\"elementor-widget-container\">\n\t\t\t\t\t<h2 class=\"elementor-heading-title elementor-size-default\">UNIQUE CFM aEEG<\/h2>\t\t\t\t<\/div>\n\t\t\t\t<\/div>\n\t\t\t\t<div class=\"elementor-element elementor-element-317658f elementor-widget elementor-widget-text-editor\" data-id=\"317658f\" data-element_type=\"widget\" data-e-type=\"widget\" data-widget_type=\"text-editor.default\">\n\t\t\t\t<div class=\"elementor-widget-container\">\n\t\t\t\t\t\t\t\t\t<p>MONITOR aEEG + VIDEO + REGISTRO Unique CFM es la nueva generaci\u00f3n de equipos de monitoreo de aEEG, ajust\u00e1ndose a todas las necesidades actuales de las unidades de cuidado intensivo: Monitoreo Unipolar, Monitoreo Bipolar, uso de electrodos de aguja o de higrogel, extracci\u00f3n de datos hacia cualquier PC, medici\u00f3n de ECG, opci\u00f3n de c\u00e1mara de video para monitoreo visual del paciente en tiempo continuo, software de procesamiento de datos, alarmas de par\u00e1metros ajustable, entre otras prestaciones.<\/p>\t\t\t\t\t\t\t\t<\/div>\n\t\t\t\t<\/div>\n\t\t\t\t\t<\/div>\n\t\t<\/div>\n\t\t\t\t\t<\/div>\n\t\t<\/section>\n\t\t\t\t<\/div>\n\t\t","protected":false},"excerpt":{"rendered":"<p>EQUIPOS ELECTROENCEFAL\u00d3GRAFOS SIENNA EEG Ver equipos SIENNA EEG EEG digital moderno y f\u00e1cil de usar de 40, 80, 120, 160 canales desarrollado para estudios cl\u00ednicos de rutina. El sistema proporciona capacidades avanzadas de adquisici\u00f3n, an\u00e1lisis de revisi\u00f3n y monitoreo remoto que ofrecen una soluci\u00f3n completa para las aplicaciones de EEG digital. Sienna emplea una plataforma operativa com\u00fan que simplifica la operaci\u00f3n, aumenta la productividad y mejora el control de calidad. La filosof\u00eda de dise\u00f1o modular de Sienna garantiza flexibilidad y oportunidades de actualizaci\u00f3n con un conjunto completo de opciones de software y hardware. SIENNA ULTIMATE EEG Ver equipos SIENNA ULTIMATE EEG SIENNA Ultimate: el amplificador h\u00edbrido LTM y EEG de EMS EMS Biomedical anuncia el primer amplificador electrofisiol\u00f3gico del mercado con una incre\u00edble resoluci\u00f3n de 32 bits y una frecuencia de muestreo de 1 MHz con tecnolog\u00eda SAR. La resoluci\u00f3n de la se\u00f1al para esta tecnolog\u00eda es de 50pV\/bit. UNIQUE CFM aEEG Ver equipos UNIQUE CFM aEEG MONITOR aEEG + VIDEO + REGISTRO Unique CFM es la nueva generaci\u00f3n de equipos de monitoreo de aEEG, ajust\u00e1ndose a todas las necesidades actuales de las unidades de cuidado intensivo: Monitoreo Unipolar, Monitoreo Bipolar, uso de electrodos de aguja o de higrogel, extracci\u00f3n de datos hacia cualquier PC, medici\u00f3n de ECG, opci\u00f3n de c\u00e1mara de video para monitoreo visual del paciente en tiempo continuo, software de procesamiento de datos, alarmas de par\u00e1metros ajustable, entre otras prestaciones.<\/p>\n","protected":false},"author":2,"featured_media":0,"parent":0,"menu_order":0,"comment_status":"closed","ping_status":"closed","template":"page-templates\/template-pagebuilder-full-width.php","meta":{"nf_dc_page":"","_monsterinsights_skip_tracking":false,"_monsterinsights_sitenote_active":false,"_monsterinsights_sitenote_note":"","_monsterinsights_sitenote_category":0,"neve_meta_sidebar":"","neve_meta_container":"","neve_meta_enable_content_width":"","neve_meta_content_width":0,"neve_meta_title_alignment":"","neve_meta_author_avatar":"","neve_post_elements_order":"","neve_meta_disable_header":"","neve_meta_disable_footer":"","neve_meta_disable_title":"","footnotes":""},"class_list":["post-3088","page","type-page","status-publish","hentry"],"jetpack_sharing_enabled":true,"_links":{"self":[{"href":"https:\/\/pm-consulting.cl\/inicio\/wp-json\/wp\/v2\/pages\/3088","targetHints":{"allow":["GET"]}}],"collection":[{"href":"https:\/\/pm-consulting.cl\/inicio\/wp-json\/wp\/v2\/pages"}],"about":[{"href":"https:\/\/pm-consulting.cl\/inicio\/wp-json\/wp\/v2\/types\/page"}],"author":[{"embeddable":true,"href":"https:\/\/pm-consulting.cl\/inicio\/wp-json\/wp\/v2\/users\/2"}],"replies":[{"embeddable":true,"href":"https:\/\/pm-consulting.cl\/inicio\/wp-json\/wp\/v2\/comments?post=3088"}],"version-history":[{"count":56,"href":"https:\/\/pm-consulting.cl\/inicio\/wp-json\/wp\/v2\/pages\/3088\/revisions"}],"predecessor-version":[{"id":3252,"href":"https:\/\/pm-consulting.cl\/inicio\/wp-json\/wp\/v2\/pages\/3088\/revisions\/3252"}],"wp:attachment":[{"href":"https:\/\/pm-consulting.cl\/inicio\/wp-json\/wp\/v2\/media?parent=3088"}],"curies":[{"name":"wp","href":"https:\/\/api.w.org\/{rel}","templated":true}]}}