{"id":3128,"date":"2022-08-26T14:58:45","date_gmt":"2022-08-26T18:58:45","guid":{"rendered":"https:\/\/pm-consulting.cl\/inicio\/?page_id=3128"},"modified":"2022-08-26T20:37:09","modified_gmt":"2022-08-27T00:37:09","slug":"sienna-eeg","status":"publish","type":"page","link":"https:\/\/pm-consulting.cl\/inicio\/sienna-eeg\/","title":{"rendered":"SIENNA EEG"},"content":{"rendered":"\t\t<div data-elementor-type=\"wp-page\" data-elementor-id=\"3128\" class=\"elementor elementor-3128\">\n\t\t\t\t\t\t<section class=\"elementor-section elementor-top-section elementor-element elementor-element-1462e8c elementor-section-boxed elementor-section-height-default elementor-section-height-default wpr-particle-no wpr-jarallax-no wpr-parallax-no wpr-sticky-section-no wpr-equal-height-no\" data-id=\"1462e8c\" data-element_type=\"section\" data-e-type=\"section\">\n\t\t\t\t\t\t<div class=\"elementor-container elementor-column-gap-default\">\n\t\t\t\t\t<div class=\"elementor-column elementor-col-100 elementor-top-column elementor-element elementor-element-52aa67e\" data-id=\"52aa67e\" data-element_type=\"column\" data-e-type=\"column\">\n\t\t\t<div class=\"elementor-widget-wrap elementor-element-populated\">\n\t\t\t\t\t\t<div class=\"elementor-element elementor-element-76b3ec3 elementor-align-center elementor-widget elementor-widget-button\" data-id=\"76b3ec3\" data-element_type=\"widget\" data-e-type=\"widget\" data-widget_type=\"button.default\">\n\t\t\t\t<div class=\"elementor-widget-container\">\n\t\t\t\t\t\t\t\t\t<div class=\"elementor-button-wrapper\">\n\t\t\t\t\t<a class=\"elementor-button elementor-button-link elementor-size-sm elementor-animation-grow\" href=\"#\" target=\"_blank\">\n\t\t\t\t\t\t<span class=\"elementor-button-content-wrapper\">\n\t\t\t\t\t\t\t\t\t<span class=\"elementor-button-text\">Ver Cat\u00e1logo<\/span>\n\t\t\t\t\t<\/span>\n\t\t\t\t\t<\/a>\n\t\t\t\t<\/div>\n\t\t\t\t\t\t\t\t<\/div>\n\t\t\t\t<\/div>\n\t\t\t\t\t<\/div>\n\t\t<\/div>\n\t\t\t\t\t<\/div>\n\t\t<\/section>\n\t\t\t\t<section class=\"elementor-section elementor-top-section elementor-element elementor-element-cfa1c2a elementor-section-boxed elementor-section-height-default elementor-section-height-default wpr-particle-no wpr-jarallax-no wpr-parallax-no wpr-sticky-section-no wpr-equal-height-no\" data-id=\"cfa1c2a\" data-element_type=\"section\" data-e-type=\"section\">\n\t\t\t\t\t\t<div class=\"elementor-container elementor-column-gap-default\">\n\t\t\t\t\t<div class=\"elementor-column elementor-col-50 elementor-top-column elementor-element elementor-element-d3ff8ab\" data-id=\"d3ff8ab\" data-element_type=\"column\" data-e-type=\"column\">\n\t\t\t<div class=\"elementor-widget-wrap elementor-element-populated\">\n\t\t\t\t\t\t<div class=\"elementor-element elementor-element-38249b1 elementor-widget elementor-widget-image\" data-id=\"38249b1\" data-element_type=\"widget\" data-e-type=\"widget\" data-widget_type=\"image.default\">\n\t\t\t\t<div class=\"elementor-widget-container\">\n\t\t\t\t\t\t\t\t\t\t\t\t\t\t\t<img fetchpriority=\"high\" decoding=\"async\" width=\"768\" height=\"1152\" src=\"https:\/\/i0.wp.com\/pm-consulting.cl\/wp-content\/uploads\/2022\/08\/SIENNA-EEG-1-1.jpg?fit=768%2C1152&amp;ssl=1\" class=\"attachment-medium_large size-medium_large wp-image-3083\" alt=\"\" srcset=\"https:\/\/i0.wp.com\/pm-consulting.cl\/wp-content\/uploads\/2022\/08\/SIENNA-EEG-1-1.jpg?w=800&amp;ssl=1 800w, https:\/\/i0.wp.com\/pm-consulting.cl\/wp-content\/uploads\/2022\/08\/SIENNA-EEG-1-1.jpg?resize=200%2C300&amp;ssl=1 200w, https:\/\/i0.wp.com\/pm-consulting.cl\/wp-content\/uploads\/2022\/08\/SIENNA-EEG-1-1.jpg?resize=683%2C1024&amp;ssl=1 683w, https:\/\/i0.wp.com\/pm-consulting.cl\/wp-content\/uploads\/2022\/08\/SIENNA-EEG-1-1.jpg?resize=768%2C1152&amp;ssl=1 768w\" sizes=\"(max-width: 768px) 100vw, 768px\" \/>\t\t\t\t\t\t\t\t\t\t\t\t\t\t\t<\/div>\n\t\t\t\t<\/div>\n\t\t\t\t\t<\/div>\n\t\t<\/div>\n\t\t\t\t<div class=\"elementor-column elementor-col-50 elementor-top-column elementor-element elementor-element-290b15e\" data-id=\"290b15e\" data-element_type=\"column\" data-e-type=\"column\">\n\t\t\t<div class=\"elementor-widget-wrap elementor-element-populated\">\n\t\t\t\t\t\t<div class=\"elementor-element elementor-element-b3d2130 elementor-widget elementor-widget-heading\" data-id=\"b3d2130\" data-element_type=\"widget\" data-e-type=\"widget\" data-widget_type=\"heading.default\">\n\t\t\t\t<div class=\"elementor-widget-container\">\n\t\t\t\t\t<h5 class=\"elementor-heading-title elementor-size-default\">SIENNA EEG<\/h5>\t\t\t\t<\/div>\n\t\t\t\t<\/div>\n\t\t\t\t<div class=\"elementor-element elementor-element-3ae442b elementor-widget elementor-widget-text-editor\" data-id=\"3ae442b\" data-element_type=\"widget\" data-e-type=\"widget\" data-widget_type=\"text-editor.default\">\n\t\t\t\t<div class=\"elementor-widget-container\">\n\t\t\t\t\t\t\t\t\t<ul><li><span style=\"background-color: var(--nv-site-bg); color: var(--nv-text-color); font-family: var(--bodyfontfamily),var(--nv-fallback-ff); font-size: var(--bodyfontsize); font-weight: var(--bodyfontweight); letter-spacing: var(--bodyletterspacing); text-transform: var(--bodytexttransform);\">Caracter\u00edsticas:<\/span><\/li><\/ul><div>\u00a0<\/div><ul><li>Dise\u00f1o de teclas de control en pantalla definible por el usuario para un acceso r\u00e1pido a la configuraci\u00f3n de par\u00e1metros y funciones de an\u00e1lisis.<\/li><li>Workflow Manager mejora la productividad al integrar tareas rutinarias.<\/li><li>Las pantallas de Adquisici\u00f3n y Revisi\u00f3n se pueden configurar de forma independiente.<\/li><li>Grabaci\u00f3n y revisi\u00f3n simult\u00e1neas en pantalla dividida.<\/li><li>Marque y archive los eventos seleccionados en un archivo.<\/li><li>Revise r\u00e1pidamente desde la lista de anotaciones, o por eventos o datos marcados por tiempo.<\/li><li>Supervisi\u00f3n remota, revisi\u00f3n y archivo a trav\u00e9s de LAN.<\/li><li>Generaci\u00f3n de informes completos.<\/li><li>Opcional, detecci\u00f3n autom\u00e1tica de picos y convulsiones.<\/li><li>EEG cuantitativo, an\u00e1lisis espectral, mapeo y opci\u00f3n de potenciales evocados.<\/li><li>Capacidades completas de polisomnograf\u00eda.<\/li><\/ul><p>Aplicaciones de software:<\/p><p>Software de registro y revisi\u00f3n<\/p><p>\u2022 V\u00eddeo digital de alta definici\u00f3n completa<br \/>\u2022 An\u00e1lisis de espectro FFT<br \/>\u2022 Matriz espectral comprimida<br \/>\u2022 Matriz de densidad comprimida<br \/>\u2022 Mapeo de amplitud<br \/>\u2022 Programa ERP<br \/>\u2022 Reproducci\u00f3n de sonido<br \/>\u2022 Programas de an\u00e1lisis avanzado<br \/>\u2022 Cumplimiento BESA<\/p><div>\u00a0<\/div>\t\t\t\t\t\t\t\t<\/div>\n\t\t\t\t<\/div>\n\t\t\t\t\t<\/div>\n\t\t<\/div>\n\t\t\t\t\t<\/div>\n\t\t<\/section>\n\t\t\t\t<section class=\"elementor-section elementor-top-section elementor-element elementor-element-4fae597 elementor-section-boxed elementor-section-height-default elementor-section-height-default wpr-particle-no wpr-jarallax-no wpr-parallax-no wpr-sticky-section-no wpr-equal-height-no\" data-id=\"4fae597\" data-element_type=\"section\" data-e-type=\"section\">\n\t\t\t\t\t\t<div class=\"elementor-container elementor-column-gap-default\">\n\t\t\t\t\t<div class=\"elementor-column elementor-col-100 elementor-top-column elementor-element elementor-element-9d8c49a\" data-id=\"9d8c49a\" data-element_type=\"column\" data-e-type=\"column\">\n\t\t\t<div class=\"elementor-widget-wrap elementor-element-populated\">\n\t\t\t\t\t\t<div class=\"elementor-element elementor-element-933230c elementor-widget elementor-widget-spacer\" data-id=\"933230c\" data-element_type=\"widget\" data-e-type=\"widget\" data-widget_type=\"spacer.default\">\n\t\t\t\t<div class=\"elementor-widget-container\">\n\t\t\t\t\t\t\t<div class=\"elementor-spacer\">\n\t\t\t<div class=\"elementor-spacer-inner\"><\/div>\n\t\t<\/div>\n\t\t\t\t\t\t<\/div>\n\t\t\t\t<\/div>\n\t\t\t\t\t<\/div>\n\t\t<\/div>\n\t\t\t\t\t<\/div>\n\t\t<\/section>\n\t\t\t\t<\/div>\n\t\t","protected":false},"excerpt":{"rendered":"<p>Ver Cat\u00e1logo SIENNA EEG Caracter\u00edsticas: \u00a0 Dise\u00f1o de teclas de control en pantalla definible por el usuario para un acceso r\u00e1pido a la configuraci\u00f3n de par\u00e1metros y funciones de an\u00e1lisis. Workflow Manager mejora la productividad al integrar tareas rutinarias. Las pantallas de Adquisici\u00f3n y Revisi\u00f3n se pueden configurar de forma independiente. Grabaci\u00f3n y revisi\u00f3n simult\u00e1neas en pantalla dividida. Marque y archive los eventos seleccionados en un archivo. Revise r\u00e1pidamente desde la lista de anotaciones, o por eventos o datos marcados por tiempo. Supervisi\u00f3n remota, revisi\u00f3n y archivo a trav\u00e9s de LAN. Generaci\u00f3n de informes completos. Opcional, detecci\u00f3n autom\u00e1tica de picos y convulsiones. EEG cuantitativo, an\u00e1lisis espectral, mapeo y opci\u00f3n de potenciales evocados. Capacidades completas de polisomnograf\u00eda. Aplicaciones de software: Software de registro y revisi\u00f3n \u2022 V\u00eddeo digital de alta definici\u00f3n completa\u2022 An\u00e1lisis de espectro FFT\u2022 Matriz espectral comprimida\u2022 Matriz de densidad comprimida\u2022 Mapeo de amplitud\u2022 Programa ERP\u2022 Reproducci\u00f3n de sonido\u2022 Programas de an\u00e1lisis avanzado\u2022 Cumplimiento BESA \u00a0<\/p>\n","protected":false},"author":2,"featured_media":0,"parent":0,"menu_order":0,"comment_status":"closed","ping_status":"closed","template":"page-templates\/template-pagebuilder-full-width.php","meta":{"nf_dc_page":"","_monsterinsights_skip_tracking":false,"_monsterinsights_sitenote_active":false,"_monsterinsights_sitenote_note":"","_monsterinsights_sitenote_category":0,"neve_meta_sidebar":"","neve_meta_container":"","neve_meta_enable_content_width":"","neve_meta_content_width":0,"neve_meta_title_alignment":"","neve_meta_author_avatar":"","neve_post_elements_order":"","neve_meta_disable_header":"","neve_meta_disable_footer":"","neve_meta_disable_title":"","footnotes":""},"class_list":["post-3128","page","type-page","status-publish","hentry"],"jetpack_sharing_enabled":true,"_links":{"self":[{"href":"https:\/\/pm-consulting.cl\/inicio\/wp-json\/wp\/v2\/pages\/3128","targetHints":{"allow":["GET"]}}],"collection":[{"href":"https:\/\/pm-consulting.cl\/inicio\/wp-json\/wp\/v2\/pages"}],"about":[{"href":"https:\/\/pm-consulting.cl\/inicio\/wp-json\/wp\/v2\/types\/page"}],"author":[{"embeddable":true,"href":"https:\/\/pm-consulting.cl\/inicio\/wp-json\/wp\/v2\/users\/2"}],"replies":[{"embeddable":true,"href":"https:\/\/pm-consulting.cl\/inicio\/wp-json\/wp\/v2\/comments?post=3128"}],"version-history":[{"count":22,"href":"https:\/\/pm-consulting.cl\/inicio\/wp-json\/wp\/v2\/pages\/3128\/revisions"}],"predecessor-version":[{"id":3562,"href":"https:\/\/pm-consulting.cl\/inicio\/wp-json\/wp\/v2\/pages\/3128\/revisions\/3562"}],"wp:attachment":[{"href":"https:\/\/pm-consulting.cl\/inicio\/wp-json\/wp\/v2\/media?parent=3128"}],"curies":[{"name":"wp","href":"https:\/\/api.w.org\/{rel}","templated":true}]}}