{"id":3147,"date":"2022-08-26T15:13:30","date_gmt":"2022-08-26T19:13:30","guid":{"rendered":"https:\/\/pm-consulting.cl\/inicio\/?page_id=3147"},"modified":"2022-08-29T18:01:21","modified_gmt":"2022-08-29T22:01:21","slug":"sienna-ultimate-eeg","status":"publish","type":"page","link":"https:\/\/pm-consulting.cl\/inicio\/sienna-ultimate-eeg\/","title":{"rendered":"SIENNA ULTIMATE EEG"},"content":{"rendered":"\t\t<div data-elementor-type=\"wp-page\" data-elementor-id=\"3147\" class=\"elementor elementor-3147\">\n\t\t\t\t\t\t<section class=\"elementor-section elementor-top-section elementor-element elementor-element-0082375 elementor-section-boxed elementor-section-height-default elementor-section-height-default wpr-particle-no wpr-jarallax-no wpr-parallax-no wpr-sticky-section-no wpr-equal-height-no\" data-id=\"0082375\" data-element_type=\"section\" data-e-type=\"section\">\n\t\t\t\t\t\t<div class=\"elementor-container elementor-column-gap-default\">\n\t\t\t\t\t<div class=\"elementor-column elementor-col-100 elementor-top-column elementor-element elementor-element-ef675bb\" data-id=\"ef675bb\" data-element_type=\"column\" data-e-type=\"column\">\n\t\t\t<div class=\"elementor-widget-wrap elementor-element-populated\">\n\t\t\t\t\t\t<div class=\"elementor-element elementor-element-289cf1c elementor-align-center elementor-widget elementor-widget-button\" data-id=\"289cf1c\" data-element_type=\"widget\" data-e-type=\"widget\" data-widget_type=\"button.default\">\n\t\t\t\t<div class=\"elementor-widget-container\">\n\t\t\t\t\t\t\t\t\t<div class=\"elementor-button-wrapper\">\n\t\t\t\t\t<a class=\"elementor-button elementor-button-link elementor-size-sm elementor-animation-grow\" href=\"https:\/\/pm-consulting.cl\/wp-content\/uploads\/2022\/08\/Brochure_Sienna-Ultimate-32bit.pdf\" target=\"_blank\">\n\t\t\t\t\t\t<span class=\"elementor-button-content-wrapper\">\n\t\t\t\t\t\t\t\t\t<span class=\"elementor-button-text\">Ver Cat\u00e1logo<\/span>\n\t\t\t\t\t<\/span>\n\t\t\t\t\t<\/a>\n\t\t\t\t<\/div>\n\t\t\t\t\t\t\t\t<\/div>\n\t\t\t\t<\/div>\n\t\t\t\t\t<\/div>\n\t\t<\/div>\n\t\t\t\t\t<\/div>\n\t\t<\/section>\n\t\t\t\t<section class=\"elementor-section elementor-top-section elementor-element elementor-element-97c61fb elementor-section-boxed elementor-section-height-default elementor-section-height-default wpr-particle-no wpr-jarallax-no wpr-parallax-no wpr-sticky-section-no wpr-equal-height-no\" data-id=\"97c61fb\" data-element_type=\"section\" data-e-type=\"section\">\n\t\t\t\t\t\t<div class=\"elementor-container elementor-column-gap-default\">\n\t\t\t\t\t<div class=\"elementor-column elementor-col-50 elementor-top-column elementor-element elementor-element-b2b3e82\" data-id=\"b2b3e82\" data-element_type=\"column\" data-e-type=\"column\">\n\t\t\t<div class=\"elementor-widget-wrap elementor-element-populated\">\n\t\t\t\t\t\t<div class=\"elementor-element elementor-element-ff3e3c6 elementor-widget elementor-widget-image\" data-id=\"ff3e3c6\" data-element_type=\"widget\" data-e-type=\"widget\" data-widget_type=\"image.default\">\n\t\t\t\t<div class=\"elementor-widget-container\">\n\t\t\t\t\t\t\t\t\t\t\t\t\t\t\t<img fetchpriority=\"high\" decoding=\"async\" width=\"500\" height=\"500\" src=\"https:\/\/i0.wp.com\/pm-consulting.cl\/wp-content\/uploads\/2022\/08\/SIENNA-ULT-2.jpg?fit=500%2C500&amp;ssl=1\" class=\"attachment-large size-large wp-image-3111\" alt=\"\" srcset=\"https:\/\/i0.wp.com\/pm-consulting.cl\/wp-content\/uploads\/2022\/08\/SIENNA-ULT-2.jpg?w=500&amp;ssl=1 500w, https:\/\/i0.wp.com\/pm-consulting.cl\/wp-content\/uploads\/2022\/08\/SIENNA-ULT-2.jpg?resize=300%2C300&amp;ssl=1 300w, https:\/\/i0.wp.com\/pm-consulting.cl\/wp-content\/uploads\/2022\/08\/SIENNA-ULT-2.jpg?resize=150%2C150&amp;ssl=1 150w\" sizes=\"(max-width: 500px) 100vw, 500px\" \/>\t\t\t\t\t\t\t\t\t\t\t\t\t\t\t<\/div>\n\t\t\t\t<\/div>\n\t\t\t\t\t<\/div>\n\t\t<\/div>\n\t\t\t\t<div class=\"elementor-column elementor-col-50 elementor-top-column elementor-element elementor-element-e9943a0\" data-id=\"e9943a0\" data-element_type=\"column\" data-e-type=\"column\">\n\t\t\t<div class=\"elementor-widget-wrap elementor-element-populated\">\n\t\t\t\t\t\t<div class=\"elementor-element elementor-element-26ee661 elementor-widget elementor-widget-heading\" data-id=\"26ee661\" data-element_type=\"widget\" data-e-type=\"widget\" data-widget_type=\"heading.default\">\n\t\t\t\t<div class=\"elementor-widget-container\">\n\t\t\t\t\t<h5 class=\"elementor-heading-title elementor-size-default\">SIENNA ULTIMATE EEG<\/h5>\t\t\t\t<\/div>\n\t\t\t\t<\/div>\n\t\t\t\t<div class=\"elementor-element elementor-element-2b23d37 elementor-widget elementor-widget-text-editor\" data-id=\"2b23d37\" data-element_type=\"widget\" data-e-type=\"widget\" data-widget_type=\"text-editor.default\">\n\t\t\t\t<div class=\"elementor-widget-container\">\n\t\t\t\t\t\t\t\t\t<p>Lo &#8220;\u00faltimo&#8221; en rendimiento, resoluci\u00f3n de se\u00f1al inigualable de 50 pV\/bit.&nbsp;<span style=\"background-color: var(--nv-site-bg); color: var(--nv-text-color); font-family: var(--bodyfontfamily),var(--nv-fallback-ff); font-size: var(--bodyfontsize); font-weight: var(--bodyfontweight); letter-spacing: var(--bodyletterspacing); text-transform: var(--bodytexttransform);\">Funcionalidad WiFi+LAN integrada como caracter\u00edstica est\u00e1ndar.&nbsp;<\/span><span style=\"background-color: var(--nv-site-bg); color: var(--nv-text-color); font-family: var(--bodyfontfamily),var(--nv-fallback-ff); font-size: var(--bodyfontsize); font-weight: var(--bodyfontweight); letter-spacing: var(--bodyletterspacing); text-transform: var(--bodytexttransform);\">Adquisici\u00f3n y monitoreo en tiempo real.&nbsp;<\/span><span style=\"background-color: var(--nv-site-bg); color: var(--nv-text-color); font-family: var(--bodyfontfamily),var(--nv-fallback-ff); font-size: var(--bodyfontsize); font-weight: var(--bodyfontweight); letter-spacing: var(--bodyletterspacing); text-transform: var(--bodytexttransform);\">Comunicaci\u00f3n bidireccional sobre el &#8220;Ultimate&#8221;.&nbsp;<\/span><span style=\"background-color: var(--nv-site-bg); color: var(--nv-text-color); font-family: var(--bodyfontfamily),var(--nv-fallback-ff); font-size: var(--bodyfontsize); font-weight: var(--bodyfontweight); letter-spacing: var(--bodyletterspacing); text-transform: var(--bodytexttransform);\">Detecci\u00f3n de ataques y picos en tiempo real.&nbsp;<\/span><span style=\"background-color: var(--nv-site-bg); color: var(--nv-text-color); font-family: var(--bodyfontfamily),var(--nv-fallback-ff); font-size: var(--bodyfontsize); font-weight: var(--bodyfontweight); letter-spacing: var(--bodyletterspacing); text-transform: var(--bodytexttransform);\">Actualizable a 192 canales (tres m\u00f3dulos de 64 canales). El amplificador SIENNA Ultimate EEG se puede configurar f\u00e1cilmente con cajas de entrada para LTM, Sleep, 10\/20 y num\u00e9rico, simplemente reemplazando las cajas de entrada. El amplificador liviano de 190 gramos tiene un bot\u00f3n de alarma para el paciente y un sensor de posici\u00f3n del cuerpo.&nbsp;<\/span><span style=\"color: var(--nv-text-color); font-family: var(--bodyfontfamily),var(--nv-fallback-ff); font-size: var(--bodyfontsize); font-weight: var(--bodyfontweight); letter-spacing: var(--bodyletterspacing); text-transform: var(--bodytexttransform); background-color: var(--nv-site-bg);\">El amplificador SIENNA Ultimate proporciona almacenamiento y posterior transmisi\u00f3n de datos, que no se transfieren en vivo, cuando el amplificador se encuentra fuera de alcance.<\/span><\/p>\t\t\t\t\t\t\t\t<\/div>\n\t\t\t\t<\/div>\n\t\t\t\t\t<\/div>\n\t\t<\/div>\n\t\t\t\t\t<\/div>\n\t\t<\/section>\n\t\t\t\t<section class=\"elementor-section elementor-top-section elementor-element elementor-element-eec7850 elementor-section-boxed elementor-section-height-default elementor-section-height-default wpr-particle-no wpr-jarallax-no wpr-parallax-no wpr-sticky-section-no wpr-equal-height-no\" data-id=\"eec7850\" data-element_type=\"section\" data-e-type=\"section\">\n\t\t\t\t\t\t<div class=\"elementor-container elementor-column-gap-default\">\n\t\t\t\t\t<div class=\"elementor-column elementor-col-50 elementor-top-column elementor-element elementor-element-426a3b9\" data-id=\"426a3b9\" data-element_type=\"column\" data-e-type=\"column\">\n\t\t\t<div class=\"elementor-widget-wrap elementor-element-populated\">\n\t\t\t\t\t\t<div class=\"elementor-element elementor-element-53dbf46 elementor-widget elementor-widget-text-editor\" data-id=\"53dbf46\" data-element_type=\"widget\" data-e-type=\"widget\" data-widget_type=\"text-editor.default\">\n\t\t\t\t<div class=\"elementor-widget-container\">\n\t\t\t\t\t\t\t\t\t<p>Aplicaciones de software Sienna Ultimate:<\/p><p>\u2022 Registro y revisi\u00f3n de EEG<br \/>\u2022 Conjunto espectral comprimido<br \/>\u2022 Matriz de densidad comprimida<br \/>\u2022 Mapeo cerebral<br \/>\u2022 V\u00eddeo digital de alta definici\u00f3n completa<br \/>\u2022 Monitoreo de la funci\u00f3n cerebral<br \/>\u2022 UCI\/UCIN Neuromonitorizaci\u00f3n<br \/>\u2022 Detecci\u00f3n de picos en tiempo real<br \/>\u2022 Detecci\u00f3n de convulsiones en tiempo real<br \/>\u2022 Localizaci\u00f3n de fuentes<br \/>\u2022 Reproducci\u00f3n de sonido<br \/>\u2022 Polisomnograf\u00eda (manual)<br \/>\u2022 Paquete de software de reposo (PSG autom\u00e1tico)<br \/>\u2022 An\u00e1lisis de tendencias del PSG<br \/>\u2022 ERP<br \/>\u2022 Compatibilidad BESA<\/p>\t\t\t\t\t\t\t\t<\/div>\n\t\t\t\t<\/div>\n\t\t\t\t\t<\/div>\n\t\t<\/div>\n\t\t\t\t<div class=\"elementor-column elementor-col-50 elementor-top-column elementor-element elementor-element-b7b8603\" data-id=\"b7b8603\" data-element_type=\"column\" data-e-type=\"column\">\n\t\t\t<div class=\"elementor-widget-wrap elementor-element-populated\">\n\t\t\t\t\t\t<div class=\"elementor-element elementor-element-b013929 elementor-widget elementor-widget-image\" data-id=\"b013929\" data-element_type=\"widget\" data-e-type=\"widget\" data-widget_type=\"image.default\">\n\t\t\t\t<div class=\"elementor-widget-container\">\n\t\t\t\t\t\t\t\t\t\t\t\t\t\t\t<img decoding=\"async\" width=\"678\" height=\"368\" src=\"https:\/\/i0.wp.com\/pm-consulting.cl\/wp-content\/uploads\/slider2\/SIENNA_ULT_3-removebg-preview.png?fit=678%2C368&amp;ssl=1\" class=\"attachment-large size-large wp-image-1941\" alt=\"\" srcset=\"https:\/\/i0.wp.com\/pm-consulting.cl\/wp-content\/uploads\/slider2\/SIENNA_ULT_3-removebg-preview.png?w=678&amp;ssl=1 678w, https:\/\/i0.wp.com\/pm-consulting.cl\/wp-content\/uploads\/slider2\/SIENNA_ULT_3-removebg-preview.png?resize=300%2C163&amp;ssl=1 300w\" sizes=\"(max-width: 678px) 100vw, 678px\" \/>\t\t\t\t\t\t\t\t\t\t\t\t\t\t\t<\/div>\n\t\t\t\t<\/div>\n\t\t\t\t<div class=\"elementor-element elementor-element-015eb8c elementor-widget elementor-widget-image\" data-id=\"015eb8c\" data-element_type=\"widget\" data-e-type=\"widget\" data-widget_type=\"image.default\">\n\t\t\t\t<div class=\"elementor-widget-container\">\n\t\t\t\t\t\t\t\t\t\t\t\t\t\t\t<img decoding=\"async\" width=\"1024\" height=\"571\" src=\"https:\/\/i0.wp.com\/pm-consulting.cl\/wp-content\/uploads\/2022\/08\/hand-ohne-antenne-SIENNA-ULT.jpg?fit=1024%2C571&amp;ssl=1\" class=\"attachment-large size-large wp-image-3182\" alt=\"\" srcset=\"https:\/\/i0.wp.com\/pm-consulting.cl\/wp-content\/uploads\/2022\/08\/hand-ohne-antenne-SIENNA-ULT.jpg?w=1096&amp;ssl=1 1096w, https:\/\/i0.wp.com\/pm-consulting.cl\/wp-content\/uploads\/2022\/08\/hand-ohne-antenne-SIENNA-ULT.jpg?resize=300%2C167&amp;ssl=1 300w, https:\/\/i0.wp.com\/pm-consulting.cl\/wp-content\/uploads\/2022\/08\/hand-ohne-antenne-SIENNA-ULT.jpg?resize=1024%2C571&amp;ssl=1 1024w, https:\/\/i0.wp.com\/pm-consulting.cl\/wp-content\/uploads\/2022\/08\/hand-ohne-antenne-SIENNA-ULT.jpg?resize=768%2C428&amp;ssl=1 768w\" sizes=\"(max-width: 1024px) 100vw, 1024px\" \/>\t\t\t\t\t\t\t\t\t\t\t\t\t\t\t<\/div>\n\t\t\t\t<\/div>\n\t\t\t\t\t<\/div>\n\t\t<\/div>\n\t\t\t\t\t<\/div>\n\t\t<\/section>\n\t\t\t\t<section class=\"elementor-section elementor-top-section elementor-element elementor-element-7ef0a9e elementor-section-boxed elementor-section-height-default elementor-section-height-default wpr-particle-no wpr-jarallax-no wpr-parallax-no wpr-sticky-section-no wpr-equal-height-no\" data-id=\"7ef0a9e\" data-element_type=\"section\" data-e-type=\"section\">\n\t\t\t\t\t\t<div class=\"elementor-container elementor-column-gap-default\">\n\t\t\t\t\t<div class=\"elementor-column elementor-col-100 elementor-top-column elementor-element elementor-element-c6cf39e\" data-id=\"c6cf39e\" data-element_type=\"column\" data-e-type=\"column\">\n\t\t\t<div class=\"elementor-widget-wrap elementor-element-populated\">\n\t\t\t\t\t\t<div class=\"elementor-element elementor-element-e1d9738 elementor-widget elementor-widget-spacer\" data-id=\"e1d9738\" data-element_type=\"widget\" data-e-type=\"widget\" data-widget_type=\"spacer.default\">\n\t\t\t\t<div class=\"elementor-widget-container\">\n\t\t\t\t\t\t\t<div class=\"elementor-spacer\">\n\t\t\t<div class=\"elementor-spacer-inner\"><\/div>\n\t\t<\/div>\n\t\t\t\t\t\t<\/div>\n\t\t\t\t<\/div>\n\t\t\t\t\t<\/div>\n\t\t<\/div>\n\t\t\t\t\t<\/div>\n\t\t<\/section>\n\t\t\t\t<\/div>\n\t\t","protected":false},"excerpt":{"rendered":"<p>Ver Cat\u00e1logo SIENNA ULTIMATE EEG Lo &#8220;\u00faltimo&#8221; en rendimiento, resoluci\u00f3n de se\u00f1al inigualable de 50 pV\/bit.&nbsp;Funcionalidad WiFi+LAN integrada como caracter\u00edstica est\u00e1ndar.&nbsp;Adquisici\u00f3n y monitoreo en tiempo real.&nbsp;Comunicaci\u00f3n bidireccional sobre el &#8220;Ultimate&#8221;.&nbsp;Detecci\u00f3n de ataques y picos en tiempo real.&nbsp;Actualizable a 192 canales (tres m\u00f3dulos de 64 canales). El amplificador SIENNA Ultimate EEG se puede configurar f\u00e1cilmente con cajas de entrada para LTM, Sleep, 10\/20 y num\u00e9rico, simplemente reemplazando las cajas de entrada. El amplificador liviano de 190 gramos tiene un bot\u00f3n de alarma para el paciente y un sensor de posici\u00f3n del cuerpo.&nbsp;El amplificador SIENNA Ultimate proporciona almacenamiento y posterior transmisi\u00f3n de datos, que no se transfieren en vivo, cuando el amplificador se encuentra fuera de alcance. Aplicaciones de software Sienna Ultimate: \u2022 Registro y revisi\u00f3n de EEG\u2022 Conjunto espectral comprimido\u2022 Matriz de densidad comprimida\u2022 Mapeo cerebral\u2022 V\u00eddeo digital de alta definici\u00f3n completa\u2022 Monitoreo de la funci\u00f3n cerebral\u2022 UCI\/UCIN Neuromonitorizaci\u00f3n\u2022 Detecci\u00f3n de picos en tiempo real\u2022 Detecci\u00f3n de convulsiones en tiempo real\u2022 Localizaci\u00f3n de fuentes\u2022 Reproducci\u00f3n de sonido\u2022 Polisomnograf\u00eda (manual)\u2022 Paquete de software de reposo (PSG autom\u00e1tico)\u2022 An\u00e1lisis de tendencias del PSG\u2022 ERP\u2022 Compatibilidad BESA<\/p>\n","protected":false},"author":2,"featured_media":0,"parent":0,"menu_order":0,"comment_status":"closed","ping_status":"closed","template":"page-templates\/template-pagebuilder-full-width.php","meta":{"nf_dc_page":"","_monsterinsights_skip_tracking":false,"_monsterinsights_sitenote_active":false,"_monsterinsights_sitenote_note":"","_monsterinsights_sitenote_category":0,"neve_meta_sidebar":"","neve_meta_container":"","neve_meta_enable_content_width":"","neve_meta_content_width":0,"neve_meta_title_alignment":"","neve_meta_author_avatar":"","neve_post_elements_order":"","neve_meta_disable_header":"","neve_meta_disable_footer":"","neve_meta_disable_title":"","footnotes":""},"class_list":["post-3147","page","type-page","status-publish","hentry"],"jetpack_sharing_enabled":true,"_links":{"self":[{"href":"https:\/\/pm-consulting.cl\/inicio\/wp-json\/wp\/v2\/pages\/3147","targetHints":{"allow":["GET"]}}],"collection":[{"href":"https:\/\/pm-consulting.cl\/inicio\/wp-json\/wp\/v2\/pages"}],"about":[{"href":"https:\/\/pm-consulting.cl\/inicio\/wp-json\/wp\/v2\/types\/page"}],"author":[{"embeddable":true,"href":"https:\/\/pm-consulting.cl\/inicio\/wp-json\/wp\/v2\/users\/2"}],"replies":[{"embeddable":true,"href":"https:\/\/pm-consulting.cl\/inicio\/wp-json\/wp\/v2\/comments?post=3147"}],"version-history":[{"count":64,"href":"https:\/\/pm-consulting.cl\/inicio\/wp-json\/wp\/v2\/pages\/3147\/revisions"}],"predecessor-version":[{"id":3693,"href":"https:\/\/pm-consulting.cl\/inicio\/wp-json\/wp\/v2\/pages\/3147\/revisions\/3693"}],"wp:attachment":[{"href":"https:\/\/pm-consulting.cl\/inicio\/wp-json\/wp\/v2\/media?parent=3147"}],"curies":[{"name":"wp","href":"https:\/\/api.w.org\/{rel}","templated":true}]}}