{"id":3281,"date":"2022-08-26T16:29:54","date_gmt":"2022-08-26T20:29:54","guid":{"rendered":"https:\/\/pm-consulting.cl\/inicio\/?page_id=3281"},"modified":"2022-08-26T20:44:01","modified_gmt":"2022-08-27T00:44:01","slug":"surpass-lt-emg","status":"publish","type":"page","link":"https:\/\/pm-consulting.cl\/inicio\/surpass-lt-emg\/","title":{"rendered":"SURPASS LT EMG"},"content":{"rendered":"\t\t<div data-elementor-type=\"wp-page\" data-elementor-id=\"3281\" class=\"elementor elementor-3281\">\n\t\t\t\t\t\t<section class=\"elementor-section elementor-top-section elementor-element elementor-element-a4200a5 elementor-section-boxed elementor-section-height-default elementor-section-height-default wpr-particle-no wpr-jarallax-no wpr-parallax-no wpr-sticky-section-no wpr-equal-height-no\" data-id=\"a4200a5\" data-element_type=\"section\" data-e-type=\"section\">\n\t\t\t\t\t\t<div class=\"elementor-container elementor-column-gap-default\">\n\t\t\t\t\t<div class=\"elementor-column elementor-col-100 elementor-top-column elementor-element elementor-element-62dbacd\" data-id=\"62dbacd\" data-element_type=\"column\" data-e-type=\"column\">\n\t\t\t<div class=\"elementor-widget-wrap elementor-element-populated\">\n\t\t\t\t\t\t<div class=\"elementor-element elementor-element-a999bf5 elementor-align-center elementor-widget elementor-widget-button\" data-id=\"a999bf5\" data-element_type=\"widget\" data-e-type=\"widget\" data-widget_type=\"button.default\">\n\t\t\t\t<div class=\"elementor-widget-container\">\n\t\t\t\t\t\t\t\t\t<div class=\"elementor-button-wrapper\">\n\t\t\t\t\t<a class=\"elementor-button elementor-button-link elementor-size-sm elementor-animation-grow\" href=\"#\" target=\"_blank\">\n\t\t\t\t\t\t<span class=\"elementor-button-content-wrapper\">\n\t\t\t\t\t\t\t\t\t<span class=\"elementor-button-text\">Ver Cat\u00e1logo<\/span>\n\t\t\t\t\t<\/span>\n\t\t\t\t\t<\/a>\n\t\t\t\t<\/div>\n\t\t\t\t\t\t\t\t<\/div>\n\t\t\t\t<\/div>\n\t\t\t\t\t<\/div>\n\t\t<\/div>\n\t\t\t\t\t<\/div>\n\t\t<\/section>\n\t\t\t\t<section class=\"elementor-section elementor-top-section elementor-element elementor-element-bd1fb35 elementor-section-boxed elementor-section-height-default elementor-section-height-default wpr-particle-no wpr-jarallax-no wpr-parallax-no wpr-sticky-section-no wpr-equal-height-no\" data-id=\"bd1fb35\" data-element_type=\"section\" data-e-type=\"section\">\n\t\t\t\t\t\t<div class=\"elementor-container elementor-column-gap-default\">\n\t\t\t\t\t<div class=\"elementor-column elementor-col-50 elementor-top-column elementor-element elementor-element-42b31aa\" data-id=\"42b31aa\" data-element_type=\"column\" data-e-type=\"column\">\n\t\t\t<div class=\"elementor-widget-wrap elementor-element-populated\">\n\t\t\t\t\t\t<div class=\"elementor-element elementor-element-dab2510 elementor-widget elementor-widget-image\" data-id=\"dab2510\" data-element_type=\"widget\" data-e-type=\"widget\" data-widget_type=\"image.default\">\n\t\t\t\t<div class=\"elementor-widget-container\">\n\t\t\t\t\t\t\t\t\t\t\t\t\t\t\t<img fetchpriority=\"high\" decoding=\"async\" width=\"768\" height=\"1024\" src=\"https:\/\/i0.wp.com\/pm-consulting.cl\/wp-content\/uploads\/2022\/08\/SURPASS-LT-EMG-1.jpg?fit=768%2C1024&amp;ssl=1\" class=\"attachment-large size-large wp-image-3283\" alt=\"\" srcset=\"https:\/\/i0.wp.com\/pm-consulting.cl\/wp-content\/uploads\/2022\/08\/SURPASS-LT-EMG-1.jpg?w=1200&amp;ssl=1 1200w, https:\/\/i0.wp.com\/pm-consulting.cl\/wp-content\/uploads\/2022\/08\/SURPASS-LT-EMG-1.jpg?resize=225%2C300&amp;ssl=1 225w, https:\/\/i0.wp.com\/pm-consulting.cl\/wp-content\/uploads\/2022\/08\/SURPASS-LT-EMG-1.jpg?resize=768%2C1024&amp;ssl=1 768w, https:\/\/i0.wp.com\/pm-consulting.cl\/wp-content\/uploads\/2022\/08\/SURPASS-LT-EMG-1.jpg?resize=1152%2C1536&amp;ssl=1 1152w\" sizes=\"(max-width: 768px) 100vw, 768px\" \/>\t\t\t\t\t\t\t\t\t\t\t\t\t\t\t<\/div>\n\t\t\t\t<\/div>\n\t\t\t\t\t<\/div>\n\t\t<\/div>\n\t\t\t\t<div class=\"elementor-column elementor-col-50 elementor-top-column elementor-element elementor-element-aae95a4\" data-id=\"aae95a4\" data-element_type=\"column\" data-e-type=\"column\">\n\t\t\t<div class=\"elementor-widget-wrap elementor-element-populated\">\n\t\t\t\t\t\t<div class=\"elementor-element elementor-element-549305e elementor-widget elementor-widget-heading\" data-id=\"549305e\" data-element_type=\"widget\" data-e-type=\"widget\" data-widget_type=\"heading.default\">\n\t\t\t\t<div class=\"elementor-widget-container\">\n\t\t\t\t\t<h5 class=\"elementor-heading-title elementor-size-default\">SURPASS LT EMG\/EP<\/h5>\t\t\t\t<\/div>\n\t\t\t\t<\/div>\n\t\t\t\t<div class=\"elementor-element elementor-element-f241deb elementor-widget elementor-widget-text-editor\" data-id=\"f241deb\" data-element_type=\"widget\" data-e-type=\"widget\" data-widget_type=\"text-editor.default\">\n\t\t\t\t<div class=\"elementor-widget-container\">\n\t\t\t\t\t\t\t\t\t<ul><li>Caracter\u00edsticas:<\/li><\/ul><div>\u00a0<\/div><ul><li>Amplificador EMG\/EP\/IOM y EEG de 2 o 4 canales<\/li><li>Estimulador AEP\/VEP\/LED\/SEP incorporado en el amplificador<\/li><li>Interfaz USB 2 para datos y alimentaci\u00f3n<\/li><li>Opci\u00f3n de conmutaci\u00f3n de amplificador interno<\/li><li>Activar entrada\/salida para dispositivos externos<\/li><li>Panel de control t\u00e1ctil<\/li><li>Visualizaci\u00f3n de hasta 99 trazos en cascada o en forma dividida<\/li><li>Amplia variedad de plantillas de informes funcionales<\/li><li>Grabadora de se\u00f1al interna de hasta 10 minutos<\/li><li>Ajustes de estimulaci\u00f3n silenciosa<\/li><\/ul><div>\u00a0<\/div><p>El Surpass es una estaci\u00f3n de trabajo EMG\/EP\/EEG de 2 a 8 canales completa y f\u00e1cil de usar para uso cl\u00ednico y de investigaci\u00f3n. La unidad de control del estimulador se puede utilizar tanto para la unidad independiente como para la unidad port\u00e1til. La filosof\u00eda de dise\u00f1o modular garantiza flexibilidad y oportunidades de actualizaci\u00f3n con un conjunto completo de opciones de software y hardware. El uso de una plataforma operativa com\u00fan simplifica la operaci\u00f3n, aumenta la productividad y el control de calidad. Nuestro exclusivo m\u00e9todo de promedio ordenado por calidad proporciona pruebas m\u00e1s r\u00e1pidas y ahorra tiempo de registro.<\/p>\t\t\t\t\t\t\t\t<\/div>\n\t\t\t\t<\/div>\n\t\t\t\t\t<\/div>\n\t\t<\/div>\n\t\t\t\t\t<\/div>\n\t\t<\/section>\n\t\t\t\t<section class=\"elementor-section elementor-top-section elementor-element elementor-element-861588e elementor-section-boxed elementor-section-height-default elementor-section-height-default wpr-particle-no wpr-jarallax-no wpr-parallax-no wpr-sticky-section-no wpr-equal-height-no\" data-id=\"861588e\" data-element_type=\"section\" data-e-type=\"section\">\n\t\t\t\t\t\t<div class=\"elementor-container elementor-column-gap-default\">\n\t\t\t\t\t<div class=\"elementor-column elementor-col-25 elementor-top-column elementor-element elementor-element-8e4c1e6\" data-id=\"8e4c1e6\" data-element_type=\"column\" data-e-type=\"column\">\n\t\t\t<div class=\"elementor-widget-wrap elementor-element-populated\">\n\t\t\t\t\t\t<div class=\"elementor-element elementor-element-6be7147 elementor-widget elementor-widget-text-editor\" data-id=\"6be7147\" data-element_type=\"widget\" data-e-type=\"widget\" data-widget_type=\"text-editor.default\">\n\t\t\t\t<div class=\"elementor-widget-container\">\n\t\t\t\t\t\t\t\t\t<ul><li>SNC<\/li><\/ul><div>\u00a0<\/div><ul><li>Conducci\u00f3n nerviosa motora<\/li><li>Conducci\u00f3n nerviosa sensorial<\/li><li>Onda F<\/li><li>H-reflejo<\/li><li>Prueba de decremento<\/li><li>Reflejo de parpadeo<\/li><li>Avance lento<\/li><li>Respuesta simp\u00e1tica de la piel<\/li><li>Estimulaci\u00f3n repetitiva<\/li><li>Mun\u00e9<\/li><\/ul>\t\t\t\t\t\t\t\t<\/div>\n\t\t\t\t<\/div>\n\t\t\t\t\t<\/div>\n\t\t<\/div>\n\t\t\t\t<div class=\"elementor-column elementor-col-25 elementor-top-column elementor-element elementor-element-8a6e8f9\" data-id=\"8a6e8f9\" data-element_type=\"column\" data-e-type=\"column\">\n\t\t\t<div class=\"elementor-widget-wrap elementor-element-populated\">\n\t\t\t\t\t\t<div class=\"elementor-element elementor-element-562049a elementor-widget elementor-widget-text-editor\" data-id=\"562049a\" data-element_type=\"widget\" data-e-type=\"widget\" data-widget_type=\"text-editor.default\">\n\t\t\t\t<div class=\"elementor-widget-container\">\n\t\t\t\t\t\t\t\t\t<ul><li>EMG<\/li><\/ul><div>\u00a0<\/div><ul><li>EMG espont\u00e1neo<\/li><li>EMG cuantitativa<\/li><li>An\u00e1lisis AMUP<\/li><li>An\u00e1lisis de patrones de interferencia<\/li><li>EMG de fibra \u00fanica<\/li><li>EMG multicanal en programa GPP<\/li><li>MUNE<\/li><li>EMG de ejecuci\u00f3n libre<\/li><li>Vueltas\/Amplitud EMG<\/li><li>MacroEMG<\/li><\/ul>\t\t\t\t\t\t\t\t<\/div>\n\t\t\t\t<\/div>\n\t\t\t\t\t<\/div>\n\t\t<\/div>\n\t\t\t\t<div class=\"elementor-column elementor-col-25 elementor-top-column elementor-element elementor-element-c2b99b2\" data-id=\"c2b99b2\" data-element_type=\"column\" data-e-type=\"column\">\n\t\t\t<div class=\"elementor-widget-wrap elementor-element-populated\">\n\t\t\t\t\t\t<div class=\"elementor-element elementor-element-f1bcb96 elementor-widget elementor-widget-text-editor\" data-id=\"f1bcb96\" data-element_type=\"widget\" data-e-type=\"widget\" data-widget_type=\"text-editor.default\">\n\t\t\t\t<div class=\"elementor-widget-container\">\n\t\t\t\t\t\t\t\t\t<ul><li>EP<\/li><\/ul><div>\u00a0<\/div><ul><li>Potenciales evocados auditivos<\/li><li>BAER\u00a0<\/li><li>40 Hz<\/li><li>Electrococleograf\u00eda<\/li><li>Electrorretinograf\u00eda<\/li><li>Electronistagmograf\u00eda<\/li><li>Potenciales evocados somatosensoriales<\/li><li>Potenciales evocados visuales<\/li><\/ul>\t\t\t\t\t\t\t\t<\/div>\n\t\t\t\t<\/div>\n\t\t\t\t\t<\/div>\n\t\t<\/div>\n\t\t\t\t<div class=\"elementor-column elementor-col-25 elementor-top-column elementor-element elementor-element-0931412\" data-id=\"0931412\" data-element_type=\"column\" data-e-type=\"column\">\n\t\t\t<div class=\"elementor-widget-wrap elementor-element-populated\">\n\t\t\t\t\t\t<div class=\"elementor-element elementor-element-41c9de9 elementor-widget elementor-widget-text-editor\" data-id=\"41c9de9\" data-element_type=\"widget\" data-e-type=\"widget\" data-widget_type=\"text-editor.default\">\n\t\t\t\t<div class=\"elementor-widget-container\">\n\t\t\t\t\t\t\t\t\t<ul><li>Aplicaciones de software adicionales:<\/li><\/ul><div>\u00a0<\/div><ul><li>Variabilidad del ritmo card\u00edaco<\/li><li>OIM<\/li><li>Valores normativos de referencia<\/li><li>An\u00e1lisis de temblores<\/li><li>programa GPP<\/li><li>Generador de informes de MS Word<\/li><\/ul>\t\t\t\t\t\t\t\t<\/div>\n\t\t\t\t<\/div>\n\t\t\t\t\t<\/div>\n\t\t<\/div>\n\t\t\t\t\t<\/div>\n\t\t<\/section>\n\t\t\t\t<section class=\"elementor-section elementor-top-section elementor-element elementor-element-258f615 elementor-section-boxed elementor-section-height-default elementor-section-height-default wpr-particle-no wpr-jarallax-no wpr-parallax-no wpr-sticky-section-no wpr-equal-height-no\" data-id=\"258f615\" data-element_type=\"section\" data-e-type=\"section\">\n\t\t\t\t\t\t<div class=\"elementor-container elementor-column-gap-default\">\n\t\t\t\t\t<div class=\"elementor-column elementor-col-33 elementor-top-column elementor-element elementor-element-2116bc7\" data-id=\"2116bc7\" data-element_type=\"column\" data-e-type=\"column\">\n\t\t\t<div class=\"elementor-widget-wrap elementor-element-populated\">\n\t\t\t\t\t\t<div class=\"elementor-element elementor-element-207d439 elementor-widget elementor-widget-image\" data-id=\"207d439\" data-element_type=\"widget\" data-e-type=\"widget\" data-widget_type=\"image.default\">\n\t\t\t\t<div class=\"elementor-widget-container\">\n\t\t\t\t\t\t\t\t\t\t\t\t\t\t\t<img decoding=\"async\" width=\"1024\" height=\"552\" src=\"https:\/\/i0.wp.com\/pm-consulting.cl\/wp-content\/uploads\/2022\/08\/SURPASS-LT-IM1.jpg?fit=1024%2C552&amp;ssl=1\" class=\"attachment-large size-large wp-image-3291\" alt=\"\" srcset=\"https:\/\/i0.wp.com\/pm-consulting.cl\/wp-content\/uploads\/2022\/08\/SURPASS-LT-IM1.jpg?w=1916&amp;ssl=1 1916w, https:\/\/i0.wp.com\/pm-consulting.cl\/wp-content\/uploads\/2022\/08\/SURPASS-LT-IM1.jpg?resize=300%2C162&amp;ssl=1 300w, https:\/\/i0.wp.com\/pm-consulting.cl\/wp-content\/uploads\/2022\/08\/SURPASS-LT-IM1.jpg?resize=1024%2C552&amp;ssl=1 1024w, https:\/\/i0.wp.com\/pm-consulting.cl\/wp-content\/uploads\/2022\/08\/SURPASS-LT-IM1.jpg?resize=768%2C414&amp;ssl=1 768w, https:\/\/i0.wp.com\/pm-consulting.cl\/wp-content\/uploads\/2022\/08\/SURPASS-LT-IM1.jpg?resize=1536%2C827&amp;ssl=1 1536w\" sizes=\"(max-width: 1024px) 100vw, 1024px\" \/>\t\t\t\t\t\t\t\t\t\t\t\t\t\t\t<\/div>\n\t\t\t\t<\/div>\n\t\t\t\t\t<\/div>\n\t\t<\/div>\n\t\t\t\t<div class=\"elementor-column elementor-col-33 elementor-top-column elementor-element elementor-element-2fbd257\" data-id=\"2fbd257\" data-element_type=\"column\" data-e-type=\"column\">\n\t\t\t<div class=\"elementor-widget-wrap elementor-element-populated\">\n\t\t\t\t\t\t<div class=\"elementor-element elementor-element-cbefe63 elementor-widget elementor-widget-image\" data-id=\"cbefe63\" data-element_type=\"widget\" data-e-type=\"widget\" data-widget_type=\"image.default\">\n\t\t\t\t<div class=\"elementor-widget-container\">\n\t\t\t\t\t\t\t\t\t\t\t\t\t\t\t<img decoding=\"async\" width=\"1024\" height=\"551\" src=\"https:\/\/i0.wp.com\/pm-consulting.cl\/wp-content\/uploads\/2022\/08\/SURPASS-LT-IM2.jpg?fit=1024%2C551&amp;ssl=1\" class=\"attachment-large size-large wp-image-3292\" alt=\"\" srcset=\"https:\/\/i0.wp.com\/pm-consulting.cl\/wp-content\/uploads\/2022\/08\/SURPASS-LT-IM2.jpg?w=1919&amp;ssl=1 1919w, https:\/\/i0.wp.com\/pm-consulting.cl\/wp-content\/uploads\/2022\/08\/SURPASS-LT-IM2.jpg?resize=300%2C161&amp;ssl=1 300w, https:\/\/i0.wp.com\/pm-consulting.cl\/wp-content\/uploads\/2022\/08\/SURPASS-LT-IM2.jpg?resize=1024%2C551&amp;ssl=1 1024w, https:\/\/i0.wp.com\/pm-consulting.cl\/wp-content\/uploads\/2022\/08\/SURPASS-LT-IM2.jpg?resize=768%2C413&amp;ssl=1 768w, https:\/\/i0.wp.com\/pm-consulting.cl\/wp-content\/uploads\/2022\/08\/SURPASS-LT-IM2.jpg?resize=1536%2C827&amp;ssl=1 1536w\" sizes=\"(max-width: 1024px) 100vw, 1024px\" \/>\t\t\t\t\t\t\t\t\t\t\t\t\t\t\t<\/div>\n\t\t\t\t<\/div>\n\t\t\t\t\t<\/div>\n\t\t<\/div>\n\t\t\t\t<div class=\"elementor-column elementor-col-33 elementor-top-column elementor-element elementor-element-259264d\" data-id=\"259264d\" data-element_type=\"column\" data-e-type=\"column\">\n\t\t\t<div class=\"elementor-widget-wrap elementor-element-populated\">\n\t\t\t\t\t\t<div class=\"elementor-element elementor-element-58ab89c elementor-widget elementor-widget-image\" data-id=\"58ab89c\" data-element_type=\"widget\" data-e-type=\"widget\" data-widget_type=\"image.default\">\n\t\t\t\t<div class=\"elementor-widget-container\">\n\t\t\t\t\t\t\t\t\t\t\t\t\t\t\t<img loading=\"lazy\" decoding=\"async\" width=\"1024\" height=\"550\" src=\"https:\/\/i0.wp.com\/pm-consulting.cl\/wp-content\/uploads\/2022\/08\/SURPASS-LT-IM3.jpg?fit=1024%2C550&amp;ssl=1\" class=\"attachment-large size-large wp-image-3293\" alt=\"\" srcset=\"https:\/\/i0.wp.com\/pm-consulting.cl\/wp-content\/uploads\/2022\/08\/SURPASS-LT-IM3.jpg?w=1920&amp;ssl=1 1920w, https:\/\/i0.wp.com\/pm-consulting.cl\/wp-content\/uploads\/2022\/08\/SURPASS-LT-IM3.jpg?resize=300%2C161&amp;ssl=1 300w, https:\/\/i0.wp.com\/pm-consulting.cl\/wp-content\/uploads\/2022\/08\/SURPASS-LT-IM3.jpg?resize=1024%2C550&amp;ssl=1 1024w, https:\/\/i0.wp.com\/pm-consulting.cl\/wp-content\/uploads\/2022\/08\/SURPASS-LT-IM3.jpg?resize=768%2C412&amp;ssl=1 768w, https:\/\/i0.wp.com\/pm-consulting.cl\/wp-content\/uploads\/2022\/08\/SURPASS-LT-IM3.jpg?resize=1536%2C825&amp;ssl=1 1536w\" sizes=\"(max-width: 1024px) 100vw, 1024px\" \/>\t\t\t\t\t\t\t\t\t\t\t\t\t\t\t<\/div>\n\t\t\t\t<\/div>\n\t\t\t\t\t<\/div>\n\t\t<\/div>\n\t\t\t\t\t<\/div>\n\t\t<\/section>\n\t\t\t\t<section class=\"elementor-section elementor-top-section elementor-element elementor-element-525e3c2 elementor-section-boxed elementor-section-height-default elementor-section-height-default wpr-particle-no wpr-jarallax-no wpr-parallax-no wpr-sticky-section-no wpr-equal-height-no\" data-id=\"525e3c2\" data-element_type=\"section\" data-e-type=\"section\">\n\t\t\t\t\t\t<div class=\"elementor-container elementor-column-gap-default\">\n\t\t\t\t\t<div class=\"elementor-column elementor-col-100 elementor-top-column elementor-element elementor-element-5c119cd\" data-id=\"5c119cd\" data-element_type=\"column\" data-e-type=\"column\">\n\t\t\t<div class=\"elementor-widget-wrap elementor-element-populated\">\n\t\t\t\t\t\t<div class=\"elementor-element elementor-element-5c72afb elementor-widget elementor-widget-spacer\" data-id=\"5c72afb\" data-element_type=\"widget\" data-e-type=\"widget\" data-widget_type=\"spacer.default\">\n\t\t\t\t<div class=\"elementor-widget-container\">\n\t\t\t\t\t\t\t<div class=\"elementor-spacer\">\n\t\t\t<div class=\"elementor-spacer-inner\"><\/div>\n\t\t<\/div>\n\t\t\t\t\t\t<\/div>\n\t\t\t\t<\/div>\n\t\t\t\t\t<\/div>\n\t\t<\/div>\n\t\t\t\t\t<\/div>\n\t\t<\/section>\n\t\t\t\t<\/div>\n\t\t","protected":false},"excerpt":{"rendered":"<p>Ver Cat\u00e1logo SURPASS LT EMG\/EP Caracter\u00edsticas: \u00a0 Amplificador EMG\/EP\/IOM y EEG de 2 o 4 canales Estimulador AEP\/VEP\/LED\/SEP incorporado en el amplificador Interfaz USB 2 para datos y alimentaci\u00f3n Opci\u00f3n de conmutaci\u00f3n de amplificador interno Activar entrada\/salida para dispositivos externos Panel de control t\u00e1ctil Visualizaci\u00f3n de hasta 99 trazos en cascada o en forma dividida Amplia variedad de plantillas de informes funcionales Grabadora de se\u00f1al interna de hasta 10 minutos Ajustes de estimulaci\u00f3n silenciosa \u00a0 El Surpass es una estaci\u00f3n de trabajo EMG\/EP\/EEG de 2 a 8 canales completa y f\u00e1cil de usar para uso cl\u00ednico y de investigaci\u00f3n. La unidad de control del estimulador se puede utilizar tanto para la unidad independiente como para la unidad port\u00e1til. La filosof\u00eda de dise\u00f1o modular garantiza flexibilidad y oportunidades de actualizaci\u00f3n con un conjunto completo de opciones de software y hardware. El uso de una plataforma operativa com\u00fan simplifica la operaci\u00f3n, aumenta la productividad y el control de calidad. Nuestro exclusivo m\u00e9todo de promedio ordenado por calidad proporciona pruebas m\u00e1s r\u00e1pidas y ahorra tiempo de registro. SNC \u00a0 Conducci\u00f3n nerviosa motora Conducci\u00f3n nerviosa sensorial Onda F H-reflejo Prueba de decremento Reflejo de parpadeo Avance lento Respuesta simp\u00e1tica de la piel Estimulaci\u00f3n repetitiva Mun\u00e9 EMG \u00a0 EMG espont\u00e1neo EMG cuantitativa An\u00e1lisis AMUP An\u00e1lisis de patrones de interferencia EMG de fibra \u00fanica EMG multicanal en programa GPP MUNE EMG de ejecuci\u00f3n libre Vueltas\/Amplitud EMG MacroEMG EP \u00a0 Potenciales evocados auditivos BAER\u00a0 40 Hz Electrococleograf\u00eda Electrorretinograf\u00eda Electronistagmograf\u00eda Potenciales evocados somatosensoriales Potenciales evocados visuales Aplicaciones de software adicionales: \u00a0 Variabilidad del ritmo card\u00edaco OIM Valores normativos de referencia An\u00e1lisis de temblores programa GPP Generador de informes de MS Word<\/p>\n","protected":false},"author":2,"featured_media":0,"parent":0,"menu_order":0,"comment_status":"closed","ping_status":"closed","template":"page-templates\/template-pagebuilder-full-width.php","meta":{"nf_dc_page":"","_monsterinsights_skip_tracking":false,"_monsterinsights_sitenote_active":false,"_monsterinsights_sitenote_note":"","_monsterinsights_sitenote_category":0,"neve_meta_sidebar":"","neve_meta_container":"","neve_meta_enable_content_width":"","neve_meta_content_width":0,"neve_meta_title_alignment":"","neve_meta_author_avatar":"","neve_post_elements_order":"","neve_meta_disable_header":"","neve_meta_disable_footer":"","neve_meta_disable_title":"","footnotes":""},"class_list":["post-3281","page","type-page","status-publish","hentry"],"jetpack_sharing_enabled":true,"_links":{"self":[{"href":"https:\/\/pm-consulting.cl\/inicio\/wp-json\/wp\/v2\/pages\/3281","targetHints":{"allow":["GET"]}}],"collection":[{"href":"https:\/\/pm-consulting.cl\/inicio\/wp-json\/wp\/v2\/pages"}],"about":[{"href":"https:\/\/pm-consulting.cl\/inicio\/wp-json\/wp\/v2\/types\/page"}],"author":[{"embeddable":true,"href":"https:\/\/pm-consulting.cl\/inicio\/wp-json\/wp\/v2\/users\/2"}],"replies":[{"embeddable":true,"href":"https:\/\/pm-consulting.cl\/inicio\/wp-json\/wp\/v2\/comments?post=3281"}],"version-history":[{"count":19,"href":"https:\/\/pm-consulting.cl\/inicio\/wp-json\/wp\/v2\/pages\/3281\/revisions"}],"predecessor-version":[{"id":3592,"href":"https:\/\/pm-consulting.cl\/inicio\/wp-json\/wp\/v2\/pages\/3281\/revisions\/3592"}],"wp:attachment":[{"href":"https:\/\/pm-consulting.cl\/inicio\/wp-json\/wp\/v2\/media?parent=3281"}],"curies":[{"name":"wp","href":"https:\/\/api.w.org\/{rel}","templated":true}]}}