{"id":3303,"date":"2022-08-26T16:46:35","date_gmt":"2022-08-26T20:46:35","guid":{"rendered":"https:\/\/pm-consulting.cl\/inicio\/?page_id=3303"},"modified":"2022-08-29T17:57:55","modified_gmt":"2022-08-29T21:57:55","slug":"surpass-emg-2","status":"publish","type":"page","link":"https:\/\/pm-consulting.cl\/inicio\/surpass-emg-2\/","title":{"rendered":"SURPASS EMG"},"content":{"rendered":"\t\t<div data-elementor-type=\"wp-page\" data-elementor-id=\"3303\" class=\"elementor elementor-3303\">\n\t\t\t\t\t\t<section class=\"elementor-section elementor-top-section elementor-element elementor-element-b733b84 elementor-section-boxed elementor-section-height-default elementor-section-height-default wpr-particle-no wpr-jarallax-no wpr-parallax-no wpr-sticky-section-no wpr-equal-height-no\" data-id=\"b733b84\" data-element_type=\"section\" data-e-type=\"section\">\n\t\t\t\t\t\t<div class=\"elementor-container elementor-column-gap-default\">\n\t\t\t\t\t<div class=\"elementor-column elementor-col-100 elementor-top-column elementor-element elementor-element-25f800a\" data-id=\"25f800a\" data-element_type=\"column\" data-e-type=\"column\">\n\t\t\t<div class=\"elementor-widget-wrap elementor-element-populated\">\n\t\t\t\t\t\t<div class=\"elementor-element elementor-element-f9a54a8 elementor-align-center elementor-widget elementor-widget-button\" data-id=\"f9a54a8\" data-element_type=\"widget\" data-e-type=\"widget\" data-widget_type=\"button.default\">\n\t\t\t\t<div class=\"elementor-widget-container\">\n\t\t\t\t\t\t\t\t\t<div class=\"elementor-button-wrapper\">\n\t\t\t\t\t<a class=\"elementor-button elementor-button-link elementor-size-sm elementor-animation-grow\" href=\"https:\/\/pm-consulting.cl\/wp-content\/uploads\/2022\/08\/Brochure_Surpass-EMG-EP_29102020-PS.pdf\" target=\"_blank\">\n\t\t\t\t\t\t<span class=\"elementor-button-content-wrapper\">\n\t\t\t\t\t\t\t\t\t<span class=\"elementor-button-text\">Ver Cat\u00e1logo<\/span>\n\t\t\t\t\t<\/span>\n\t\t\t\t\t<\/a>\n\t\t\t\t<\/div>\n\t\t\t\t\t\t\t\t<\/div>\n\t\t\t\t<\/div>\n\t\t\t\t\t<\/div>\n\t\t<\/div>\n\t\t\t\t\t<\/div>\n\t\t<\/section>\n\t\t\t\t<section class=\"elementor-section elementor-top-section elementor-element elementor-element-c726db5 elementor-section-boxed elementor-section-height-default elementor-section-height-default wpr-particle-no wpr-jarallax-no wpr-parallax-no wpr-sticky-section-no wpr-equal-height-no\" data-id=\"c726db5\" data-element_type=\"section\" data-e-type=\"section\">\n\t\t\t\t\t\t<div class=\"elementor-container elementor-column-gap-default\">\n\t\t\t\t\t<div class=\"elementor-column elementor-col-50 elementor-top-column elementor-element elementor-element-04e712c\" data-id=\"04e712c\" data-element_type=\"column\" data-e-type=\"column\">\n\t\t\t<div class=\"elementor-widget-wrap elementor-element-populated\">\n\t\t\t\t\t\t<div class=\"elementor-element elementor-element-ee5e8b7 elementor-widget elementor-widget-image\" data-id=\"ee5e8b7\" data-element_type=\"widget\" data-e-type=\"widget\" data-widget_type=\"image.default\">\n\t\t\t\t<div class=\"elementor-widget-container\">\n\t\t\t\t\t\t\t\t\t\t\t\t\t\t\t<img fetchpriority=\"high\" decoding=\"async\" width=\"724\" height=\"1024\" src=\"https:\/\/i0.wp.com\/pm-consulting.cl\/wp-content\/uploads\/slider2\/SURPASSEMG.png?fit=724%2C1024&amp;ssl=1\" class=\"attachment-large size-large wp-image-1942\" alt=\"\" srcset=\"https:\/\/i0.wp.com\/pm-consulting.cl\/wp-content\/uploads\/slider2\/SURPASSEMG.png?w=1200&amp;ssl=1 1200w, https:\/\/i0.wp.com\/pm-consulting.cl\/wp-content\/uploads\/slider2\/SURPASSEMG.png?resize=212%2C300&amp;ssl=1 212w, https:\/\/i0.wp.com\/pm-consulting.cl\/wp-content\/uploads\/slider2\/SURPASSEMG.png?resize=724%2C1024&amp;ssl=1 724w, https:\/\/i0.wp.com\/pm-consulting.cl\/wp-content\/uploads\/slider2\/SURPASSEMG.png?resize=768%2C1086&amp;ssl=1 768w, https:\/\/i0.wp.com\/pm-consulting.cl\/wp-content\/uploads\/slider2\/SURPASSEMG.png?resize=1086%2C1536&amp;ssl=1 1086w\" sizes=\"(max-width: 724px) 100vw, 724px\" \/>\t\t\t\t\t\t\t\t\t\t\t\t\t\t\t<\/div>\n\t\t\t\t<\/div>\n\t\t\t\t\t<\/div>\n\t\t<\/div>\n\t\t\t\t<div class=\"elementor-column elementor-col-50 elementor-top-column elementor-element elementor-element-eac9527\" data-id=\"eac9527\" data-element_type=\"column\" data-e-type=\"column\">\n\t\t\t<div class=\"elementor-widget-wrap elementor-element-populated\">\n\t\t\t\t\t\t<div class=\"elementor-element elementor-element-1b84591 elementor-widget elementor-widget-heading\" data-id=\"1b84591\" data-element_type=\"widget\" data-e-type=\"widget\" data-widget_type=\"heading.default\">\n\t\t\t\t<div class=\"elementor-widget-container\">\n\t\t\t\t\t<h5 class=\"elementor-heading-title elementor-size-default\">SURPASS EMG\/EP\/IOM<\/h5>\t\t\t\t<\/div>\n\t\t\t\t<\/div>\n\t\t\t\t<div class=\"elementor-element elementor-element-6b5baf6 elementor-widget elementor-widget-text-editor\" data-id=\"6b5baf6\" data-element_type=\"widget\" data-e-type=\"widget\" data-widget_type=\"text-editor.default\">\n\t\t\t\t<div class=\"elementor-widget-container\">\n\t\t\t\t\t\t\t\t\t<ul><li>Caracter\u00edsticas<\/li><\/ul><div>\u00a0<\/div><ul><li>Amplificador EMG\/EP\/IOM y EEG de 2 a 8 canales<\/li><li>electroestimulador de 2 canales<\/li><li>Opci\u00f3n de conmutaci\u00f3n de amplificador interno<\/li><li>Hasta 4 entradas de disparo para ERP<\/li><li>Panel de control t\u00e1ctil<\/li><li>Visualizaci\u00f3n de hasta 99 trazos en cascada o en forma dividida<\/li><li>Amplia variedad de plantillas de informes funcionales<\/li><li>Estimulador Auditivo programable gratuito<\/li><li>Grabadora de se\u00f1al interna de hasta 10 minutos<\/li><li>Ajustes de estimulaci\u00f3n silenciosa<\/li><\/ul><div>\u00a0<\/div><p>The Surpass is a comprehensive, easy to use 2 to 8 channel EMG\/EP\/EEG workstation for clinical and research use. The Stimulator control unit can be used for the stand alone as well as for the portable unit. The modular design philosophy ensures flexibility and upgrade opportunities with a complete set of software and hardware options. Using a common operating platform simplifies operation, increases productivity and quality control. Our unique Quality Sorted Averaging method provides faster testing and saves your recording time.<\/p>\t\t\t\t\t\t\t\t<\/div>\n\t\t\t\t<\/div>\n\t\t\t\t\t<\/div>\n\t\t<\/div>\n\t\t\t\t\t<\/div>\n\t\t<\/section>\n\t\t\t\t<section class=\"elementor-section elementor-top-section elementor-element elementor-element-bb965c3 elementor-section-boxed elementor-section-height-default elementor-section-height-default wpr-particle-no wpr-jarallax-no wpr-parallax-no wpr-sticky-section-no wpr-equal-height-no\" data-id=\"bb965c3\" data-element_type=\"section\" data-e-type=\"section\">\n\t\t\t\t\t\t<div class=\"elementor-container elementor-column-gap-default\">\n\t\t\t\t\t<div class=\"elementor-column elementor-col-25 elementor-top-column elementor-element elementor-element-51db569\" data-id=\"51db569\" data-element_type=\"column\" data-e-type=\"column\">\n\t\t\t<div class=\"elementor-widget-wrap elementor-element-populated\">\n\t\t\t\t\t\t<div class=\"elementor-element elementor-element-59f24b5 elementor-widget elementor-widget-text-editor\" data-id=\"59f24b5\" data-element_type=\"widget\" data-e-type=\"widget\" data-widget_type=\"text-editor.default\">\n\t\t\t\t<div class=\"elementor-widget-container\">\n\t\t\t\t\t\t\t\t\t<ul><li>SNC<\/li><\/ul><div>\u00a0<\/div><ul><li>Conducci\u00f3n nerviosa motora<\/li><li>Conducci\u00f3n nerviosa sensorial<\/li><li>Onda F<\/li><li>H-reflejo<\/li><li>Prueba de decremento<\/li><li>Reflejo de parpadeo<\/li><li>Avance lento<\/li><li>Respuesta simp\u00e1tica de la piel<\/li><li>Periodo refractario<\/li><li>estimulaci\u00f3n repetitiva<\/li><li>Prueba de colisi\u00f3n<\/li><li>triple estimulaci\u00f3n<\/li><\/ul>\t\t\t\t\t\t\t\t<\/div>\n\t\t\t\t<\/div>\n\t\t\t\t\t<\/div>\n\t\t<\/div>\n\t\t\t\t<div class=\"elementor-column elementor-col-25 elementor-top-column elementor-element elementor-element-3e88d86\" data-id=\"3e88d86\" data-element_type=\"column\" data-e-type=\"column\">\n\t\t\t<div class=\"elementor-widget-wrap elementor-element-populated\">\n\t\t\t\t\t\t<div class=\"elementor-element elementor-element-c5c970e elementor-widget elementor-widget-text-editor\" data-id=\"c5c970e\" data-element_type=\"widget\" data-e-type=\"widget\" data-widget_type=\"text-editor.default\">\n\t\t\t\t<div class=\"elementor-widget-container\">\n\t\t\t\t\t\t\t\t\t<ul><li>EMG<\/li><\/ul><div>\u00a0<\/div><ul><li>EMG espont\u00e1neo<\/li><li>EMG cuantitativa<\/li><li>An\u00e1lisis AMUP<\/li><li>An\u00e1lisis de patrones de interferencia<\/li><li>Vueltas\/Amplitud EMG<\/li><li>EMG de ejecuci\u00f3n libre<\/li><li>EMG de fibra \u00fanica<\/li><li>MUNE<\/li><li>EMG multicanal en programa GPP<\/li><li>MacroEMG<\/li><\/ul>\t\t\t\t\t\t\t\t<\/div>\n\t\t\t\t<\/div>\n\t\t\t\t\t<\/div>\n\t\t<\/div>\n\t\t\t\t<div class=\"elementor-column elementor-col-25 elementor-top-column elementor-element elementor-element-e8c338d\" data-id=\"e8c338d\" data-element_type=\"column\" data-e-type=\"column\">\n\t\t\t<div class=\"elementor-widget-wrap elementor-element-populated\">\n\t\t\t\t\t\t<div class=\"elementor-element elementor-element-4eddd66 elementor-widget elementor-widget-text-editor\" data-id=\"4eddd66\" data-element_type=\"widget\" data-e-type=\"widget\" data-widget_type=\"text-editor.default\">\n\t\t\t\t<div class=\"elementor-widget-container\">\n\t\t\t\t\t\t\t\t\t<ul><li>EP<\/li><\/ul><div>\u00a0<\/div><ul><li>Potenciales evocados auditivos<\/li><li>BAER<\/li><li>Estimulaci\u00f3n de chirrido<\/li><li>Respuesta de 40 Hz<\/li><li>electrococleograf\u00eda<\/li><li>Estado estacionario auditivo<\/li><li>ASSR<\/li><li>Potenciales evocados somatosensoriales<\/li><li>Potenciales evocados visuales<\/li><li>P300\/CNV<\/li><li>Electro oculograf\u00eda<\/li><li>Electro nistagmograf\u00eda<\/li><li>Electrorretinograf\u00eda<\/li><\/ul>\t\t\t\t\t\t\t\t<\/div>\n\t\t\t\t<\/div>\n\t\t\t\t\t<\/div>\n\t\t<\/div>\n\t\t\t\t<div class=\"elementor-column elementor-col-25 elementor-top-column elementor-element elementor-element-09703d9\" data-id=\"09703d9\" data-element_type=\"column\" data-e-type=\"column\">\n\t\t\t<div class=\"elementor-widget-wrap elementor-element-populated\">\n\t\t\t\t\t\t<div class=\"elementor-element elementor-element-ad131ae elementor-widget elementor-widget-text-editor\" data-id=\"ad131ae\" data-element_type=\"widget\" data-e-type=\"widget\" data-widget_type=\"text-editor.default\">\n\t\t\t\t<div class=\"elementor-widget-container\">\n\t\t\t\t\t\t\t\t\t<ul><li>Aplicaciones de software adicionales:<\/li><\/ul><div>\u00a0<\/div><ul><li>Variabilidad del ritmo card\u00edaco<\/li><li>Potenciales relacionados con eventos<\/li><li>OIM<\/li><li>Valores normativos de referencia<\/li><li>programa GPP<\/li><li>Programa de informe avanzado<\/li><li>Generador de informes de MS Word\u00ae<\/li><\/ul>\t\t\t\t\t\t\t\t<\/div>\n\t\t\t\t<\/div>\n\t\t\t\t\t<\/div>\n\t\t<\/div>\n\t\t\t\t\t<\/div>\n\t\t<\/section>\n\t\t\t\t<section class=\"elementor-section elementor-top-section elementor-element elementor-element-52bba39 elementor-section-boxed elementor-section-height-default elementor-section-height-default wpr-particle-no wpr-jarallax-no wpr-parallax-no wpr-sticky-section-no wpr-equal-height-no\" data-id=\"52bba39\" data-element_type=\"section\" data-e-type=\"section\">\n\t\t\t\t\t\t<div class=\"elementor-container elementor-column-gap-default\">\n\t\t\t\t\t<div class=\"elementor-column elementor-col-33 elementor-top-column elementor-element elementor-element-82b6854\" data-id=\"82b6854\" data-element_type=\"column\" data-e-type=\"column\">\n\t\t\t<div class=\"elementor-widget-wrap elementor-element-populated\">\n\t\t\t\t\t\t<div class=\"elementor-element elementor-element-e670370 elementor-widget elementor-widget-image\" data-id=\"e670370\" data-element_type=\"widget\" data-e-type=\"widget\" data-widget_type=\"image.default\">\n\t\t\t\t<div class=\"elementor-widget-container\">\n\t\t\t\t\t\t\t\t\t\t\t\t\t\t\t<img decoding=\"async\" width=\"1024\" height=\"550\" src=\"https:\/\/i0.wp.com\/pm-consulting.cl\/wp-content\/uploads\/2022\/08\/SURPASS-EMG-IM1.jpg?fit=1024%2C550&amp;ssl=1\" class=\"attachment-large size-large wp-image-3306\" alt=\"\" srcset=\"https:\/\/i0.wp.com\/pm-consulting.cl\/wp-content\/uploads\/2022\/08\/SURPASS-EMG-IM1.jpg?w=1918&amp;ssl=1 1918w, https:\/\/i0.wp.com\/pm-consulting.cl\/wp-content\/uploads\/2022\/08\/SURPASS-EMG-IM1.jpg?resize=300%2C161&amp;ssl=1 300w, https:\/\/i0.wp.com\/pm-consulting.cl\/wp-content\/uploads\/2022\/08\/SURPASS-EMG-IM1.jpg?resize=1024%2C550&amp;ssl=1 1024w, https:\/\/i0.wp.com\/pm-consulting.cl\/wp-content\/uploads\/2022\/08\/SURPASS-EMG-IM1.jpg?resize=768%2C413&amp;ssl=1 768w, https:\/\/i0.wp.com\/pm-consulting.cl\/wp-content\/uploads\/2022\/08\/SURPASS-EMG-IM1.jpg?resize=1536%2C826&amp;ssl=1 1536w\" sizes=\"(max-width: 1024px) 100vw, 1024px\" \/>\t\t\t\t\t\t\t\t\t\t\t\t\t\t\t<\/div>\n\t\t\t\t<\/div>\n\t\t\t\t\t<\/div>\n\t\t<\/div>\n\t\t\t\t<div class=\"elementor-column elementor-col-33 elementor-top-column elementor-element elementor-element-5103c93\" data-id=\"5103c93\" data-element_type=\"column\" data-e-type=\"column\">\n\t\t\t<div class=\"elementor-widget-wrap elementor-element-populated\">\n\t\t\t\t\t\t<div class=\"elementor-element elementor-element-66cc7aa elementor-widget elementor-widget-image\" data-id=\"66cc7aa\" data-element_type=\"widget\" data-e-type=\"widget\" data-widget_type=\"image.default\">\n\t\t\t\t<div class=\"elementor-widget-container\">\n\t\t\t\t\t\t\t\t\t\t\t\t\t\t\t<img decoding=\"async\" width=\"1024\" height=\"550\" src=\"https:\/\/i0.wp.com\/pm-consulting.cl\/wp-content\/uploads\/2022\/08\/SURPASS-EMG-IM2.jpg?fit=1024%2C550&amp;ssl=1\" class=\"attachment-large size-large wp-image-3307\" alt=\"\" srcset=\"https:\/\/i0.wp.com\/pm-consulting.cl\/wp-content\/uploads\/2022\/08\/SURPASS-EMG-IM2.jpg?w=1921&amp;ssl=1 1921w, https:\/\/i0.wp.com\/pm-consulting.cl\/wp-content\/uploads\/2022\/08\/SURPASS-EMG-IM2.jpg?resize=300%2C161&amp;ssl=1 300w, https:\/\/i0.wp.com\/pm-consulting.cl\/wp-content\/uploads\/2022\/08\/SURPASS-EMG-IM2.jpg?resize=1024%2C550&amp;ssl=1 1024w, https:\/\/i0.wp.com\/pm-consulting.cl\/wp-content\/uploads\/2022\/08\/SURPASS-EMG-IM2.jpg?resize=768%2C412&amp;ssl=1 768w, https:\/\/i0.wp.com\/pm-consulting.cl\/wp-content\/uploads\/2022\/08\/SURPASS-EMG-IM2.jpg?resize=1536%2C824&amp;ssl=1 1536w\" sizes=\"(max-width: 1024px) 100vw, 1024px\" \/>\t\t\t\t\t\t\t\t\t\t\t\t\t\t\t<\/div>\n\t\t\t\t<\/div>\n\t\t\t\t\t<\/div>\n\t\t<\/div>\n\t\t\t\t<div class=\"elementor-column elementor-col-33 elementor-top-column elementor-element elementor-element-84224c3\" data-id=\"84224c3\" data-element_type=\"column\" data-e-type=\"column\">\n\t\t\t<div class=\"elementor-widget-wrap elementor-element-populated\">\n\t\t\t\t\t\t<div class=\"elementor-element elementor-element-e6ffd3e elementor-widget elementor-widget-image\" data-id=\"e6ffd3e\" data-element_type=\"widget\" data-e-type=\"widget\" data-widget_type=\"image.default\">\n\t\t\t\t<div class=\"elementor-widget-container\">\n\t\t\t\t\t\t\t\t\t\t\t\t\t\t\t<img loading=\"lazy\" decoding=\"async\" width=\"1024\" height=\"549\" src=\"https:\/\/i0.wp.com\/pm-consulting.cl\/wp-content\/uploads\/2022\/08\/SURPASS-EMG-IM3.jpg?fit=1024%2C549&amp;ssl=1\" class=\"attachment-large size-large wp-image-3308\" alt=\"\" srcset=\"https:\/\/i0.wp.com\/pm-consulting.cl\/wp-content\/uploads\/2022\/08\/SURPASS-EMG-IM3.jpg?w=1920&amp;ssl=1 1920w, https:\/\/i0.wp.com\/pm-consulting.cl\/wp-content\/uploads\/2022\/08\/SURPASS-EMG-IM3.jpg?resize=300%2C161&amp;ssl=1 300w, https:\/\/i0.wp.com\/pm-consulting.cl\/wp-content\/uploads\/2022\/08\/SURPASS-EMG-IM3.jpg?resize=1024%2C549&amp;ssl=1 1024w, https:\/\/i0.wp.com\/pm-consulting.cl\/wp-content\/uploads\/2022\/08\/SURPASS-EMG-IM3.jpg?resize=768%2C412&amp;ssl=1 768w, https:\/\/i0.wp.com\/pm-consulting.cl\/wp-content\/uploads\/2022\/08\/SURPASS-EMG-IM3.jpg?resize=1536%2C823&amp;ssl=1 1536w\" sizes=\"(max-width: 1024px) 100vw, 1024px\" \/>\t\t\t\t\t\t\t\t\t\t\t\t\t\t\t<\/div>\n\t\t\t\t<\/div>\n\t\t\t\t\t<\/div>\n\t\t<\/div>\n\t\t\t\t\t<\/div>\n\t\t<\/section>\n\t\t\t\t<section class=\"elementor-section elementor-top-section elementor-element elementor-element-f49c6fd elementor-section-boxed elementor-section-height-default elementor-section-height-default wpr-particle-no wpr-jarallax-no wpr-parallax-no wpr-sticky-section-no wpr-equal-height-no\" data-id=\"f49c6fd\" data-element_type=\"section\" data-e-type=\"section\">\n\t\t\t\t\t\t<div class=\"elementor-container elementor-column-gap-default\">\n\t\t\t\t\t<div class=\"elementor-column elementor-col-100 elementor-top-column elementor-element elementor-element-a9dd707\" data-id=\"a9dd707\" data-element_type=\"column\" data-e-type=\"column\">\n\t\t\t<div class=\"elementor-widget-wrap elementor-element-populated\">\n\t\t\t\t\t\t<div class=\"elementor-element elementor-element-9df1e88 elementor-widget elementor-widget-spacer\" data-id=\"9df1e88\" data-element_type=\"widget\" data-e-type=\"widget\" data-widget_type=\"spacer.default\">\n\t\t\t\t<div class=\"elementor-widget-container\">\n\t\t\t\t\t\t\t<div class=\"elementor-spacer\">\n\t\t\t<div class=\"elementor-spacer-inner\"><\/div>\n\t\t<\/div>\n\t\t\t\t\t\t<\/div>\n\t\t\t\t<\/div>\n\t\t\t\t\t<\/div>\n\t\t<\/div>\n\t\t\t\t\t<\/div>\n\t\t<\/section>\n\t\t\t\t<\/div>\n\t\t","protected":false},"excerpt":{"rendered":"<p>Ver Cat\u00e1logo SURPASS EMG\/EP\/IOM Caracter\u00edsticas \u00a0 Amplificador EMG\/EP\/IOM y EEG de 2 a 8 canales electroestimulador de 2 canales Opci\u00f3n de conmutaci\u00f3n de amplificador interno Hasta 4 entradas de disparo para ERP Panel de control t\u00e1ctil Visualizaci\u00f3n de hasta 99 trazos en cascada o en forma dividida Amplia variedad de plantillas de informes funcionales Estimulador Auditivo programable gratuito Grabadora de se\u00f1al interna de hasta 10 minutos Ajustes de estimulaci\u00f3n silenciosa \u00a0 The Surpass is a comprehensive, easy to use 2 to 8 channel EMG\/EP\/EEG workstation for clinical and research use. The Stimulator control unit can be used for the stand alone as well as for the portable unit. The modular design philosophy ensures flexibility and upgrade opportunities with a complete set of software and hardware options. Using a common operating platform simplifies operation, increases productivity and quality control. Our unique Quality Sorted Averaging method provides faster testing and saves your recording time. SNC \u00a0 Conducci\u00f3n nerviosa motora Conducci\u00f3n nerviosa sensorial Onda F H-reflejo Prueba de decremento Reflejo de parpadeo Avance lento Respuesta simp\u00e1tica de la piel Periodo refractario estimulaci\u00f3n repetitiva Prueba de colisi\u00f3n triple estimulaci\u00f3n EMG \u00a0 EMG espont\u00e1neo EMG cuantitativa An\u00e1lisis AMUP An\u00e1lisis de patrones de interferencia Vueltas\/Amplitud EMG EMG de ejecuci\u00f3n libre EMG de fibra \u00fanica MUNE EMG multicanal en programa GPP MacroEMG EP \u00a0 Potenciales evocados auditivos BAER Estimulaci\u00f3n de chirrido Respuesta de 40 Hz electrococleograf\u00eda Estado estacionario auditivo ASSR Potenciales evocados somatosensoriales Potenciales evocados visuales P300\/CNV Electro oculograf\u00eda Electro nistagmograf\u00eda Electrorretinograf\u00eda Aplicaciones de software adicionales: \u00a0 Variabilidad del ritmo card\u00edaco Potenciales relacionados con eventos OIM Valores normativos de referencia programa GPP Programa de informe avanzado Generador de informes de MS Word\u00ae<\/p>\n","protected":false},"author":2,"featured_media":0,"parent":0,"menu_order":0,"comment_status":"closed","ping_status":"closed","template":"page-templates\/template-pagebuilder-full-width.php","meta":{"nf_dc_page":"","_monsterinsights_skip_tracking":false,"_monsterinsights_sitenote_active":false,"_monsterinsights_sitenote_note":"","_monsterinsights_sitenote_category":0,"neve_meta_sidebar":"","neve_meta_container":"","neve_meta_enable_content_width":"","neve_meta_content_width":0,"neve_meta_title_alignment":"","neve_meta_author_avatar":"","neve_post_elements_order":"","neve_meta_disable_header":"","neve_meta_disable_footer":"","neve_meta_disable_title":"","footnotes":""},"class_list":["post-3303","page","type-page","status-publish","hentry"],"jetpack_sharing_enabled":true,"_links":{"self":[{"href":"https:\/\/pm-consulting.cl\/inicio\/wp-json\/wp\/v2\/pages\/3303","targetHints":{"allow":["GET"]}}],"collection":[{"href":"https:\/\/pm-consulting.cl\/inicio\/wp-json\/wp\/v2\/pages"}],"about":[{"href":"https:\/\/pm-consulting.cl\/inicio\/wp-json\/wp\/v2\/types\/page"}],"author":[{"embeddable":true,"href":"https:\/\/pm-consulting.cl\/inicio\/wp-json\/wp\/v2\/users\/2"}],"replies":[{"embeddable":true,"href":"https:\/\/pm-consulting.cl\/inicio\/wp-json\/wp\/v2\/comments?post=3303"}],"version-history":[{"count":13,"href":"https:\/\/pm-consulting.cl\/inicio\/wp-json\/wp\/v2\/pages\/3303\/revisions"}],"predecessor-version":[{"id":3690,"href":"https:\/\/pm-consulting.cl\/inicio\/wp-json\/wp\/v2\/pages\/3303\/revisions\/3690"}],"wp:attachment":[{"href":"https:\/\/pm-consulting.cl\/inicio\/wp-json\/wp\/v2\/media?parent=3303"}],"curies":[{"name":"wp","href":"https:\/\/api.w.org\/{rel}","templated":true}]}}