{"id":3318,"date":"2022-08-26T17:04:54","date_gmt":"2022-08-26T21:04:54","guid":{"rendered":"https:\/\/pm-consulting.cl\/inicio\/?page_id=3318"},"modified":"2022-08-26T20:43:08","modified_gmt":"2022-08-27T00:43:08","slug":"surpass-ii-emg-ep-iom","status":"publish","type":"page","link":"https:\/\/pm-consulting.cl\/inicio\/surpass-ii-emg-ep-iom\/","title":{"rendered":"SURPASS II EMG\/EP\/IOM"},"content":{"rendered":"\t\t<div data-elementor-type=\"wp-page\" data-elementor-id=\"3318\" class=\"elementor elementor-3318\">\n\t\t\t\t\t\t<section class=\"elementor-section elementor-top-section elementor-element elementor-element-604d775 elementor-section-boxed elementor-section-height-default elementor-section-height-default wpr-particle-no wpr-jarallax-no wpr-parallax-no wpr-sticky-section-no wpr-equal-height-no\" data-id=\"604d775\" data-element_type=\"section\" data-e-type=\"section\">\n\t\t\t\t\t\t<div class=\"elementor-container elementor-column-gap-default\">\n\t\t\t\t\t<div class=\"elementor-column elementor-col-100 elementor-top-column elementor-element elementor-element-39e7336\" data-id=\"39e7336\" data-element_type=\"column\" data-e-type=\"column\">\n\t\t\t<div class=\"elementor-widget-wrap elementor-element-populated\">\n\t\t\t\t\t\t<div class=\"elementor-element elementor-element-941606e elementor-align-center elementor-widget elementor-widget-button\" data-id=\"941606e\" data-element_type=\"widget\" data-e-type=\"widget\" data-widget_type=\"button.default\">\n\t\t\t\t<div class=\"elementor-widget-container\">\n\t\t\t\t\t\t\t\t\t<div class=\"elementor-button-wrapper\">\n\t\t\t\t\t<a class=\"elementor-button elementor-button-link elementor-size-sm elementor-animation-grow\" href=\"#\" target=\"_blank\">\n\t\t\t\t\t\t<span class=\"elementor-button-content-wrapper\">\n\t\t\t\t\t\t\t\t\t<span class=\"elementor-button-text\">Ver Cat\u00e1logo<\/span>\n\t\t\t\t\t<\/span>\n\t\t\t\t\t<\/a>\n\t\t\t\t<\/div>\n\t\t\t\t\t\t\t\t<\/div>\n\t\t\t\t<\/div>\n\t\t\t\t\t<\/div>\n\t\t<\/div>\n\t\t\t\t\t<\/div>\n\t\t<\/section>\n\t\t\t\t<section class=\"elementor-section elementor-top-section elementor-element elementor-element-0773413 elementor-section-boxed elementor-section-height-default elementor-section-height-default wpr-particle-no wpr-jarallax-no wpr-parallax-no wpr-sticky-section-no wpr-equal-height-no\" data-id=\"0773413\" data-element_type=\"section\" data-e-type=\"section\">\n\t\t\t\t\t\t<div class=\"elementor-container elementor-column-gap-default\">\n\t\t\t\t\t<div class=\"elementor-column elementor-col-50 elementor-top-column elementor-element elementor-element-b65ab2e\" data-id=\"b65ab2e\" data-element_type=\"column\" data-e-type=\"column\">\n\t\t\t<div class=\"elementor-widget-wrap elementor-element-populated\">\n\t\t\t\t\t\t<div class=\"elementor-element elementor-element-2f67e68 elementor-widget elementor-widget-image\" data-id=\"2f67e68\" data-element_type=\"widget\" data-e-type=\"widget\" data-widget_type=\"image.default\">\n\t\t\t\t<div class=\"elementor-widget-container\">\n\t\t\t\t\t\t\t\t\t\t\t\t\t\t\t<img fetchpriority=\"high\" decoding=\"async\" width=\"542\" height=\"781\" src=\"https:\/\/i0.wp.com\/pm-consulting.cl\/wp-content\/uploads\/2022\/08\/SURPASS-II-1.png?fit=542%2C781&amp;ssl=1\" class=\"attachment-large size-large wp-image-3321\" alt=\"\" srcset=\"https:\/\/i0.wp.com\/pm-consulting.cl\/wp-content\/uploads\/2022\/08\/SURPASS-II-1.png?w=542&amp;ssl=1 542w, https:\/\/i0.wp.com\/pm-consulting.cl\/wp-content\/uploads\/2022\/08\/SURPASS-II-1.png?resize=208%2C300&amp;ssl=1 208w\" sizes=\"(max-width: 542px) 100vw, 542px\" \/>\t\t\t\t\t\t\t\t\t\t\t\t\t\t\t<\/div>\n\t\t\t\t<\/div>\n\t\t\t\t\t<\/div>\n\t\t<\/div>\n\t\t\t\t<div class=\"elementor-column elementor-col-50 elementor-top-column elementor-element elementor-element-59c1bbd\" data-id=\"59c1bbd\" data-element_type=\"column\" data-e-type=\"column\">\n\t\t\t<div class=\"elementor-widget-wrap elementor-element-populated\">\n\t\t\t\t\t\t<div class=\"elementor-element elementor-element-09f662f elementor-widget elementor-widget-heading\" data-id=\"09f662f\" data-element_type=\"widget\" data-e-type=\"widget\" data-widget_type=\"heading.default\">\n\t\t\t\t<div class=\"elementor-widget-container\">\n\t\t\t\t\t<h5 class=\"elementor-heading-title elementor-size-default\">SURPASS II EMG\/EP\/IOM<\/h5>\t\t\t\t<\/div>\n\t\t\t\t<\/div>\n\t\t\t\t<div class=\"elementor-element elementor-element-f17c93d elementor-widget elementor-widget-text-editor\" data-id=\"f17c93d\" data-element_type=\"widget\" data-e-type=\"widget\" data-widget_type=\"text-editor.default\">\n\t\t\t\t<div class=\"elementor-widget-container\">\n\t\t\t\t\t\t\t\t\t<ul><li>Caracter\u00edsticas<\/li><\/ul><div>\u00a0<\/div><ul><li>Amplificador bipolar de alta calidad y alta velocidad hasta 24 canales<\/li><li>Opci\u00f3n de conmutaci\u00f3n incorporada para la combinaci\u00f3n de canales de entrada a referencia com\u00fan<\/li><li>Benef\u00edciese de la interfaz USB 2 que elimina la interferencia de ruido anal\u00f3gico<\/li><li>Versi\u00f3n de escritorio y port\u00e1til<\/li><li>Sistema operativo Windows con base de datos MS Access y generador de informes programable gratuito<\/li><li>Flexibilidad superior en la configuraci\u00f3n del sistema<\/li><li>F\u00e1cil de usar, f\u00e1cil de actualizar<\/li><li>Para fines de an\u00e1lisis posteriores, todos los datos sin procesar se pueden almacenar en el disco duro<\/li><li>Gama completa de paquetes de software para ex\u00e1menes cl\u00ednicos EMG\/EP, NCS y ERP<\/li><li>M\u00faltiples tipos de est\u00edmulos para las grabaciones de ERP se controlan simult\u00e1neamente<\/li><li>Muestra hasta 99 formas de onda en cascada o en forma dividida en una pantalla<\/li><li>Funci\u00f3n de desplazamiento y zoom para cada traza, as\u00ed como etiquetado de trazas definible por el usuario<\/li><li>Temporizador de cuenta regresiva para la prueba de disminuci\u00f3n<\/li><\/ul>\t\t\t\t\t\t\t\t<\/div>\n\t\t\t\t<\/div>\n\t\t\t\t\t<\/div>\n\t\t<\/div>\n\t\t\t\t\t<\/div>\n\t\t<\/section>\n\t\t\t\t<section class=\"elementor-section elementor-top-section elementor-element elementor-element-c74684f elementor-section-boxed elementor-section-height-default elementor-section-height-default wpr-particle-no wpr-jarallax-no wpr-parallax-no wpr-sticky-section-no wpr-equal-height-no\" data-id=\"c74684f\" data-element_type=\"section\" data-e-type=\"section\">\n\t\t\t\t\t\t<div class=\"elementor-container elementor-column-gap-default\">\n\t\t\t\t\t<div class=\"elementor-column elementor-col-25 elementor-top-column elementor-element elementor-element-64d4a1d\" data-id=\"64d4a1d\" data-element_type=\"column\" data-e-type=\"column\">\n\t\t\t<div class=\"elementor-widget-wrap elementor-element-populated\">\n\t\t\t\t\t\t<div class=\"elementor-element elementor-element-94850ed elementor-widget elementor-widget-text-editor\" data-id=\"94850ed\" data-element_type=\"widget\" data-e-type=\"widget\" data-widget_type=\"text-editor.default\">\n\t\t\t\t<div class=\"elementor-widget-container\">\n\t\t\t\t\t\t\t\t\t<ul><li>SNC<\/li><\/ul><div>\u00a0<\/div><ul><li>Conducci\u00f3n nerviosa motora<\/li><li>Conducci\u00f3n nerviosa sensorial<\/li><li>Onda F<\/li><li>H-reflejo<\/li><li>Prueba de decremento<\/li><li>Reflejo de parpadeo<\/li><li>Avance lento<\/li><li>Respuesta simp\u00e1tica de la piel<\/li><li>Prueba de colisi\u00f3n<\/li><li>Mun\u00e9<\/li><\/ul>\t\t\t\t\t\t\t\t<\/div>\n\t\t\t\t<\/div>\n\t\t\t\t\t<\/div>\n\t\t<\/div>\n\t\t\t\t<div class=\"elementor-column elementor-col-25 elementor-top-column elementor-element elementor-element-4da9d83\" data-id=\"4da9d83\" data-element_type=\"column\" data-e-type=\"column\">\n\t\t\t<div class=\"elementor-widget-wrap elementor-element-populated\">\n\t\t\t\t\t\t<div class=\"elementor-element elementor-element-57d0f4b elementor-widget elementor-widget-text-editor\" data-id=\"57d0f4b\" data-element_type=\"widget\" data-e-type=\"widget\" data-widget_type=\"text-editor.default\">\n\t\t\t\t<div class=\"elementor-widget-container\">\n\t\t\t\t\t\t\t\t\t<ul><li>EMG<\/li><\/ul><div>\u00a0<\/div><ul><li>EMG espont\u00e1neo<\/li><li>EMG cuantitativa<\/li><li>An\u00e1lisis AMUP<\/li><li>An\u00e1lisis de patrones de interferencia<\/li><li>EMG de fibra \u00fanica<\/li><li>EMG multicanal en programa<\/li><li>GPP<\/li><li>MacroEMG<\/li><\/ul>\t\t\t\t\t\t\t\t<\/div>\n\t\t\t\t<\/div>\n\t\t\t\t\t<\/div>\n\t\t<\/div>\n\t\t\t\t<div class=\"elementor-column elementor-col-25 elementor-top-column elementor-element elementor-element-3f9ce47\" data-id=\"3f9ce47\" data-element_type=\"column\" data-e-type=\"column\">\n\t\t\t<div class=\"elementor-widget-wrap elementor-element-populated\">\n\t\t\t\t\t\t<div class=\"elementor-element elementor-element-9a5deab elementor-widget elementor-widget-text-editor\" data-id=\"9a5deab\" data-element_type=\"widget\" data-e-type=\"widget\" data-widget_type=\"text-editor.default\">\n\t\t\t\t<div class=\"elementor-widget-container\">\n\t\t\t\t\t\t\t\t\t<ul><li>EP<\/li><\/ul><div>\u00a0<\/div><ul><li>Potenciales evocados auditivos<\/li><li>Potencial evocado somatosensorial<\/li><li>Potenciales evocados visuales<\/li><li>P300\/CNV<\/li><li>Electro oculograf\u00eda<\/li><li>Electro nistagmograf\u00eda<\/li><li>Electrorretinograf\u00eda<\/li><\/ul>\t\t\t\t\t\t\t\t<\/div>\n\t\t\t\t<\/div>\n\t\t\t\t\t<\/div>\n\t\t<\/div>\n\t\t\t\t<div class=\"elementor-column elementor-col-25 elementor-top-column elementor-element elementor-element-be11869\" data-id=\"be11869\" data-element_type=\"column\" data-e-type=\"column\">\n\t\t\t<div class=\"elementor-widget-wrap elementor-element-populated\">\n\t\t\t\t\t\t<div class=\"elementor-element elementor-element-1cc9835 elementor-widget elementor-widget-text-editor\" data-id=\"1cc9835\" data-element_type=\"widget\" data-e-type=\"widget\" data-widget_type=\"text-editor.default\">\n\t\t\t\t<div class=\"elementor-widget-container\">\n\t\t\t\t\t\t\t\t\t<ul><li>Aplicaciones de software adicionales:<\/li><\/ul><div>\u00a0<\/div><ul><li>Variabilidad del ritmo card\u00edaco<\/li><li>OIM<\/li><li>Valores de referencia normativos<\/li><li>programa MPP<\/li><li>Generador de informes de MS Word\u00ae<\/li><\/ul>\t\t\t\t\t\t\t\t<\/div>\n\t\t\t\t<\/div>\n\t\t\t\t\t<\/div>\n\t\t<\/div>\n\t\t\t\t\t<\/div>\n\t\t<\/section>\n\t\t\t\t<section class=\"elementor-section elementor-top-section elementor-element elementor-element-be7cb5c elementor-section-boxed elementor-section-height-default elementor-section-height-default wpr-particle-no wpr-jarallax-no wpr-parallax-no wpr-sticky-section-no wpr-equal-height-no\" data-id=\"be7cb5c\" data-element_type=\"section\" data-e-type=\"section\">\n\t\t\t\t\t\t<div class=\"elementor-container elementor-column-gap-default\">\n\t\t\t\t\t<div class=\"elementor-column elementor-col-100 elementor-top-column elementor-element elementor-element-e45ef39\" data-id=\"e45ef39\" data-element_type=\"column\" data-e-type=\"column\">\n\t\t\t<div class=\"elementor-widget-wrap elementor-element-populated\">\n\t\t\t\t\t\t<div class=\"elementor-element elementor-element-7353068 elementor-widget elementor-widget-text-editor\" data-id=\"7353068\" data-element_type=\"widget\" data-e-type=\"widget\" data-widget_type=\"text-editor.default\">\n\t\t\t\t<div class=\"elementor-widget-container\">\n\t\t\t\t\t\t\t\t\t<p>Surpass II es una innovaci\u00f3n pionera en electromiograf\u00eda cuantitativa, estudios de conducci\u00f3n nerviosa y diagn\u00f3stico de potenciales evocados. Dise\u00f1ado en base a nuestros 30 a\u00f1os de experiencia en neurofisiolog\u00eda, garantiza responsabilidad, rendimiento, calidad y asequibilidad. Surpass II integra la nueva tecnolog\u00eda de hardware con las modalidades revolucionarias y establece un nuevo est\u00e1ndar en electrofisiolog\u00eda. La nueva t\u00e9cnica de promedio QSA reduce su tiempo de grabaci\u00f3n hasta en un 60%. El estimulador multimodal programable totalmente gratuito especialmente dise\u00f1ado se puede utilizar para combinar diferentes est\u00edmulos para aplicaciones AEP, SEP, VEP y ERP. El amplificador digital Surpass II permite grabaciones de alta velocidad y alta calidad y se puede actualizar f\u00e1cilmente hasta 24 canales. Su interfaz USB 2 elimina las interferencias de ruido anal\u00f3gico y garantiza resultados fiables. Las entradas y salidas de disparador integradas de 8 bits proporcionan la base para una estimulaci\u00f3n compleja. Tanto la versi\u00f3n de escritorio como la port\u00e1til se basan en el sistema operativo MS Windows con la base de datos de pacientes MS Access y una funci\u00f3n de informe flexible. El panel de control codificado por colores brinda m\u00e1s eficiencia en su rutina diaria.<\/p>\t\t\t\t\t\t\t\t<\/div>\n\t\t\t\t<\/div>\n\t\t\t\t\t<\/div>\n\t\t<\/div>\n\t\t\t\t\t<\/div>\n\t\t<\/section>\n\t\t\t\t<section class=\"elementor-section elementor-top-section elementor-element elementor-element-08c48e4 elementor-section-boxed elementor-section-height-default elementor-section-height-default wpr-particle-no wpr-jarallax-no wpr-parallax-no wpr-sticky-section-no wpr-equal-height-no\" data-id=\"08c48e4\" data-element_type=\"section\" data-e-type=\"section\">\n\t\t\t\t\t\t<div class=\"elementor-container elementor-column-gap-default\">\n\t\t\t\t\t<div class=\"elementor-column elementor-col-33 elementor-top-column elementor-element elementor-element-3d6627e\" data-id=\"3d6627e\" data-element_type=\"column\" data-e-type=\"column\">\n\t\t\t<div class=\"elementor-widget-wrap elementor-element-populated\">\n\t\t\t\t\t\t<div class=\"elementor-element elementor-element-8daedec elementor-widget elementor-widget-image\" data-id=\"8daedec\" data-element_type=\"widget\" data-e-type=\"widget\" data-widget_type=\"image.default\">\n\t\t\t\t<div class=\"elementor-widget-container\">\n\t\t\t\t\t\t\t\t\t\t\t\t\t\t\t<img decoding=\"async\" width=\"438\" height=\"336\" src=\"https:\/\/i0.wp.com\/pm-consulting.cl\/wp-content\/uploads\/2022\/08\/SURPASS-II-IM2.jpg?fit=438%2C336&amp;ssl=1\" class=\"attachment-large size-large wp-image-3323\" alt=\"\" srcset=\"https:\/\/i0.wp.com\/pm-consulting.cl\/wp-content\/uploads\/2022\/08\/SURPASS-II-IM2.jpg?w=438&amp;ssl=1 438w, https:\/\/i0.wp.com\/pm-consulting.cl\/wp-content\/uploads\/2022\/08\/SURPASS-II-IM2.jpg?resize=300%2C230&amp;ssl=1 300w\" sizes=\"(max-width: 438px) 100vw, 438px\" \/>\t\t\t\t\t\t\t\t\t\t\t\t\t\t\t<\/div>\n\t\t\t\t<\/div>\n\t\t\t\t\t<\/div>\n\t\t<\/div>\n\t\t\t\t<div class=\"elementor-column elementor-col-33 elementor-top-column elementor-element elementor-element-2984364\" data-id=\"2984364\" data-element_type=\"column\" data-e-type=\"column\">\n\t\t\t<div class=\"elementor-widget-wrap elementor-element-populated\">\n\t\t\t\t\t\t<div class=\"elementor-element elementor-element-c858c61 elementor-widget elementor-widget-image\" data-id=\"c858c61\" data-element_type=\"widget\" data-e-type=\"widget\" data-widget_type=\"image.default\">\n\t\t\t\t<div class=\"elementor-widget-container\">\n\t\t\t\t\t\t\t\t\t\t\t\t\t\t\t<img decoding=\"async\" width=\"438\" height=\"336\" src=\"https:\/\/i0.wp.com\/pm-consulting.cl\/wp-content\/uploads\/2022\/08\/SURPASS-IM3.jpg?fit=438%2C336&amp;ssl=1\" class=\"attachment-large size-large wp-image-3324\" alt=\"\" srcset=\"https:\/\/i0.wp.com\/pm-consulting.cl\/wp-content\/uploads\/2022\/08\/SURPASS-IM3.jpg?w=438&amp;ssl=1 438w, https:\/\/i0.wp.com\/pm-consulting.cl\/wp-content\/uploads\/2022\/08\/SURPASS-IM3.jpg?resize=300%2C230&amp;ssl=1 300w\" sizes=\"(max-width: 438px) 100vw, 438px\" \/>\t\t\t\t\t\t\t\t\t\t\t\t\t\t\t<\/div>\n\t\t\t\t<\/div>\n\t\t\t\t\t<\/div>\n\t\t<\/div>\n\t\t\t\t<div class=\"elementor-column elementor-col-33 elementor-top-column elementor-element elementor-element-ab56249\" data-id=\"ab56249\" data-element_type=\"column\" data-e-type=\"column\">\n\t\t\t<div class=\"elementor-widget-wrap elementor-element-populated\">\n\t\t\t\t\t\t<div class=\"elementor-element elementor-element-a00faef elementor-widget elementor-widget-image\" data-id=\"a00faef\" data-element_type=\"widget\" data-e-type=\"widget\" data-widget_type=\"image.default\">\n\t\t\t\t<div class=\"elementor-widget-container\">\n\t\t\t\t\t\t\t\t\t\t\t\t\t\t\t<img loading=\"lazy\" decoding=\"async\" width=\"579\" height=\"378\" src=\"https:\/\/i0.wp.com\/pm-consulting.cl\/wp-content\/uploads\/2022\/08\/SURPASS-II-IM1.png?fit=579%2C378&amp;ssl=1\" class=\"attachment-large size-large wp-image-3322\" alt=\"\" srcset=\"https:\/\/i0.wp.com\/pm-consulting.cl\/wp-content\/uploads\/2022\/08\/SURPASS-II-IM1.png?w=579&amp;ssl=1 579w, https:\/\/i0.wp.com\/pm-consulting.cl\/wp-content\/uploads\/2022\/08\/SURPASS-II-IM1.png?resize=300%2C196&amp;ssl=1 300w\" sizes=\"(max-width: 579px) 100vw, 579px\" \/>\t\t\t\t\t\t\t\t\t\t\t\t\t\t\t<\/div>\n\t\t\t\t<\/div>\n\t\t\t\t\t<\/div>\n\t\t<\/div>\n\t\t\t\t\t<\/div>\n\t\t<\/section>\n\t\t\t\t<section class=\"elementor-section elementor-top-section elementor-element elementor-element-b4ba9bb elementor-section-boxed elementor-section-height-default elementor-section-height-default wpr-particle-no wpr-jarallax-no wpr-parallax-no wpr-sticky-section-no wpr-equal-height-no\" data-id=\"b4ba9bb\" data-element_type=\"section\" data-e-type=\"section\">\n\t\t\t\t\t\t<div class=\"elementor-container elementor-column-gap-default\">\n\t\t\t\t\t<div class=\"elementor-column elementor-col-100 elementor-top-column elementor-element elementor-element-5eb1b63\" data-id=\"5eb1b63\" data-element_type=\"column\" data-e-type=\"column\">\n\t\t\t<div class=\"elementor-widget-wrap elementor-element-populated\">\n\t\t\t\t\t\t<div class=\"elementor-element elementor-element-57b1050 elementor-widget elementor-widget-spacer\" data-id=\"57b1050\" data-element_type=\"widget\" data-e-type=\"widget\" data-widget_type=\"spacer.default\">\n\t\t\t\t<div class=\"elementor-widget-container\">\n\t\t\t\t\t\t\t<div class=\"elementor-spacer\">\n\t\t\t<div class=\"elementor-spacer-inner\"><\/div>\n\t\t<\/div>\n\t\t\t\t\t\t<\/div>\n\t\t\t\t<\/div>\n\t\t\t\t\t<\/div>\n\t\t<\/div>\n\t\t\t\t\t<\/div>\n\t\t<\/section>\n\t\t\t\t<\/div>\n\t\t","protected":false},"excerpt":{"rendered":"<p>Ver Cat\u00e1logo SURPASS II EMG\/EP\/IOM Caracter\u00edsticas \u00a0 Amplificador bipolar de alta calidad y alta velocidad hasta 24 canales Opci\u00f3n de conmutaci\u00f3n incorporada para la combinaci\u00f3n de canales de entrada a referencia com\u00fan Benef\u00edciese de la interfaz USB 2 que elimina la interferencia de ruido anal\u00f3gico Versi\u00f3n de escritorio y port\u00e1til Sistema operativo Windows con base de datos MS Access y generador de informes programable gratuito Flexibilidad superior en la configuraci\u00f3n del sistema F\u00e1cil de usar, f\u00e1cil de actualizar Para fines de an\u00e1lisis posteriores, todos los datos sin procesar se pueden almacenar en el disco duro Gama completa de paquetes de software para ex\u00e1menes cl\u00ednicos EMG\/EP, NCS y ERP M\u00faltiples tipos de est\u00edmulos para las grabaciones de ERP se controlan simult\u00e1neamente Muestra hasta 99 formas de onda en cascada o en forma dividida en una pantalla Funci\u00f3n de desplazamiento y zoom para cada traza, as\u00ed como etiquetado de trazas definible por el usuario Temporizador de cuenta regresiva para la prueba de disminuci\u00f3n SNC \u00a0 Conducci\u00f3n nerviosa motora Conducci\u00f3n nerviosa sensorial Onda F H-reflejo Prueba de decremento Reflejo de parpadeo Avance lento Respuesta simp\u00e1tica de la piel Prueba de colisi\u00f3n Mun\u00e9 EMG \u00a0 EMG espont\u00e1neo EMG cuantitativa An\u00e1lisis AMUP An\u00e1lisis de patrones de interferencia EMG de fibra \u00fanica EMG multicanal en programa GPP MacroEMG EP \u00a0 Potenciales evocados auditivos Potencial evocado somatosensorial Potenciales evocados visuales P300\/CNV Electro oculograf\u00eda Electro nistagmograf\u00eda Electrorretinograf\u00eda Aplicaciones de software adicionales: \u00a0 Variabilidad del ritmo card\u00edaco OIM Valores de referencia normativos programa MPP Generador de informes de MS Word\u00ae Surpass II es una innovaci\u00f3n pionera en electromiograf\u00eda cuantitativa, estudios de conducci\u00f3n nerviosa y diagn\u00f3stico de potenciales evocados. Dise\u00f1ado en base a nuestros 30 a\u00f1os de experiencia en neurofisiolog\u00eda, garantiza responsabilidad, rendimiento, calidad y asequibilidad. Surpass II integra la nueva tecnolog\u00eda de hardware con las modalidades revolucionarias y establece un nuevo est\u00e1ndar en electrofisiolog\u00eda. La nueva t\u00e9cnica de promedio QSA reduce su tiempo de grabaci\u00f3n hasta en un 60%. El estimulador multimodal programable totalmente gratuito especialmente dise\u00f1ado se puede utilizar para combinar diferentes est\u00edmulos para aplicaciones AEP, SEP, VEP y ERP. El amplificador digital Surpass II permite grabaciones de alta velocidad y alta calidad y se puede actualizar f\u00e1cilmente hasta 24 canales. Su interfaz USB 2 elimina las interferencias de ruido anal\u00f3gico y garantiza resultados fiables. Las entradas y salidas de disparador integradas de 8 bits proporcionan la base para una estimulaci\u00f3n compleja. Tanto la versi\u00f3n de escritorio como la port\u00e1til se basan en el sistema operativo MS Windows con la base de datos de pacientes MS Access y una funci\u00f3n de informe flexible. El panel de control codificado por colores brinda m\u00e1s eficiencia en su rutina diaria.<\/p>\n","protected":false},"author":2,"featured_media":0,"parent":0,"menu_order":0,"comment_status":"closed","ping_status":"closed","template":"page-templates\/template-pagebuilder-full-width.php","meta":{"nf_dc_page":"","_monsterinsights_skip_tracking":false,"_monsterinsights_sitenote_active":false,"_monsterinsights_sitenote_note":"","_monsterinsights_sitenote_category":0,"neve_meta_sidebar":"","neve_meta_container":"","neve_meta_enable_content_width":"","neve_meta_content_width":0,"neve_meta_title_alignment":"","neve_meta_author_avatar":"","neve_post_elements_order":"","neve_meta_disable_header":"","neve_meta_disable_footer":"","neve_meta_disable_title":"","footnotes":""},"class_list":["post-3318","page","type-page","status-publish","hentry"],"jetpack_sharing_enabled":true,"_links":{"self":[{"href":"https:\/\/pm-consulting.cl\/inicio\/wp-json\/wp\/v2\/pages\/3318","targetHints":{"allow":["GET"]}}],"collection":[{"href":"https:\/\/pm-consulting.cl\/inicio\/wp-json\/wp\/v2\/pages"}],"about":[{"href":"https:\/\/pm-consulting.cl\/inicio\/wp-json\/wp\/v2\/types\/page"}],"author":[{"embeddable":true,"href":"https:\/\/pm-consulting.cl\/inicio\/wp-json\/wp\/v2\/users\/2"}],"replies":[{"embeddable":true,"href":"https:\/\/pm-consulting.cl\/inicio\/wp-json\/wp\/v2\/comments?post=3318"}],"version-history":[{"count":13,"href":"https:\/\/pm-consulting.cl\/inicio\/wp-json\/wp\/v2\/pages\/3318\/revisions"}],"predecessor-version":[{"id":3586,"href":"https:\/\/pm-consulting.cl\/inicio\/wp-json\/wp\/v2\/pages\/3318\/revisions\/3586"}],"wp:attachment":[{"href":"https:\/\/pm-consulting.cl\/inicio\/wp-json\/wp\/v2\/media?parent=3318"}],"curies":[{"name":"wp","href":"https:\/\/api.w.org\/{rel}","templated":true}]}}