{"id":3372,"date":"2022-08-26T18:02:54","date_gmt":"2022-08-26T22:02:54","guid":{"rendered":"https:\/\/pm-consulting.cl\/inicio\/?page_id=3372"},"modified":"2022-08-26T21:32:14","modified_gmt":"2022-08-27T01:32:14","slug":"ems-neuroestimulador","status":"publish","type":"page","link":"https:\/\/pm-consulting.cl\/inicio\/ems-neuroestimulador\/","title":{"rendered":"EMS NEUROESTIMULADOR"},"content":{"rendered":"\t\t<div data-elementor-type=\"wp-page\" data-elementor-id=\"3372\" class=\"elementor elementor-3372\">\n\t\t\t\t\t\t<section class=\"elementor-section elementor-top-section elementor-element elementor-element-2afd40e elementor-section-boxed elementor-section-height-default elementor-section-height-default wpr-particle-no wpr-jarallax-no wpr-parallax-no wpr-sticky-section-no wpr-equal-height-no\" data-id=\"2afd40e\" data-element_type=\"section\" data-e-type=\"section\">\n\t\t\t\t\t\t<div class=\"elementor-container elementor-column-gap-default\">\n\t\t\t\t\t<div class=\"elementor-column elementor-col-100 elementor-top-column elementor-element elementor-element-141ad85\" data-id=\"141ad85\" data-element_type=\"column\" data-e-type=\"column\">\n\t\t\t<div class=\"elementor-widget-wrap elementor-element-populated\">\n\t\t\t\t\t\t<div class=\"elementor-element elementor-element-d424dce elementor-align-center elementor-widget elementor-widget-button\" data-id=\"d424dce\" data-element_type=\"widget\" data-e-type=\"widget\" data-widget_type=\"button.default\">\n\t\t\t\t<div class=\"elementor-widget-container\">\n\t\t\t\t\t\t\t\t\t<div class=\"elementor-button-wrapper\">\n\t\t\t\t\t<a class=\"elementor-button elementor-button-link elementor-size-sm elementor-animation-grow\" href=\"#\" target=\"_blank\">\n\t\t\t\t\t\t<span class=\"elementor-button-content-wrapper\">\n\t\t\t\t\t\t\t\t\t<span class=\"elementor-button-text\">Ver Cat\u00e1logo<\/span>\n\t\t\t\t\t<\/span>\n\t\t\t\t\t<\/a>\n\t\t\t\t<\/div>\n\t\t\t\t\t\t\t\t<\/div>\n\t\t\t\t<\/div>\n\t\t\t\t\t<\/div>\n\t\t<\/div>\n\t\t\t\t\t<\/div>\n\t\t<\/section>\n\t\t\t\t<section class=\"elementor-section elementor-top-section elementor-element elementor-element-7375e7e elementor-section-boxed elementor-section-height-default elementor-section-height-default wpr-particle-no wpr-jarallax-no wpr-parallax-no wpr-sticky-section-no wpr-equal-height-no\" data-id=\"7375e7e\" data-element_type=\"section\" data-e-type=\"section\">\n\t\t\t\t\t\t<div class=\"elementor-container elementor-column-gap-default\">\n\t\t\t\t\t<div class=\"elementor-column elementor-col-50 elementor-top-column elementor-element elementor-element-a0af31d\" data-id=\"a0af31d\" data-element_type=\"column\" data-e-type=\"column\">\n\t\t\t<div class=\"elementor-widget-wrap elementor-element-populated\">\n\t\t\t\t\t\t<div class=\"elementor-element elementor-element-50ba6fd elementor-widget elementor-widget-image\" data-id=\"50ba6fd\" data-element_type=\"widget\" data-e-type=\"widget\" data-widget_type=\"image.default\">\n\t\t\t\t<div class=\"elementor-widget-container\">\n\t\t\t\t\t\t\t\t\t\t\t\t\t\t\t<img fetchpriority=\"high\" decoding=\"async\" width=\"800\" height=\"534\" src=\"https:\/\/i0.wp.com\/pm-consulting.cl\/wp-content\/uploads\/2022\/08\/EMS-NEUROESTIMULADOR.jpg?fit=800%2C534&amp;ssl=1\" class=\"attachment-large size-large wp-image-3376\" alt=\"\" srcset=\"https:\/\/i0.wp.com\/pm-consulting.cl\/wp-content\/uploads\/2022\/08\/EMS-NEUROESTIMULADOR.jpg?w=800&amp;ssl=1 800w, https:\/\/i0.wp.com\/pm-consulting.cl\/wp-content\/uploads\/2022\/08\/EMS-NEUROESTIMULADOR.jpg?resize=300%2C200&amp;ssl=1 300w, https:\/\/i0.wp.com\/pm-consulting.cl\/wp-content\/uploads\/2022\/08\/EMS-NEUROESTIMULADOR.jpg?resize=768%2C513&amp;ssl=1 768w\" sizes=\"(max-width: 800px) 100vw, 800px\" \/>\t\t\t\t\t\t\t\t\t\t\t\t\t\t\t<\/div>\n\t\t\t\t<\/div>\n\t\t\t\t\t<\/div>\n\t\t<\/div>\n\t\t\t\t<div class=\"elementor-column elementor-col-50 elementor-top-column elementor-element elementor-element-8ec3714\" data-id=\"8ec3714\" data-element_type=\"column\" data-e-type=\"column\">\n\t\t\t<div class=\"elementor-widget-wrap elementor-element-populated\">\n\t\t\t\t\t\t<div class=\"elementor-element elementor-element-f3a64df elementor-widget elementor-widget-heading\" data-id=\"f3a64df\" data-element_type=\"widget\" data-e-type=\"widget\" data-widget_type=\"heading.default\">\n\t\t\t\t<div class=\"elementor-widget-container\">\n\t\t\t\t\t<h5 class=\"elementor-heading-title elementor-size-default\">EMS NEUROESTIMULADOR<\/h5>\t\t\t\t<\/div>\n\t\t\t\t<\/div>\n\t\t\t\t<div class=\"elementor-element elementor-element-ee29827 elementor-widget elementor-widget-text-editor\" data-id=\"ee29827\" data-element_type=\"widget\" data-e-type=\"widget\" data-widget_type=\"text-editor.default\">\n\t\t\t\t<div class=\"elementor-widget-container\">\n\t\t\t\t\t\t\t\t\t<ul><li>Caracter\u00edsticas:<\/li><\/ul><div>\u00a0<\/div><ul><li>Sistema independiente con software EMS Neurostimulator<\/li><li>Unidad de conmutaci\u00f3n de hasta 192 canales en un sistema<\/li><li>Software de aplicaci\u00f3n basado en Windows<\/li><li>Par\u00e1metros de est\u00edmulo configurables por el usuario<\/li><li>Rotatorio y controlado por software\u00a0<\/li><li>interfaz USB<\/li><li>Protocolos de est\u00edmulo predefinidos<\/li><li>Entrega pulso positivo, negativo y bif\u00e1sico<\/li><li>Modo pulso \u00fanico, continuo y de tren<\/li><li>Bot\u00f3n de parada de hardware y software<\/li><li>Funci\u00f3n de guardar y cargar protocolos de estimulaci\u00f3n<\/li><li>Muestra la corriente y el voltaje entregados<\/li><li>Muestra la resistencia del electrodo calculada<\/li><\/ul>\t\t\t\t\t\t\t\t<\/div>\n\t\t\t\t<\/div>\n\t\t\t\t\t<\/div>\n\t\t<\/div>\n\t\t\t\t\t<\/div>\n\t\t<\/section>\n\t\t\t\t<section class=\"elementor-section elementor-top-section elementor-element elementor-element-d873496 elementor-section-boxed elementor-section-height-default elementor-section-height-default wpr-particle-no wpr-jarallax-no wpr-parallax-no wpr-sticky-section-no wpr-equal-height-no\" data-id=\"d873496\" data-element_type=\"section\" data-e-type=\"section\">\n\t\t\t\t\t\t<div class=\"elementor-container elementor-column-gap-default\">\n\t\t\t\t\t<div class=\"elementor-column elementor-col-50 elementor-top-column elementor-element elementor-element-5729eb8\" data-id=\"5729eb8\" data-element_type=\"column\" data-e-type=\"column\">\n\t\t\t<div class=\"elementor-widget-wrap elementor-element-populated\">\n\t\t\t\t\t\t<div class=\"elementor-element elementor-element-6907588 elementor-widget elementor-widget-text-editor\" data-id=\"6907588\" data-element_type=\"widget\" data-e-type=\"widget\" data-widget_type=\"text-editor.default\">\n\t\t\t\t<div class=\"elementor-widget-container\">\n\t\t\t\t\t\t\t\t\t<p>El neuroestimulador EMS es una unidad independiente, innovadora y multicanal para la estimulaci\u00f3n cortical.&nbsp;<span style=\"background-color: var(--nv-site-bg); color: var(--nv-text-color); font-family: var(--bodyfontfamily),var(--nv-fallback-ff); font-size: var(--bodyfontsize); font-weight: var(--bodyfontweight); letter-spacing: var(--bodyletterspacing); text-transform: var(--bodytexttransform);\">Se utiliza para estimulaci\u00f3n cortical el\u00e9ctrica, estimulaci\u00f3n nerviosa directa y estimulaci\u00f3n muscular.<\/span><span style=\"background-color: var(--nv-site-bg); color: var(--nv-text-color); font-family: var(--bodyfontfamily),var(--nv-fallback-ff); font-size: var(--bodyfontsize); font-weight: var(--bodyfontweight); letter-spacing: var(--bodyletterspacing); text-transform: var(--bodytexttransform);\">El neuroestimulador EMS es un sistema todo en uno con un estimulador de corriente constante integrado y una matriz de conmutaci\u00f3n de hasta 192 canales.&nbsp;<\/span><span style=\"background-color: var(--nv-site-bg); color: var(--nv-text-color); font-family: var(--bodyfontfamily),var(--nv-fallback-ff); font-size: var(--bodyfontsize); font-weight: var(--bodyfontweight); letter-spacing: var(--bodyletterspacing); text-transform: var(--bodytexttransform);\">Los protocolos de est\u00edmulo predefinidos permiten un uso f\u00e1cil y r\u00e1pido.&nbsp;<\/span><span style=\"background-color: var(--nv-site-bg); color: var(--nv-text-color); font-family: var(--bodyfontfamily),var(--nv-fallback-ff); font-size: var(--bodyfontsize); font-weight: var(--bodyfontweight); letter-spacing: var(--bodyletterspacing); text-transform: var(--bodytexttransform);\">La estimulaci\u00f3n es rotativa y controlada por software y los par\u00e1metros de est\u00edmulo son configurables por el usuario.&nbsp;<\/span><span style=\"background-color: var(--nv-site-bg); color: var(--nv-text-color); font-family: var(--bodyfontfamily),var(--nv-fallback-ff); font-size: var(--bodyfontsize); font-weight: var(--bodyfontweight); letter-spacing: var(--bodyletterspacing); text-transform: var(--bodytexttransform);\">El software del estimulador basado en Windows muestra la corriente suministrada, el voltaje y la resistencia del electrodo calculada.<\/span><span style=\"background-color: var(--nv-site-bg); color: var(--nv-text-color); font-family: var(--bodyfontfamily),var(--nv-fallback-ff); font-size: var(--bodyfontsize); font-weight: var(--bodyfontweight); letter-spacing: var(--bodyletterspacing); text-transform: var(--bodytexttransform);\">El neuroestimulador EMS se alimenta por USB y emite pulsos positivos, negativos y bif\u00e1sicos en modos de pulso \u00fanico, continuo y de tren. La intensidad de la estimulaci\u00f3n es ajustable en tres rangos de 0 a 20 mA y la frecuencia var\u00eda de 0,1 Hz a 1000 Hz, seleccionable en pasos de 0,1 Hz.<\/span><\/p>\t\t\t\t\t\t\t\t<\/div>\n\t\t\t\t<\/div>\n\t\t\t\t\t<\/div>\n\t\t<\/div>\n\t\t\t\t<div class=\"elementor-column elementor-col-50 elementor-top-column elementor-element elementor-element-be01550\" data-id=\"be01550\" data-element_type=\"column\" data-e-type=\"column\">\n\t\t\t<div class=\"elementor-widget-wrap elementor-element-populated\">\n\t\t\t\t\t\t<div class=\"elementor-element elementor-element-ef9c268 elementor-widget elementor-widget-image\" data-id=\"ef9c268\" data-element_type=\"widget\" data-e-type=\"widget\" data-widget_type=\"image.default\">\n\t\t\t\t<div class=\"elementor-widget-container\">\n\t\t\t\t\t\t\t\t\t\t\t\t\t\t\t<img decoding=\"async\" width=\"1024\" height=\"802\" src=\"https:\/\/i0.wp.com\/pm-consulting.cl\/wp-content\/uploads\/2022\/08\/EMS-NEUROESTIMULADOR-IM1.jpg?fit=1024%2C802&amp;ssl=1\" class=\"attachment-large size-large wp-image-3377\" alt=\"\" srcset=\"https:\/\/i0.wp.com\/pm-consulting.cl\/wp-content\/uploads\/2022\/08\/EMS-NEUROESTIMULADOR-IM1.jpg?w=1342&amp;ssl=1 1342w, https:\/\/i0.wp.com\/pm-consulting.cl\/wp-content\/uploads\/2022\/08\/EMS-NEUROESTIMULADOR-IM1.jpg?resize=300%2C235&amp;ssl=1 300w, https:\/\/i0.wp.com\/pm-consulting.cl\/wp-content\/uploads\/2022\/08\/EMS-NEUROESTIMULADOR-IM1.jpg?resize=1024%2C802&amp;ssl=1 1024w, https:\/\/i0.wp.com\/pm-consulting.cl\/wp-content\/uploads\/2022\/08\/EMS-NEUROESTIMULADOR-IM1.jpg?resize=768%2C601&amp;ssl=1 768w\" sizes=\"(max-width: 1024px) 100vw, 1024px\" \/>\t\t\t\t\t\t\t\t\t\t\t\t\t\t\t<\/div>\n\t\t\t\t<\/div>\n\t\t\t\t\t<\/div>\n\t\t<\/div>\n\t\t\t\t\t<\/div>\n\t\t<\/section>\n\t\t\t\t<section class=\"elementor-section elementor-top-section elementor-element elementor-element-5a359b5 elementor-section-boxed elementor-section-height-default elementor-section-height-default wpr-particle-no wpr-jarallax-no wpr-parallax-no wpr-sticky-section-no wpr-equal-height-no\" data-id=\"5a359b5\" data-element_type=\"section\" data-e-type=\"section\">\n\t\t\t\t\t\t<div class=\"elementor-container elementor-column-gap-default\">\n\t\t\t\t\t<div class=\"elementor-column elementor-col-100 elementor-top-column elementor-element elementor-element-6342d8a\" data-id=\"6342d8a\" data-element_type=\"column\" data-e-type=\"column\">\n\t\t\t<div class=\"elementor-widget-wrap elementor-element-populated\">\n\t\t\t\t\t\t<div class=\"elementor-element elementor-element-63f8b7a elementor-widget elementor-widget-spacer\" data-id=\"63f8b7a\" data-element_type=\"widget\" data-e-type=\"widget\" data-widget_type=\"spacer.default\">\n\t\t\t\t<div class=\"elementor-widget-container\">\n\t\t\t\t\t\t\t<div class=\"elementor-spacer\">\n\t\t\t<div class=\"elementor-spacer-inner\"><\/div>\n\t\t<\/div>\n\t\t\t\t\t\t<\/div>\n\t\t\t\t<\/div>\n\t\t\t\t\t<\/div>\n\t\t<\/div>\n\t\t\t\t\t<\/div>\n\t\t<\/section>\n\t\t\t\t<\/div>\n\t\t","protected":false},"excerpt":{"rendered":"<p>Ver Cat\u00e1logo EMS NEUROESTIMULADOR Caracter\u00edsticas: \u00a0 Sistema independiente con software EMS Neurostimulator Unidad de conmutaci\u00f3n de hasta 192 canales en un sistema Software de aplicaci\u00f3n basado en Windows Par\u00e1metros de est\u00edmulo configurables por el usuario Rotatorio y controlado por software\u00a0 interfaz USB Protocolos de est\u00edmulo predefinidos Entrega pulso positivo, negativo y bif\u00e1sico Modo pulso \u00fanico, continuo y de tren Bot\u00f3n de parada de hardware y software Funci\u00f3n de guardar y cargar protocolos de estimulaci\u00f3n Muestra la corriente y el voltaje entregados Muestra la resistencia del electrodo calculada El neuroestimulador EMS es una unidad independiente, innovadora y multicanal para la estimulaci\u00f3n cortical.&nbsp;Se utiliza para estimulaci\u00f3n cortical el\u00e9ctrica, estimulaci\u00f3n nerviosa directa y estimulaci\u00f3n muscular.El neuroestimulador EMS es un sistema todo en uno con un estimulador de corriente constante integrado y una matriz de conmutaci\u00f3n de hasta 192 canales.&nbsp;Los protocolos de est\u00edmulo predefinidos permiten un uso f\u00e1cil y r\u00e1pido.&nbsp;La estimulaci\u00f3n es rotativa y controlada por software y los par\u00e1metros de est\u00edmulo son configurables por el usuario.&nbsp;El software del estimulador basado en Windows muestra la corriente suministrada, el voltaje y la resistencia del electrodo calculada.El neuroestimulador EMS se alimenta por USB y emite pulsos positivos, negativos y bif\u00e1sicos en modos de pulso \u00fanico, continuo y de tren. La intensidad de la estimulaci\u00f3n es ajustable en tres rangos de 0 a 20 mA y la frecuencia var\u00eda de 0,1 Hz a 1000 Hz, seleccionable en pasos de 0,1 Hz.<\/p>\n","protected":false},"author":2,"featured_media":0,"parent":0,"menu_order":0,"comment_status":"closed","ping_status":"closed","template":"page-templates\/template-pagebuilder-full-width.php","meta":{"nf_dc_page":"","_monsterinsights_skip_tracking":false,"_monsterinsights_sitenote_active":false,"_monsterinsights_sitenote_note":"","_monsterinsights_sitenote_category":0,"neve_meta_sidebar":"","neve_meta_container":"","neve_meta_enable_content_width":"","neve_meta_content_width":0,"neve_meta_title_alignment":"","neve_meta_author_avatar":"","neve_post_elements_order":"","neve_meta_disable_header":"","neve_meta_disable_footer":"","neve_meta_disable_title":"","footnotes":""},"class_list":["post-3372","page","type-page","status-publish","hentry"],"jetpack_sharing_enabled":true,"_links":{"self":[{"href":"https:\/\/pm-consulting.cl\/inicio\/wp-json\/wp\/v2\/pages\/3372","targetHints":{"allow":["GET"]}}],"collection":[{"href":"https:\/\/pm-consulting.cl\/inicio\/wp-json\/wp\/v2\/pages"}],"about":[{"href":"https:\/\/pm-consulting.cl\/inicio\/wp-json\/wp\/v2\/types\/page"}],"author":[{"embeddable":true,"href":"https:\/\/pm-consulting.cl\/inicio\/wp-json\/wp\/v2\/users\/2"}],"replies":[{"embeddable":true,"href":"https:\/\/pm-consulting.cl\/inicio\/wp-json\/wp\/v2\/comments?post=3372"}],"version-history":[{"count":13,"href":"https:\/\/pm-consulting.cl\/inicio\/wp-json\/wp\/v2\/pages\/3372\/revisions"}],"predecessor-version":[{"id":3609,"href":"https:\/\/pm-consulting.cl\/inicio\/wp-json\/wp\/v2\/pages\/3372\/revisions\/3609"}],"wp:attachment":[{"href":"https:\/\/pm-consulting.cl\/inicio\/wp-json\/wp\/v2\/media?parent=3372"}],"curies":[{"name":"wp","href":"https:\/\/api.w.org\/{rel}","templated":true}]}}