{"id":593,"date":"2022-08-17T21:33:53","date_gmt":"2022-08-18T01:33:53","guid":{"rendered":"https:\/\/pm-consulting.cl\/?page_id=593"},"modified":"2022-08-26T22:50:45","modified_gmt":"2022-08-27T02:50:45","slug":"nosotros","status":"publish","type":"page","link":"https:\/\/pm-consulting.cl\/inicio\/nosotros\/","title":{"rendered":"NOSOTROS"},"content":{"rendered":"\t\t<div data-elementor-type=\"wp-page\" data-elementor-id=\"593\" class=\"elementor elementor-593\">\n\t\t\t\t\t\t<section class=\"elementor-section elementor-top-section elementor-element elementor-element-bfb50b5 elementor-section-boxed elementor-section-height-default elementor-section-height-default wpr-particle-no wpr-jarallax-no wpr-parallax-no wpr-sticky-section-no wpr-equal-height-no\" data-id=\"bfb50b5\" data-element_type=\"section\" data-e-type=\"section\">\n\t\t\t\t\t\t<div class=\"elementor-container elementor-column-gap-default\">\n\t\t\t\t\t<div class=\"elementor-column elementor-col-100 elementor-top-column elementor-element elementor-element-4d36e96\" data-id=\"4d36e96\" data-element_type=\"column\" data-e-type=\"column\">\n\t\t\t<div class=\"elementor-widget-wrap elementor-element-populated\">\n\t\t\t\t\t\t<div class=\"elementor-element elementor-element-ce41528 elementor-widget elementor-widget-heading\" data-id=\"ce41528\" data-element_type=\"widget\" data-e-type=\"widget\" data-widget_type=\"heading.default\">\n\t\t\t\t<div class=\"elementor-widget-container\">\n\t\t\t\t\t<h2 class=\"elementor-heading-title elementor-size-default\">NUESTRA HISTORIA<\/h2>\t\t\t\t<\/div>\n\t\t\t\t<\/div>\n\t\t\t\t\t<\/div>\n\t\t<\/div>\n\t\t\t\t\t<\/div>\n\t\t<\/section>\n\t\t\t\t<section class=\"elementor-section elementor-top-section elementor-element elementor-element-c7a9a1a elementor-section-full_width elementor-section-height-default elementor-section-height-default wpr-particle-no wpr-jarallax-no wpr-parallax-no wpr-sticky-section-no wpr-equal-height-no\" data-id=\"c7a9a1a\" data-element_type=\"section\" data-e-type=\"section\" data-settings=\"{&quot;background_background&quot;:&quot;gradient&quot;}\">\n\t\t\t\t\t\t<div class=\"elementor-container elementor-column-gap-default\">\n\t\t\t\t\t<div class=\"elementor-column elementor-col-100 elementor-top-column elementor-element elementor-element-981e4d1\" data-id=\"981e4d1\" data-element_type=\"column\" data-e-type=\"column\">\n\t\t\t<div class=\"elementor-widget-wrap elementor-element-populated\">\n\t\t\t\t\t\t<div class=\"elementor-element elementor-element-d26c93f elementor-widget elementor-widget-image\" data-id=\"d26c93f\" data-element_type=\"widget\" data-e-type=\"widget\" data-widget_type=\"image.default\">\n\t\t\t\t<div class=\"elementor-widget-container\">\n\t\t\t\t\t\t\t\t\t\t\t\t\t\t\t<img decoding=\"async\" width=\"240\" height=\"180\" src=\"https:\/\/i0.wp.com\/pm-consulting.cl\/wp-content\/uploads\/2022\/08\/NOSOTROS.jpg?fit=240%2C180&amp;ssl=1\" class=\"attachment-full size-full wp-image-3610\" alt=\"\" \/>\t\t\t\t\t\t\t\t\t\t\t\t\t\t\t<\/div>\n\t\t\t\t<\/div>\n\t\t\t\t\t<\/div>\n\t\t<\/div>\n\t\t\t\t\t<\/div>\n\t\t<\/section>\n\t\t\t\t<section class=\"elementor-section elementor-top-section elementor-element elementor-element-d8ef1a9 elementor-section-boxed elementor-section-height-default elementor-section-height-default wpr-particle-no wpr-jarallax-no wpr-parallax-no wpr-sticky-section-no wpr-equal-height-no\" data-id=\"d8ef1a9\" data-element_type=\"section\" data-e-type=\"section\">\n\t\t\t\t\t\t<div class=\"elementor-container elementor-column-gap-default\">\n\t\t\t\t\t<div class=\"elementor-column elementor-col-100 elementor-top-column elementor-element elementor-element-f968b12\" data-id=\"f968b12\" data-element_type=\"column\" data-e-type=\"column\">\n\t\t\t<div class=\"elementor-widget-wrap elementor-element-populated\">\n\t\t\t\t\t\t<div class=\"elementor-element elementor-element-8d54ed3 elementor-widget elementor-widget-text-editor\" data-id=\"8d54ed3\" data-element_type=\"widget\" data-e-type=\"widget\" data-widget_type=\"text-editor.default\">\n\t\t\t\t<div class=\"elementor-widget-container\">\n\t\t\t\t\t\t\t\t\t<p>PM-CONSULTING fue fundada en el a\u00f1o 2008 como una empresa de distribuci\u00f3n de equipamiento m\u00e9dico a trav\u00e9s de la venta de equipos de baja complejidad y diversos suministros hospitalarios. En el a\u00f1o 2010 se decide enfocar la empresa hacia el \u00e1rea de cuidados cr\u00edticos, cuando la empresa toma la distribuci\u00f3n de los ventiladores mec\u00e1nicos neonatales SLE. La introducci\u00f3n de estos ventiladores fue dura, con muchas demostraciones, pruebas cl\u00ednicas en Hospitales, participaci\u00f3n en congresos y algunos talleres de ventilaci\u00f3n mec\u00e1nica, con lo cual a finales del 2010 la empresa logra vender las primeras 5 unidades en el pa\u00eds. Desde ese a\u00f1o, la empresa ha crecido sostenidamente y posicionando la marca SLE como una de las m\u00e1s importantes del mercado, ganando desde esa fecha alrededor del 70% de los nuevos proyectos del mercado neonatal. En el a\u00f1o 2013, la empresa a\u00f1ade a su portafolio de productos, el monitor transcut\u00e1neo de pCO2 Sentec, comenzando la introducci\u00f3n de una nueva tecnolog\u00eda al pa\u00eds, como un complemento al monitoreo de la ventilaci\u00f3n Tambi\u00e9n en el a\u00f1o 2013 la empresa comienza la venta y distribuci\u00f3n del sistema de hipotermia neonatal servocontrolada Tecotherm Neo y del monitor de funci\u00f3n cerebral Unique CFM, ambos de la marca Inspiration Healthcare, para el tratamiento y manejo de la Encefalopat\u00eda Isqu\u00e9mica por Asfixia.<\/p>\t\t\t\t\t\t\t\t<\/div>\n\t\t\t\t<\/div>\n\t\t\t\t\t<\/div>\n\t\t<\/div>\n\t\t\t\t\t<\/div>\n\t\t<\/section>\n\t\t\t\t<section class=\"elementor-section elementor-top-section elementor-element elementor-element-838bf72 elementor-section-boxed elementor-section-height-default elementor-section-height-default wpr-particle-no wpr-jarallax-no wpr-parallax-no wpr-sticky-section-no wpr-equal-height-no\" data-id=\"838bf72\" data-element_type=\"section\" data-e-type=\"section\" id=\"ST\">\n\t\t\t\t\t\t<div class=\"elementor-container elementor-column-gap-default\">\n\t\t\t\t\t<div class=\"elementor-column elementor-col-100 elementor-top-column elementor-element elementor-element-63fafeb\" data-id=\"63fafeb\" data-element_type=\"column\" data-e-type=\"column\">\n\t\t\t<div class=\"elementor-widget-wrap elementor-element-populated\">\n\t\t\t\t\t\t<div class=\"elementor-element elementor-element-671ebce elementor-widget elementor-widget-heading\" data-id=\"671ebce\" data-element_type=\"widget\" data-e-type=\"widget\" data-widget_type=\"heading.default\">\n\t\t\t\t<div class=\"elementor-widget-container\">\n\t\t\t\t\t<h2 class=\"elementor-heading-title elementor-size-default\">SERVICIO T\u00c9CNICO<\/h2>\t\t\t\t<\/div>\n\t\t\t\t<\/div>\n\t\t\t\t\t<\/div>\n\t\t<\/div>\n\t\t\t\t\t<\/div>\n\t\t<\/section>\n\t\t\t\t<section class=\"elementor-section elementor-top-section elementor-element elementor-element-ed02f23 elementor-section-full_width elementor-section-height-default elementor-section-height-default wpr-particle-no wpr-jarallax-no wpr-parallax-no wpr-sticky-section-no wpr-equal-height-no\" data-id=\"ed02f23\" data-element_type=\"section\" data-e-type=\"section\" data-settings=\"{&quot;background_background&quot;:&quot;gradient&quot;}\">\n\t\t\t\t\t\t<div class=\"elementor-container elementor-column-gap-default\">\n\t\t\t\t\t<div class=\"elementor-column elementor-col-100 elementor-top-column elementor-element elementor-element-0feb61e\" data-id=\"0feb61e\" data-element_type=\"column\" data-e-type=\"column\">\n\t\t\t<div class=\"elementor-widget-wrap elementor-element-populated\">\n\t\t\t\t\t\t<div class=\"elementor-element elementor-element-b3d0216 elementor-widget elementor-widget-image\" data-id=\"b3d0216\" data-element_type=\"widget\" data-e-type=\"widget\" data-widget_type=\"image.default\">\n\t\t\t\t<div class=\"elementor-widget-container\">\n\t\t\t\t\t\t\t\t\t\t\t\t\t\t\t<img fetchpriority=\"high\" decoding=\"async\" width=\"300\" height=\"225\" src=\"https:\/\/i0.wp.com\/pm-consulting.cl\/wp-content\/uploads\/2022\/08\/TECHSERVICE.jpg?fit=300%2C225&amp;ssl=1\" class=\"attachment-medium size-medium wp-image-3611\" alt=\"\" srcset=\"https:\/\/i0.wp.com\/pm-consulting.cl\/wp-content\/uploads\/2022\/08\/TECHSERVICE.jpg?w=1600&amp;ssl=1 1600w, https:\/\/i0.wp.com\/pm-consulting.cl\/wp-content\/uploads\/2022\/08\/TECHSERVICE.jpg?resize=300%2C225&amp;ssl=1 300w, https:\/\/i0.wp.com\/pm-consulting.cl\/wp-content\/uploads\/2022\/08\/TECHSERVICE.jpg?resize=1024%2C768&amp;ssl=1 1024w, https:\/\/i0.wp.com\/pm-consulting.cl\/wp-content\/uploads\/2022\/08\/TECHSERVICE.jpg?resize=768%2C576&amp;ssl=1 768w, https:\/\/i0.wp.com\/pm-consulting.cl\/wp-content\/uploads\/2022\/08\/TECHSERVICE.jpg?resize=1536%2C1152&amp;ssl=1 1536w\" sizes=\"(max-width: 300px) 100vw, 300px\" \/>\t\t\t\t\t\t\t\t\t\t\t\t\t\t\t<\/div>\n\t\t\t\t<\/div>\n\t\t\t\t\t<\/div>\n\t\t<\/div>\n\t\t\t\t\t<\/div>\n\t\t<\/section>\n\t\t\t\t<section class=\"elementor-section elementor-top-section elementor-element elementor-element-3ddb974 elementor-section-boxed elementor-section-height-default elementor-section-height-default wpr-particle-no wpr-jarallax-no wpr-parallax-no wpr-sticky-section-no wpr-equal-height-no\" data-id=\"3ddb974\" data-element_type=\"section\" data-e-type=\"section\">\n\t\t\t\t\t\t<div class=\"elementor-container elementor-column-gap-default\">\n\t\t\t\t\t<div class=\"elementor-column elementor-col-100 elementor-top-column elementor-element elementor-element-cbb0035\" data-id=\"cbb0035\" data-element_type=\"column\" data-e-type=\"column\">\n\t\t\t<div class=\"elementor-widget-wrap elementor-element-populated\">\n\t\t\t\t\t\t<div class=\"elementor-element elementor-element-a392286 elementor-widget elementor-widget-text-editor\" data-id=\"a392286\" data-element_type=\"widget\" data-e-type=\"widget\" data-widget_type=\"text-editor.default\">\n\t\t\t\t<div class=\"elementor-widget-container\">\n\t\t\t\t\t\t\t\t\t<p>PM CONSULTING cuenta con un servicio t\u00e9cnico de gran calidad, con profesionales altamente capacitados para realizar el mantenimiento preventivo y correctivo de todos los equipos que comercializa nuestra compa\u00f1\u00eda. Nuestro personal esta siendo capacitado constantemente en las instalaciones de nuestros proveedores. Contamos con toda la literatura t\u00e9cnica, procedimientos y equipamiento necesario para realizar estas labores. Nuestra meta es posicionarnos en el mercado como un verdadero soporte t\u00e9cnico y post venta para nuestros productos, satisfaciendo todas y cada una de las necesidades de nuestros clientes.<\/p>\t\t\t\t\t\t\t\t<\/div>\n\t\t\t\t<\/div>\n\t\t\t\t\t<\/div>\n\t\t<\/div>\n\t\t\t\t\t<\/div>\n\t\t<\/section>\n\t\t\t\t<section class=\"elementor-section elementor-top-section elementor-element elementor-element-7f15e6b elementor-section-boxed elementor-section-height-default elementor-section-height-default wpr-particle-no wpr-jarallax-no wpr-parallax-no wpr-sticky-section-no wpr-equal-height-no\" data-id=\"7f15e6b\" data-element_type=\"section\" data-e-type=\"section\">\n\t\t\t\t\t\t<div class=\"elementor-container elementor-column-gap-default\">\n\t\t\t\t\t<div class=\"elementor-column elementor-col-100 elementor-top-column elementor-element elementor-element-f334ed1\" data-id=\"f334ed1\" data-element_type=\"column\" data-e-type=\"column\">\n\t\t\t<div class=\"elementor-widget-wrap elementor-element-populated\">\n\t\t\t\t\t\t<div class=\"elementor-element elementor-element-f0ba2f7 elementor-widget elementor-widget-heading\" data-id=\"f0ba2f7\" data-element_type=\"widget\" data-e-type=\"widget\" data-widget_type=\"heading.default\">\n\t\t\t\t<div class=\"elementor-widget-container\">\n\t\t\t\t\t<h2 class=\"elementor-heading-title elementor-size-default\">Cursos, congresos, capacitaciones<\/h2>\t\t\t\t<\/div>\n\t\t\t\t<\/div>\n\t\t\t\t\t<\/div>\n\t\t<\/div>\n\t\t\t\t\t<\/div>\n\t\t<\/section>\n\t\t\t\t<section class=\"elementor-section elementor-top-section elementor-element elementor-element-bda069b elementor-section-full_width elementor-section-height-default elementor-section-height-default wpr-particle-no wpr-jarallax-no wpr-parallax-no wpr-sticky-section-no wpr-equal-height-no\" data-id=\"bda069b\" data-element_type=\"section\" data-e-type=\"section\" data-settings=\"{&quot;background_background&quot;:&quot;gradient&quot;}\">\n\t\t\t\t\t\t<div class=\"elementor-container elementor-column-gap-default\">\n\t\t\t\t\t<div class=\"elementor-column elementor-col-100 elementor-top-column elementor-element elementor-element-6f01cdf\" data-id=\"6f01cdf\" data-element_type=\"column\" data-e-type=\"column\">\n\t\t\t<div class=\"elementor-widget-wrap elementor-element-populated\">\n\t\t\t\t\t\t<div class=\"elementor-element elementor-element-0bacad1 elementor-widget elementor-widget-image\" data-id=\"0bacad1\" data-element_type=\"widget\" data-e-type=\"widget\" data-widget_type=\"image.default\">\n\t\t\t\t<div class=\"elementor-widget-container\">\n\t\t\t\t\t\t\t\t\t\t\t\t\t\t\t<img decoding=\"async\" width=\"240\" height=\"180\" src=\"https:\/\/i0.wp.com\/pm-consulting.cl\/wp-content\/uploads\/2022\/08\/DEMOS.jpg?fit=240%2C180&amp;ssl=1\" class=\"attachment-large size-large wp-image-3612\" alt=\"\" \/>\t\t\t\t\t\t\t\t\t\t\t\t\t\t\t<\/div>\n\t\t\t\t<\/div>\n\t\t\t\t\t<\/div>\n\t\t<\/div>\n\t\t\t\t\t<\/div>\n\t\t<\/section>\n\t\t\t\t<section class=\"elementor-section elementor-top-section elementor-element elementor-element-eae5843 elementor-section-boxed elementor-section-height-default elementor-section-height-default wpr-particle-no wpr-jarallax-no wpr-parallax-no wpr-sticky-section-no wpr-equal-height-no\" data-id=\"eae5843\" data-element_type=\"section\" data-e-type=\"section\">\n\t\t\t\t\t\t<div class=\"elementor-container elementor-column-gap-default\">\n\t\t\t\t\t<div class=\"elementor-column elementor-col-100 elementor-top-column elementor-element elementor-element-5c46122\" data-id=\"5c46122\" data-element_type=\"column\" data-e-type=\"column\">\n\t\t\t<div class=\"elementor-widget-wrap elementor-element-populated\">\n\t\t\t\t\t\t<div class=\"elementor-element elementor-element-b914e2d elementor-widget elementor-widget-text-editor\" data-id=\"b914e2d\" data-element_type=\"widget\" data-e-type=\"widget\" data-widget_type=\"text-editor.default\">\n\t\t\t\t<div class=\"elementor-widget-container\">\n\t\t\t\t\t\t\t\t\t<p class=\"textcolumn\" style=\"margin: 0cm; line-height: 18.75pt;\"><span style=\"font-size: 13.5pt; font-family: 'Cambria',serif;\">Sin duda que el conocimiento y capacitaci\u00f3n continua tanto de nuestro personal, pero por sobre todo de nuestros Clientes es el pilar fundamental de nuestra empresa. El desarrollo de actividades educativas de todo nivel permite que nuestros Clientes saquen el mejor provecho a sus equipos, por lo cual est\u00e1 \u00e1rea es primordial para PM Consulting. Actividades de nivel internacional, con Profesores de reconocida trayectoria internacional, como el Taller de Ventilaci\u00f3n Mec\u00e1nica Neonatal con modelo animal desarrollado el a\u00f1o 2012 junto al Prof. Dr Peter Riemensberger del Hospital Universitario de Ginebra en Suiza, para todos nuestros Clientes marcan el sello identificatorio del compromiso de nuestra empresa con nuestros Clientes.<\/span><\/p>\t\t\t\t\t\t\t\t<\/div>\n\t\t\t\t<\/div>\n\t\t\t\t\t<\/div>\n\t\t<\/div>\n\t\t\t\t\t<\/div>\n\t\t<\/section>\n\t\t\t\t<section class=\"elementor-section elementor-top-section elementor-element elementor-element-9f69de6 elementor-section-boxed elementor-section-height-default elementor-section-height-default wpr-particle-no wpr-jarallax-no wpr-parallax-no wpr-sticky-section-no wpr-equal-height-no\" data-id=\"9f69de6\" data-element_type=\"section\" data-e-type=\"section\">\n\t\t\t\t\t\t<div class=\"elementor-container elementor-column-gap-default\">\n\t\t\t\t\t<div class=\"elementor-column elementor-col-100 elementor-top-column elementor-element elementor-element-7290da9\" data-id=\"7290da9\" data-element_type=\"column\" data-e-type=\"column\">\n\t\t\t<div class=\"elementor-widget-wrap elementor-element-populated\">\n\t\t\t\t\t\t<div class=\"elementor-element elementor-element-43dea69 elementor-widget elementor-widget-spacer\" data-id=\"43dea69\" data-element_type=\"widget\" data-e-type=\"widget\" data-widget_type=\"spacer.default\">\n\t\t\t\t<div class=\"elementor-widget-container\">\n\t\t\t\t\t\t\t<div class=\"elementor-spacer\">\n\t\t\t<div class=\"elementor-spacer-inner\"><\/div>\n\t\t<\/div>\n\t\t\t\t\t\t<\/div>\n\t\t\t\t<\/div>\n\t\t\t\t\t<\/div>\n\t\t<\/div>\n\t\t\t\t\t<\/div>\n\t\t<\/section>\n\t\t\t\t<section class=\"elementor-section elementor-top-section elementor-element elementor-element-1ca7b6e elementor-section-boxed elementor-section-height-default elementor-section-height-default wpr-particle-no wpr-jarallax-no wpr-parallax-no wpr-sticky-section-no wpr-equal-height-no\" data-id=\"1ca7b6e\" data-element_type=\"section\" data-e-type=\"section\" data-settings=\"{&quot;background_background&quot;:&quot;gradient&quot;}\">\n\t\t\t\t\t\t<div class=\"elementor-container elementor-column-gap-default\">\n\t\t\t\t\t<div class=\"elementor-column elementor-col-100 elementor-top-column elementor-element elementor-element-1ceba58\" data-id=\"1ceba58\" data-element_type=\"column\" data-e-type=\"column\">\n\t\t\t<div class=\"elementor-widget-wrap elementor-element-populated\">\n\t\t\t\t\t\t<div class=\"elementor-element elementor-element-56ddcae elementor-widget elementor-widget-image\" data-id=\"56ddcae\" data-element_type=\"widget\" data-e-type=\"widget\" data-widget_type=\"image.default\">\n\t\t\t\t<div class=\"elementor-widget-container\">\n\t\t\t\t\t\t\t\t\t\t\t\t\t\t\t<img loading=\"lazy\" decoding=\"async\" width=\"1024\" height=\"281\" src=\"https:\/\/i0.wp.com\/pm-consulting.cl\/wp-content\/uploads\/2022\/08\/cropped-LOGO-nuevo_auto_x2.jpg?fit=1024%2C281&amp;ssl=1\" class=\"attachment-large size-large wp-image-1984\" alt=\"\" srcset=\"https:\/\/i0.wp.com\/pm-consulting.cl\/wp-content\/uploads\/2022\/08\/cropped-LOGO-nuevo_auto_x2.jpg?w=1152&amp;ssl=1 1152w, https:\/\/i0.wp.com\/pm-consulting.cl\/wp-content\/uploads\/2022\/08\/cropped-LOGO-nuevo_auto_x2.jpg?resize=300%2C82&amp;ssl=1 300w, https:\/\/i0.wp.com\/pm-consulting.cl\/wp-content\/uploads\/2022\/08\/cropped-LOGO-nuevo_auto_x2.jpg?resize=1024%2C281&amp;ssl=1 1024w, https:\/\/i0.wp.com\/pm-consulting.cl\/wp-content\/uploads\/2022\/08\/cropped-LOGO-nuevo_auto_x2.jpg?resize=768%2C211&amp;ssl=1 768w\" sizes=\"(max-width: 1024px) 100vw, 1024px\" \/>\t\t\t\t\t\t\t\t\t\t\t\t\t\t\t<\/div>\n\t\t\t\t<\/div>\n\t\t\t\t\t<\/div>\n\t\t<\/div>\n\t\t\t\t\t<\/div>\n\t\t<\/section>\n\t\t\t\t<\/div>\n\t\t","protected":false},"excerpt":{"rendered":"<p>NUESTRA HISTORIA PM-CONSULTING fue fundada en el a\u00f1o 2008 como una empresa de distribuci\u00f3n de equipamiento m\u00e9dico a trav\u00e9s de la venta de equipos de baja complejidad y diversos suministros hospitalarios. En el a\u00f1o 2010 se decide enfocar la empresa hacia el \u00e1rea de cuidados cr\u00edticos, cuando la empresa toma la distribuci\u00f3n de los ventiladores mec\u00e1nicos neonatales SLE. La introducci\u00f3n de estos ventiladores fue dura, con muchas demostraciones, pruebas cl\u00ednicas en Hospitales, participaci\u00f3n en congresos y algunos talleres de ventilaci\u00f3n mec\u00e1nica, con lo cual a finales del 2010 la empresa logra vender las primeras 5 unidades en el pa\u00eds. Desde ese a\u00f1o, la empresa ha crecido sostenidamente y posicionando la marca SLE como una de las m\u00e1s importantes del mercado, ganando desde esa fecha alrededor del 70% de los nuevos proyectos del mercado neonatal. En el a\u00f1o 2013, la empresa a\u00f1ade a su portafolio de productos, el monitor transcut\u00e1neo de pCO2 Sentec, comenzando la introducci\u00f3n de una nueva tecnolog\u00eda al pa\u00eds, como un complemento al monitoreo de la ventilaci\u00f3n Tambi\u00e9n en el a\u00f1o 2013 la empresa comienza la venta y distribuci\u00f3n del sistema de hipotermia neonatal servocontrolada Tecotherm Neo y del monitor de funci\u00f3n cerebral Unique CFM, ambos de la marca Inspiration Healthcare, para el tratamiento y manejo de la Encefalopat\u00eda Isqu\u00e9mica por Asfixia. SERVICIO T\u00c9CNICO PM CONSULTING cuenta con un servicio t\u00e9cnico de gran calidad, con profesionales altamente capacitados para realizar el mantenimiento preventivo y correctivo de todos los equipos que comercializa nuestra compa\u00f1\u00eda. Nuestro personal esta siendo capacitado constantemente en las instalaciones de nuestros proveedores. Contamos con toda la literatura t\u00e9cnica, procedimientos y equipamiento necesario para realizar estas labores. Nuestra meta es posicionarnos en el mercado como un verdadero soporte t\u00e9cnico y post venta para nuestros productos, satisfaciendo todas y cada una de las necesidades de nuestros clientes. Cursos, congresos, capacitaciones Sin duda que el conocimiento y capacitaci\u00f3n continua tanto de nuestro personal, pero por sobre todo de nuestros Clientes es el pilar fundamental de nuestra empresa. El desarrollo de actividades educativas de todo nivel permite que nuestros Clientes saquen el mejor provecho a sus equipos, por lo cual est\u00e1 \u00e1rea es primordial para PM Consulting. Actividades de nivel internacional, con Profesores de reconocida trayectoria internacional, como el Taller de Ventilaci\u00f3n Mec\u00e1nica Neonatal con modelo animal desarrollado el a\u00f1o 2012 junto al Prof. Dr Peter Riemensberger del Hospital Universitario de Ginebra en Suiza, para todos nuestros Clientes marcan el sello identificatorio del compromiso de nuestra empresa con nuestros Clientes.<\/p>\n","protected":false},"author":2,"featured_media":0,"parent":0,"menu_order":0,"comment_status":"closed","ping_status":"closed","template":"","meta":{"nf_dc_page":"","_monsterinsights_skip_tracking":false,"_monsterinsights_sitenote_active":false,"_monsterinsights_sitenote_note":"","_monsterinsights_sitenote_category":0,"neve_meta_sidebar":"","neve_meta_container":"","neve_meta_enable_content_width":"","neve_meta_content_width":0,"neve_meta_title_alignment":"","neve_meta_author_avatar":"","neve_post_elements_order":"","neve_meta_disable_header":"","neve_meta_disable_footer":"","neve_meta_disable_title":"","footnotes":""},"class_list":["post-593","page","type-page","status-publish","hentry"],"jetpack_sharing_enabled":true,"_links":{"self":[{"href":"https:\/\/pm-consulting.cl\/inicio\/wp-json\/wp\/v2\/pages\/593","targetHints":{"allow":["GET"]}}],"collection":[{"href":"https:\/\/pm-consulting.cl\/inicio\/wp-json\/wp\/v2\/pages"}],"about":[{"href":"https:\/\/pm-consulting.cl\/inicio\/wp-json\/wp\/v2\/types\/page"}],"author":[{"embeddable":true,"href":"https:\/\/pm-consulting.cl\/inicio\/wp-json\/wp\/v2\/users\/2"}],"replies":[{"embeddable":true,"href":"https:\/\/pm-consulting.cl\/inicio\/wp-json\/wp\/v2\/comments?post=593"}],"version-history":[{"count":45,"href":"https:\/\/pm-consulting.cl\/inicio\/wp-json\/wp\/v2\/pages\/593\/revisions"}],"predecessor-version":[{"id":3639,"href":"https:\/\/pm-consulting.cl\/inicio\/wp-json\/wp\/v2\/pages\/593\/revisions\/3639"}],"wp:attachment":[{"href":"https:\/\/pm-consulting.cl\/inicio\/wp-json\/wp\/v2\/media?parent=593"}],"curies":[{"name":"wp","href":"https:\/\/api.w.org\/{rel}","templated":true}]}}