{"id":891,"date":"2022-08-19T06:19:47","date_gmt":"2022-08-19T10:19:47","guid":{"rendered":"https:\/\/pm-consulting.cl\/?page_id=891"},"modified":"2022-08-26T20:38:51","modified_gmt":"2022-08-27T00:38:51","slug":"sle5000","status":"publish","type":"page","link":"https:\/\/pm-consulting.cl\/inicio\/sle5000\/","title":{"rendered":"SLE5000"},"content":{"rendered":"\t\t<div data-elementor-type=\"wp-page\" data-elementor-id=\"891\" class=\"elementor elementor-891\">\n\t\t\t\t\t\t<section class=\"elementor-section elementor-top-section elementor-element elementor-element-0c8d062 elementor-section-full_width elementor-section-height-default elementor-section-height-default wpr-particle-no wpr-jarallax-no wpr-parallax-no wpr-sticky-section-no wpr-equal-height-no\" data-id=\"0c8d062\" data-element_type=\"section\" data-e-type=\"section\">\n\t\t\t\t\t\t<div class=\"elementor-container elementor-column-gap-default\">\n\t\t\t\t\t<div class=\"elementor-column elementor-col-100 elementor-top-column elementor-element elementor-element-21b9cf8\" data-id=\"21b9cf8\" data-element_type=\"column\" data-e-type=\"column\">\n\t\t\t<div class=\"elementor-widget-wrap elementor-element-populated\">\n\t\t\t\t\t\t<div class=\"elementor-element elementor-element-879c461 elementor-align-center elementor-widget elementor-widget-button\" data-id=\"879c461\" data-element_type=\"widget\" data-e-type=\"widget\" data-widget_type=\"button.default\">\n\t\t\t\t<div class=\"elementor-widget-container\">\n\t\t\t\t\t\t\t\t\t<div class=\"elementor-button-wrapper\">\n\t\t\t\t\t<a class=\"elementor-button elementor-button-link elementor-size-sm elementor-animation-grow\" href=\"https:\/\/pm-consulting.cl\/wp-content\/uploads\/2022\/08\/SLE5000.pdf\" target=\"_blank\">\n\t\t\t\t\t\t<span class=\"elementor-button-content-wrapper\">\n\t\t\t\t\t\t\t\t\t<span class=\"elementor-button-text\">Ver Cat\u00e1logo<\/span>\n\t\t\t\t\t<\/span>\n\t\t\t\t\t<\/a>\n\t\t\t\t<\/div>\n\t\t\t\t\t\t\t\t<\/div>\n\t\t\t\t<\/div>\n\t\t\t\t\t<\/div>\n\t\t<\/div>\n\t\t\t\t\t<\/div>\n\t\t<\/section>\n\t\t\t\t<section class=\"elementor-section elementor-top-section elementor-element elementor-element-e03c19d elementor-section-boxed elementor-section-height-default elementor-section-height-default wpr-particle-no wpr-jarallax-no wpr-parallax-no wpr-sticky-section-no wpr-equal-height-no\" data-id=\"e03c19d\" data-element_type=\"section\" data-e-type=\"section\">\n\t\t\t\t\t\t<div class=\"elementor-container elementor-column-gap-default\">\n\t\t\t\t\t<div class=\"elementor-column elementor-col-50 elementor-top-column elementor-element elementor-element-57f3a4c\" data-id=\"57f3a4c\" data-element_type=\"column\" data-e-type=\"column\">\n\t\t\t<div class=\"elementor-widget-wrap elementor-element-populated\">\n\t\t\t\t\t\t<div class=\"elementor-element elementor-element-591b48b elementor-widget elementor-widget-image\" data-id=\"591b48b\" data-element_type=\"widget\" data-e-type=\"widget\" data-widget_type=\"image.default\">\n\t\t\t\t<div class=\"elementor-widget-container\">\n\t\t\t\t\t\t\t\t\t\t\t\t\t\t\t<img fetchpriority=\"high\" decoding=\"async\" width=\"500\" height=\"500\" src=\"https:\/\/i0.wp.com\/pm-consulting.cl\/wp-content\/uploads\/2022\/08\/SLE5000.jpg?fit=500%2C500&amp;ssl=1\" class=\"attachment-large size-large wp-image-2885\" alt=\"\" srcset=\"https:\/\/i0.wp.com\/pm-consulting.cl\/wp-content\/uploads\/2022\/08\/SLE5000.jpg?w=500&amp;ssl=1 500w, https:\/\/i0.wp.com\/pm-consulting.cl\/wp-content\/uploads\/2022\/08\/SLE5000.jpg?resize=300%2C300&amp;ssl=1 300w, https:\/\/i0.wp.com\/pm-consulting.cl\/wp-content\/uploads\/2022\/08\/SLE5000.jpg?resize=150%2C150&amp;ssl=1 150w, https:\/\/i0.wp.com\/pm-consulting.cl\/wp-content\/uploads\/2022\/08\/SLE5000.jpg?w=400&amp;ssl=1 400w\" sizes=\"(max-width: 500px) 100vw, 500px\" \/>\t\t\t\t\t\t\t\t\t\t\t\t\t\t\t<\/div>\n\t\t\t\t<\/div>\n\t\t\t\t\t<\/div>\n\t\t<\/div>\n\t\t\t\t<div class=\"elementor-column elementor-col-50 elementor-top-column elementor-element elementor-element-29f4b1d\" data-id=\"29f4b1d\" data-element_type=\"column\" data-e-type=\"column\">\n\t\t\t<div class=\"elementor-widget-wrap elementor-element-populated\">\n\t\t\t\t\t\t<div class=\"elementor-element elementor-element-51897c2 elementor-widget elementor-widget-heading\" data-id=\"51897c2\" data-element_type=\"widget\" data-e-type=\"widget\" data-widget_type=\"heading.default\">\n\t\t\t\t<div class=\"elementor-widget-container\">\n\t\t\t\t\t<h5 class=\"elementor-heading-title elementor-size-default\">VENTILADOR MEC\u00c1NICO NEONATAL CONVENCIONAL Y ALTA FRECUENCIA SLE5000<\/h5>\t\t\t\t<\/div>\n\t\t\t\t<\/div>\n\t\t\t\t<div class=\"elementor-element elementor-element-17498e7 elementor-widget elementor-widget-text-editor\" data-id=\"17498e7\" data-element_type=\"widget\" data-e-type=\"widget\" data-widget_type=\"text-editor.default\">\n\t\t\t\t<div class=\"elementor-widget-container\">\n\t\t\t\t\t\t\t\t\t<p>SLE es l\u00edder mundial en el dise\u00f1o y fabricaci\u00f3n de ventiladores neonatales. La experiencia de muchos a\u00f1os ha proporcionado a la empresa una comprensi\u00f3n a fondo de los retos que afronta el personal m\u00e9dico a la hora de proporcionar cuidados a los beb\u00e9s m\u00e1s peque\u00f1os y m\u00e1s d\u00e9biles. Desde que en los a\u00f1os 80 fueran los pioneros de la ventilaci\u00f3n inducida por el paciente (PTV), hasta la introducci\u00f3n de la Alta Frecuencia Oscilatoria (HFO) combinada en a\u00f1os 90, SLE ha mantenido su posici\u00f3n de l\u00edder en el campo de la asistencia ventilatoria neonatal. El conocimiento y la experiencia adquirida durante a\u00f1os de desarrollo es evidente en el ventilador SLE5000: el resultado del compromiso continuo que SLE mantiene con la innovaci\u00f3n, el saber hacer y el cuidado de los pacientes. Los modos incluidos como est\u00e1ndar en el ventilador SLE5000 son: CPAP; CMV (+VTOplus); PTV (+VTOplus); PSV (+VTOplus); SIMV (+VTOplus+PSV) y HFOV<\/p>\t\t\t\t\t\t\t\t<\/div>\n\t\t\t\t<\/div>\n\t\t\t\t\t<\/div>\n\t\t<\/div>\n\t\t\t\t\t<\/div>\n\t\t<\/section>\n\t\t\t\t<section class=\"elementor-section elementor-top-section elementor-element elementor-element-c7a023a elementor-section-boxed elementor-section-height-default elementor-section-height-default wpr-particle-no wpr-jarallax-no wpr-parallax-no wpr-sticky-section-no wpr-equal-height-no\" data-id=\"c7a023a\" data-element_type=\"section\" data-e-type=\"section\">\n\t\t\t\t\t\t<div class=\"elementor-container elementor-column-gap-default\">\n\t\t\t\t\t<div class=\"elementor-column elementor-col-100 elementor-top-column elementor-element elementor-element-b68cfea\" data-id=\"b68cfea\" data-element_type=\"column\" data-e-type=\"column\">\n\t\t\t<div class=\"elementor-widget-wrap elementor-element-populated\">\n\t\t\t\t\t\t<div class=\"elementor-element elementor-element-41c437d elementor-widget elementor-widget-text-editor\" data-id=\"41c437d\" data-element_type=\"widget\" data-e-type=\"widget\" data-widget_type=\"text-editor.default\">\n\t\t\t\t<div class=\"elementor-widget-container\">\n\t\t\t\t\t\t\t\t\t<p>Caracter\u00edsticas Generales: <br \/><br \/>\u2022 Capacidad de preajuste de par\u00e1metros en todos los modos operativos. <br \/>\u2022 Potente Ventilaci\u00f3n de Alta Frecuencia (HFOV) con Exhalaci\u00f3n Activa que le permite cubrir un amplio espectro de pacientes de hasta 20 Kg. <br \/>\u2022 VTOplus (Volumen Garantizado): Para todos los modos convencionales, con compensaci\u00f3n de fugas autom\u00e1tica de hasta 50% <br \/>\u2022 Operatividad completa a trav\u00e9s de pantalla t\u00e1ctil a todo color. <br \/>\u2022 Seguimiento integral de la medida de la mec\u00e1nica pulmonar a trav\u00e9s de gr\u00e1ficas de curvas, bucles y par\u00e1metros espec\u00edficos. <br \/>\u2022 Presentaci\u00f3n de tendencias de los par\u00e1metros medidos. <br \/>\u2022 Aprobado para uso con \u00d3xido N\u00edtrico, con bajo consumo en relaci\u00f3n a su competencia. <br \/>\u2022 Circuito paciente est\u00e1ndar para uso en Ventilaci\u00f3n Convencional y Alta Frecuencia Oscilatoria. <br \/>\u2022 Tecnolog\u00eda exclusiva y patentada sin v\u00e1lvulas. <br \/>\u2022 Bater\u00eda integral con 60 minutos de autonom\u00eda operativa. <br \/>\u2022 Permite realizar terapias de nasal CPAP (utilizando el accesorio adecuado) <br \/>\u2022 Basado en software, con la capacidad de actualizar a nuevas versiones con funciones nuevas o mejoradas. <br \/>\u2022 Gracias a su sistema de inyectores patentados, los costos de mantenimiento preventivo disminuyen considerablemente en comparaci\u00f3n a su competencia.<\/p>\t\t\t\t\t\t\t\t<\/div>\n\t\t\t\t<\/div>\n\t\t\t\t\t<\/div>\n\t\t<\/div>\n\t\t\t\t\t<\/div>\n\t\t<\/section>\n\t\t\t\t<section class=\"elementor-section elementor-top-section elementor-element elementor-element-cfecf70 elementor-section-boxed elementor-section-height-default elementor-section-height-default wpr-particle-no wpr-jarallax-no wpr-parallax-no wpr-sticky-section-no wpr-equal-height-no\" data-id=\"cfecf70\" data-element_type=\"section\" data-e-type=\"section\">\n\t\t\t\t\t\t<div class=\"elementor-container elementor-column-gap-default\">\n\t\t\t\t\t<div class=\"elementor-column elementor-col-100 elementor-top-column elementor-element elementor-element-d474fc6\" data-id=\"d474fc6\" data-element_type=\"column\" data-e-type=\"column\">\n\t\t\t<div class=\"elementor-widget-wrap elementor-element-populated\">\n\t\t\t\t\t\t<div class=\"elementor-element elementor-element-e3b1a80 elementor-widget elementor-widget-spacer\" data-id=\"e3b1a80\" data-element_type=\"widget\" data-e-type=\"widget\" data-widget_type=\"spacer.default\">\n\t\t\t\t<div class=\"elementor-widget-container\">\n\t\t\t\t\t\t\t<div class=\"elementor-spacer\">\n\t\t\t<div class=\"elementor-spacer-inner\"><\/div>\n\t\t<\/div>\n\t\t\t\t\t\t<\/div>\n\t\t\t\t<\/div>\n\t\t\t\t\t<\/div>\n\t\t<\/div>\n\t\t\t\t\t<\/div>\n\t\t<\/section>\n\t\t\t\t<\/div>\n\t\t","protected":false},"excerpt":{"rendered":"<p>Ver Cat\u00e1logo VENTILADOR MEC\u00c1NICO NEONATAL CONVENCIONAL Y ALTA FRECUENCIA SLE5000 SLE es l\u00edder mundial en el dise\u00f1o y fabricaci\u00f3n de ventiladores neonatales. La experiencia de muchos a\u00f1os ha proporcionado a la empresa una comprensi\u00f3n a fondo de los retos que afronta el personal m\u00e9dico a la hora de proporcionar cuidados a los beb\u00e9s m\u00e1s peque\u00f1os y m\u00e1s d\u00e9biles. Desde que en los a\u00f1os 80 fueran los pioneros de la ventilaci\u00f3n inducida por el paciente (PTV), hasta la introducci\u00f3n de la Alta Frecuencia Oscilatoria (HFO) combinada en a\u00f1os 90, SLE ha mantenido su posici\u00f3n de l\u00edder en el campo de la asistencia ventilatoria neonatal. El conocimiento y la experiencia adquirida durante a\u00f1os de desarrollo es evidente en el ventilador SLE5000: el resultado del compromiso continuo que SLE mantiene con la innovaci\u00f3n, el saber hacer y el cuidado de los pacientes. Los modos incluidos como est\u00e1ndar en el ventilador SLE5000 son: CPAP; CMV (+VTOplus); PTV (+VTOplus); PSV (+VTOplus); SIMV (+VTOplus+PSV) y HFOV Caracter\u00edsticas Generales: \u2022 Capacidad de preajuste de par\u00e1metros en todos los modos operativos. \u2022 Potente Ventilaci\u00f3n de Alta Frecuencia (HFOV) con Exhalaci\u00f3n Activa que le permite cubrir un amplio espectro de pacientes de hasta 20 Kg. \u2022 VTOplus (Volumen Garantizado): Para todos los modos convencionales, con compensaci\u00f3n de fugas autom\u00e1tica de hasta 50% \u2022 Operatividad completa a trav\u00e9s de pantalla t\u00e1ctil a todo color. \u2022 Seguimiento integral de la medida de la mec\u00e1nica pulmonar a trav\u00e9s de gr\u00e1ficas de curvas, bucles y par\u00e1metros espec\u00edficos. \u2022 Presentaci\u00f3n de tendencias de los par\u00e1metros medidos. \u2022 Aprobado para uso con \u00d3xido N\u00edtrico, con bajo consumo en relaci\u00f3n a su competencia. \u2022 Circuito paciente est\u00e1ndar para uso en Ventilaci\u00f3n Convencional y Alta Frecuencia Oscilatoria. \u2022 Tecnolog\u00eda exclusiva y patentada sin v\u00e1lvulas. \u2022 Bater\u00eda integral con 60 minutos de autonom\u00eda operativa. \u2022 Permite realizar terapias de nasal CPAP (utilizando el accesorio adecuado) \u2022 Basado en software, con la capacidad de actualizar a nuevas versiones con funciones nuevas o mejoradas. \u2022 Gracias a su sistema de inyectores patentados, los costos de mantenimiento preventivo disminuyen considerablemente en comparaci\u00f3n a su competencia.<\/p>\n","protected":false},"author":2,"featured_media":0,"parent":0,"menu_order":0,"comment_status":"closed","ping_status":"closed","template":"","meta":{"nf_dc_page":"","_monsterinsights_skip_tracking":false,"_monsterinsights_sitenote_active":false,"_monsterinsights_sitenote_note":"","_monsterinsights_sitenote_category":0,"neve_meta_sidebar":"","neve_meta_container":"","neve_meta_enable_content_width":"","neve_meta_content_width":0,"neve_meta_title_alignment":"","neve_meta_author_avatar":"","neve_post_elements_order":"","neve_meta_disable_header":"","neve_meta_disable_footer":"","neve_meta_disable_title":"","footnotes":""},"class_list":["post-891","page","type-page","status-publish","hentry"],"jetpack_sharing_enabled":true,"_links":{"self":[{"href":"https:\/\/pm-consulting.cl\/inicio\/wp-json\/wp\/v2\/pages\/891","targetHints":{"allow":["GET"]}}],"collection":[{"href":"https:\/\/pm-consulting.cl\/inicio\/wp-json\/wp\/v2\/pages"}],"about":[{"href":"https:\/\/pm-consulting.cl\/inicio\/wp-json\/wp\/v2\/types\/page"}],"author":[{"embeddable":true,"href":"https:\/\/pm-consulting.cl\/inicio\/wp-json\/wp\/v2\/users\/2"}],"replies":[{"embeddable":true,"href":"https:\/\/pm-consulting.cl\/inicio\/wp-json\/wp\/v2\/comments?post=891"}],"version-history":[{"count":20,"href":"https:\/\/pm-consulting.cl\/inicio\/wp-json\/wp\/v2\/pages\/891\/revisions"}],"predecessor-version":[{"id":3571,"href":"https:\/\/pm-consulting.cl\/inicio\/wp-json\/wp\/v2\/pages\/891\/revisions\/3571"}],"wp:attachment":[{"href":"https:\/\/pm-consulting.cl\/inicio\/wp-json\/wp\/v2\/media?parent=891"}],"curies":[{"name":"wp","href":"https:\/\/api.w.org\/{rel}","templated":true}]}}