{"id":906,"date":"2022-08-19T06:29:57","date_gmt":"2022-08-19T10:29:57","guid":{"rendered":"https:\/\/pm-consulting.cl\/?page_id=906"},"modified":"2022-08-26T20:40:10","modified_gmt":"2022-08-27T00:40:10","slug":"smds-v-singtm","status":"publish","type":"page","link":"https:\/\/pm-consulting.cl\/inicio\/smds-v-singtm\/","title":{"rendered":"SMDS V-singTM"},"content":{"rendered":"\t\t<div data-elementor-type=\"wp-page\" data-elementor-id=\"906\" class=\"elementor elementor-906\">\n\t\t\t\t\t\t<section class=\"elementor-section elementor-top-section elementor-element elementor-element-7ac54e5 elementor-section-boxed elementor-section-height-default elementor-section-height-default wpr-particle-no wpr-jarallax-no wpr-parallax-no wpr-sticky-section-no wpr-equal-height-no\" data-id=\"7ac54e5\" data-element_type=\"section\" data-e-type=\"section\">\n\t\t\t\t\t\t<div class=\"elementor-container elementor-column-gap-default\">\n\t\t\t\t\t<div class=\"elementor-column elementor-col-100 elementor-top-column elementor-element elementor-element-be15858\" data-id=\"be15858\" data-element_type=\"column\" data-e-type=\"column\">\n\t\t\t<div class=\"elementor-widget-wrap elementor-element-populated\">\n\t\t\t\t\t\t<div class=\"elementor-element elementor-element-f9ceb3b elementor-align-center elementor-widget elementor-widget-button\" data-id=\"f9ceb3b\" data-element_type=\"widget\" data-e-type=\"widget\" data-widget_type=\"button.default\">\n\t\t\t\t<div class=\"elementor-widget-container\">\n\t\t\t\t\t\t\t\t\t<div class=\"elementor-button-wrapper\">\n\t\t\t\t\t<a class=\"elementor-button elementor-button-link elementor-size-sm elementor-animation-grow\" href=\"https:\/\/pm-consulting.cl\/wp-content\/uploads\/2022\/08\/MonitorpCO2Sentec.pdf\" target=\"_blank\">\n\t\t\t\t\t\t<span class=\"elementor-button-content-wrapper\">\n\t\t\t\t\t\t\t\t\t<span class=\"elementor-button-text\">Ver Cat\u00e1logo<\/span>\n\t\t\t\t\t<\/span>\n\t\t\t\t\t<\/a>\n\t\t\t\t<\/div>\n\t\t\t\t\t\t\t\t<\/div>\n\t\t\t\t<\/div>\n\t\t\t\t\t<\/div>\n\t\t<\/div>\n\t\t\t\t\t<\/div>\n\t\t<\/section>\n\t\t\t\t<section class=\"elementor-section elementor-top-section elementor-element elementor-element-ef3a9e4 elementor-section-boxed elementor-section-height-default elementor-section-height-default wpr-particle-no wpr-jarallax-no wpr-parallax-no wpr-sticky-section-no wpr-equal-height-no\" data-id=\"ef3a9e4\" data-element_type=\"section\" data-e-type=\"section\">\n\t\t\t\t\t\t<div class=\"elementor-container elementor-column-gap-default\">\n\t\t\t\t\t<div class=\"elementor-column elementor-col-50 elementor-top-column elementor-element elementor-element-424f694\" data-id=\"424f694\" data-element_type=\"column\" data-e-type=\"column\">\n\t\t\t<div class=\"elementor-widget-wrap elementor-element-populated\">\n\t\t\t\t\t\t<div class=\"elementor-element elementor-element-e415e95 elementor-widget elementor-widget-image\" data-id=\"e415e95\" data-element_type=\"widget\" data-e-type=\"widget\" data-widget_type=\"image.default\">\n\t\t\t\t<div class=\"elementor-widget-container\">\n\t\t\t\t\t\t\t\t\t\t\t\t\t\t\t<img fetchpriority=\"high\" decoding=\"async\" width=\"1024\" height=\"406\" src=\"https:\/\/i0.wp.com\/pm-consulting.cl\/wp-content\/uploads\/slider2\/SENTEC.png?fit=1024%2C406&amp;ssl=1\" class=\"attachment-large size-large wp-image-1937\" alt=\"\" srcset=\"https:\/\/i0.wp.com\/pm-consulting.cl\/wp-content\/uploads\/slider2\/SENTEC.png?w=1637&amp;ssl=1 1637w, https:\/\/i0.wp.com\/pm-consulting.cl\/wp-content\/uploads\/slider2\/SENTEC.png?resize=300%2C119&amp;ssl=1 300w, https:\/\/i0.wp.com\/pm-consulting.cl\/wp-content\/uploads\/slider2\/SENTEC.png?resize=1024%2C406&amp;ssl=1 1024w, https:\/\/i0.wp.com\/pm-consulting.cl\/wp-content\/uploads\/slider2\/SENTEC.png?resize=768%2C304&amp;ssl=1 768w, https:\/\/i0.wp.com\/pm-consulting.cl\/wp-content\/uploads\/slider2\/SENTEC.png?resize=1536%2C609&amp;ssl=1 1536w\" sizes=\"(max-width: 1024px) 100vw, 1024px\" \/>\t\t\t\t\t\t\t\t\t\t\t\t\t\t\t<\/div>\n\t\t\t\t<\/div>\n\t\t\t\t\t<\/div>\n\t\t<\/div>\n\t\t\t\t<div class=\"elementor-column elementor-col-50 elementor-top-column elementor-element elementor-element-05225cc\" data-id=\"05225cc\" data-element_type=\"column\" data-e-type=\"column\">\n\t\t\t<div class=\"elementor-widget-wrap elementor-element-populated\">\n\t\t\t\t\t\t<div class=\"elementor-element elementor-element-54fb30d elementor-widget elementor-widget-heading\" data-id=\"54fb30d\" data-element_type=\"widget\" data-e-type=\"widget\" data-widget_type=\"heading.default\">\n\t\t\t\t<div class=\"elementor-widget-container\">\n\t\t\t\t\t<h5 class=\"elementor-heading-title elementor-size-default\">MONITOR TRANSCUT\u00c1NEO DE PCO2 SENTEC<\/h5>\t\t\t\t<\/div>\n\t\t\t\t<\/div>\n\t\t\t\t<div class=\"elementor-element elementor-element-a58915d elementor-widget elementor-widget-text-editor\" data-id=\"a58915d\" data-element_type=\"widget\" data-e-type=\"widget\" data-widget_type=\"text-editor.default\">\n\t\t\t\t<div class=\"elementor-widget-container\">\n\t\t\t\t\t\t\t\t\t<p>El Monitor transcutaneo Sentec permite medir PaCO2 de pacientes adultos, pedi\u00e1tricos y neonatales en forma continua y No invasiva. Es un equipo seguro, preciso y de f\u00e1cil uso. Sentec es una nueva generaci\u00f3n de t\u00e9cnica de medici\u00f3n transcut\u00e1nea que deja atr\u00e1s las limitaciones de los m\u00e9todos actuales y ayuda a los profesionales a orientar los tratamientos ventilatorios.<\/p>\t\t\t\t\t\t\t\t<\/div>\n\t\t\t\t<\/div>\n\t\t\t\t\t<\/div>\n\t\t<\/div>\n\t\t\t\t\t<\/div>\n\t\t<\/section>\n\t\t\t\t<section class=\"elementor-section elementor-top-section elementor-element elementor-element-7027119 elementor-section-boxed elementor-section-height-default elementor-section-height-default wpr-particle-no wpr-jarallax-no wpr-parallax-no wpr-sticky-section-no wpr-equal-height-no\" data-id=\"7027119\" data-element_type=\"section\" data-e-type=\"section\">\n\t\t\t\t\t\t<div class=\"elementor-container elementor-column-gap-default\">\n\t\t\t\t\t<div class=\"elementor-column elementor-col-100 elementor-top-column elementor-element elementor-element-fd2e5aa\" data-id=\"fd2e5aa\" data-element_type=\"column\" data-e-type=\"column\">\n\t\t\t<div class=\"elementor-widget-wrap elementor-element-populated\">\n\t\t\t\t\t\t<div class=\"elementor-element elementor-element-bbb8f99 elementor-widget elementor-widget-text-editor\" data-id=\"bbb8f99\" data-element_type=\"widget\" data-e-type=\"widget\" data-widget_type=\"text-editor.default\">\n\t\t\t\t<div class=\"elementor-widget-container\">\n\t\t\t\t\t\t\t\t\t<p>SenTec Digital Monitoring System SDMS con V-Sign\u2122 Sensor, ofrece una monitorizaci\u00f3n continua, no invasiva, en tiempo real de la presi\u00f3n parcial del di\u00f3xido de carbono (pCO2). Su V-Sign\u2122 Sensor multisitio se aplica f\u00e1cilmente en el paciente El SDMS responde de forma r\u00e1pida y fiable a los cambios en los niveles de pCO2 del paciente, obteniendo informaci\u00f3n continua acerca de la ventilaci\u00f3n y oxigenaci\u00f3n del paciente. Con esta herramienta, aumenta el confort y la seguridad de los pacientes y del equipo humano encargado. Avalado cl\u00ednicamente por estudios que demuestran la precisi\u00f3n y la fiabilidad del SenTec Digital Monitoring System. Su aplicaci\u00f3n en el \u00e1rea Neonatal es amplia y completa, abarcando desde procesos de sedaci\u00f3n y transporte intrahospitalario hasta unidades de cuidados intensivos neonatales con aplicaci\u00f3n de ventilaci\u00f3n de alta frecuencia oscilatoria. Mientras que en pediatr\u00eda y Adultos es imprescindible para la monitorizaci\u00f3n de pacientes en ventilaci\u00f3n no invasiva e invasiva, pacientes cr\u00edticos cardiacos, entre otros.<\/p>\n<p><strong>Caracter\u00edsticas Generales:<\/strong><\/p>\n<p>Medici\u00f3n de la pCO2 tipo Severinghaus. Temperatura del Sensor: Fijado a 41\u00baC (105.8\u00baF) para paciente Neonatal. Sistema de Aviso de Intervalo de Tiempo y cambio de ubicaci\u00f3n del sensor en forma autom\u00e1tica. Aplicaci\u00f3n segura y f\u00e1cil del sensor. Sensor ligero (&lt; 3g), para un mejor confort del paciente. Autocalibraci\u00f3n del sensor en el mismo equipo. Pantalla TFT color de 640 x 240 pixeles. Gr\u00e1fico de tendencia y valores num\u00e9ricos continuo de la pCO2 Docking Station integrada, para guardar en los periodos entre mediciones y calibrar autom\u00e1ticamente el V-Sign\u2122 Sensor. Gas de Calibraci\u00f3n integrado al equipo. Reduce significativamente el n\u00famero de an\u00e1lisis de gases arteriales necesarios para evaluar la oxigenaci\u00f3n y la ventilaci\u00f3n del paciente. Tecnolog\u00eda exclusiva, con aprobaci\u00f3n CE y FDA Opci\u00f3n de montaje en mesa, carro de transporte o soporte pared Capacidad de conexi\u00f3n a sistema centralizado de monitoreo y vigilancia de alarmas Bater\u00eda de respaldo de hasta 6 horas de duraci\u00f3n.<\/p>\t\t\t\t\t\t\t\t<\/div>\n\t\t\t\t<\/div>\n\t\t\t\t\t<\/div>\n\t\t<\/div>\n\t\t\t\t\t<\/div>\n\t\t<\/section>\n\t\t\t\t<section class=\"elementor-section elementor-top-section elementor-element elementor-element-90124b4 elementor-section-boxed elementor-section-height-default elementor-section-height-default wpr-particle-no wpr-jarallax-no wpr-parallax-no wpr-sticky-section-no wpr-equal-height-no\" data-id=\"90124b4\" data-element_type=\"section\" data-e-type=\"section\">\n\t\t\t\t\t\t<div class=\"elementor-container elementor-column-gap-default\">\n\t\t\t\t\t<div class=\"elementor-column elementor-col-100 elementor-top-column elementor-element elementor-element-6a94e22\" data-id=\"6a94e22\" data-element_type=\"column\" data-e-type=\"column\">\n\t\t\t<div class=\"elementor-widget-wrap elementor-element-populated\">\n\t\t\t\t\t\t<div class=\"elementor-element elementor-element-9ba86c6 elementor-widget elementor-widget-spacer\" data-id=\"9ba86c6\" data-element_type=\"widget\" data-e-type=\"widget\" data-widget_type=\"spacer.default\">\n\t\t\t\t<div class=\"elementor-widget-container\">\n\t\t\t\t\t\t\t<div class=\"elementor-spacer\">\n\t\t\t<div class=\"elementor-spacer-inner\"><\/div>\n\t\t<\/div>\n\t\t\t\t\t\t<\/div>\n\t\t\t\t<\/div>\n\t\t\t\t\t<\/div>\n\t\t<\/div>\n\t\t\t\t\t<\/div>\n\t\t<\/section>\n\t\t\t\t<\/div>\n\t\t","protected":false},"excerpt":{"rendered":"<p>Ver Cat\u00e1logo MONITOR TRANSCUT\u00c1NEO DE PCO2 SENTEC El Monitor transcutaneo Sentec permite medir PaCO2 de pacientes adultos, pedi\u00e1tricos y neonatales en forma continua y No invasiva. Es un equipo seguro, preciso y de f\u00e1cil uso. Sentec es una nueva generaci\u00f3n de t\u00e9cnica de medici\u00f3n transcut\u00e1nea que deja atr\u00e1s las limitaciones de los m\u00e9todos actuales y ayuda a los profesionales a orientar los tratamientos ventilatorios. SenTec Digital Monitoring System SDMS con V-Sign\u2122 Sensor, ofrece una monitorizaci\u00f3n continua, no invasiva, en tiempo real de la presi\u00f3n parcial del di\u00f3xido de carbono (pCO2). Su V-Sign\u2122 Sensor multisitio se aplica f\u00e1cilmente en el paciente El SDMS responde de forma r\u00e1pida y fiable a los cambios en los niveles de pCO2 del paciente, obteniendo informaci\u00f3n continua acerca de la ventilaci\u00f3n y oxigenaci\u00f3n del paciente. Con esta herramienta, aumenta el confort y la seguridad de los pacientes y del equipo humano encargado. Avalado cl\u00ednicamente por estudios que demuestran la precisi\u00f3n y la fiabilidad del SenTec Digital Monitoring System. Su aplicaci\u00f3n en el \u00e1rea Neonatal es amplia y completa, abarcando desde procesos de sedaci\u00f3n y transporte intrahospitalario hasta unidades de cuidados intensivos neonatales con aplicaci\u00f3n de ventilaci\u00f3n de alta frecuencia oscilatoria. Mientras que en pediatr\u00eda y Adultos es imprescindible para la monitorizaci\u00f3n de pacientes en ventilaci\u00f3n no invasiva e invasiva, pacientes cr\u00edticos cardiacos, entre otros. Caracter\u00edsticas Generales: Medici\u00f3n de la pCO2 tipo Severinghaus. Temperatura del Sensor: Fijado a 41\u00baC (105.8\u00baF) para paciente Neonatal. Sistema de Aviso de Intervalo de Tiempo y cambio de ubicaci\u00f3n del sensor en forma autom\u00e1tica. Aplicaci\u00f3n segura y f\u00e1cil del sensor. Sensor ligero (&lt; 3g), para un mejor confort del paciente. Autocalibraci\u00f3n del sensor en el mismo equipo. Pantalla TFT color de 640 x 240 pixeles. Gr\u00e1fico de tendencia y valores num\u00e9ricos continuo de la pCO2 Docking Station integrada, para guardar en los periodos entre mediciones y calibrar autom\u00e1ticamente el V-Sign\u2122 Sensor. Gas de Calibraci\u00f3n integrado al equipo. Reduce significativamente el n\u00famero de an\u00e1lisis de gases arteriales necesarios para evaluar la oxigenaci\u00f3n y la ventilaci\u00f3n del paciente. Tecnolog\u00eda exclusiva, con aprobaci\u00f3n CE y FDA Opci\u00f3n de montaje en mesa, carro de transporte o soporte pared Capacidad de conexi\u00f3n a sistema centralizado de monitoreo y vigilancia de alarmas Bater\u00eda de respaldo de hasta 6 horas de duraci\u00f3n.<\/p>\n","protected":false},"author":2,"featured_media":0,"parent":0,"menu_order":0,"comment_status":"closed","ping_status":"closed","template":"","meta":{"nf_dc_page":"","_monsterinsights_skip_tracking":false,"_monsterinsights_sitenote_active":false,"_monsterinsights_sitenote_note":"","_monsterinsights_sitenote_category":0,"neve_meta_sidebar":"","neve_meta_container":"","neve_meta_enable_content_width":"","neve_meta_content_width":0,"neve_meta_title_alignment":"","neve_meta_author_avatar":"","neve_post_elements_order":"","neve_meta_disable_header":"","neve_meta_disable_footer":"","neve_meta_disable_title":"","footnotes":""},"class_list":["post-906","page","type-page","status-publish","hentry"],"jetpack_sharing_enabled":true,"_links":{"self":[{"href":"https:\/\/pm-consulting.cl\/inicio\/wp-json\/wp\/v2\/pages\/906","targetHints":{"allow":["GET"]}}],"collection":[{"href":"https:\/\/pm-consulting.cl\/inicio\/wp-json\/wp\/v2\/pages"}],"about":[{"href":"https:\/\/pm-consulting.cl\/inicio\/wp-json\/wp\/v2\/types\/page"}],"author":[{"embeddable":true,"href":"https:\/\/pm-consulting.cl\/inicio\/wp-json\/wp\/v2\/users\/2"}],"replies":[{"embeddable":true,"href":"https:\/\/pm-consulting.cl\/inicio\/wp-json\/wp\/v2\/comments?post=906"}],"version-history":[{"count":31,"href":"https:\/\/pm-consulting.cl\/inicio\/wp-json\/wp\/v2\/pages\/906\/revisions"}],"predecessor-version":[{"id":3577,"href":"https:\/\/pm-consulting.cl\/inicio\/wp-json\/wp\/v2\/pages\/906\/revisions\/3577"}],"wp:attachment":[{"href":"https:\/\/pm-consulting.cl\/inicio\/wp-json\/wp\/v2\/media?parent=906"}],"curies":[{"name":"wp","href":"https:\/\/api.w.org\/{rel}","templated":true}]}}