{"id":916,"date":"2022-08-19T06:39:48","date_gmt":"2022-08-19T10:39:48","guid":{"rendered":"https:\/\/pm-consulting.cl\/?page_id=916"},"modified":"2022-08-26T20:46:01","modified_gmt":"2022-08-27T00:46:01","slug":"unique-cfm-aeeg","status":"publish","type":"page","link":"https:\/\/pm-consulting.cl\/inicio\/unique-cfm-aeeg\/","title":{"rendered":"UNIQUE CFM aEEG"},"content":{"rendered":"\t\t<div data-elementor-type=\"wp-page\" data-elementor-id=\"916\" class=\"elementor elementor-916\">\n\t\t\t\t\t\t<section class=\"elementor-section elementor-top-section elementor-element elementor-element-14fcece elementor-section-boxed elementor-section-height-default elementor-section-height-default wpr-particle-no wpr-jarallax-no wpr-parallax-no wpr-sticky-section-no wpr-equal-height-no\" data-id=\"14fcece\" data-element_type=\"section\" data-e-type=\"section\">\n\t\t\t\t\t\t<div class=\"elementor-container elementor-column-gap-default\">\n\t\t\t\t\t<div class=\"elementor-column elementor-col-100 elementor-top-column elementor-element elementor-element-e7b805b\" data-id=\"e7b805b\" data-element_type=\"column\" data-e-type=\"column\">\n\t\t\t<div class=\"elementor-widget-wrap elementor-element-populated\">\n\t\t\t\t\t\t<div class=\"elementor-element elementor-element-b99ffbb elementor-align-center elementor-widget elementor-widget-button\" data-id=\"b99ffbb\" data-element_type=\"widget\" data-e-type=\"widget\" data-widget_type=\"button.default\">\n\t\t\t\t<div class=\"elementor-widget-container\">\n\t\t\t\t\t\t\t\t\t<div class=\"elementor-button-wrapper\">\n\t\t\t\t\t<a class=\"elementor-button elementor-button-link elementor-size-sm elementor-animation-grow\" href=\"https:\/\/pm-consulting.cl\/wp-content\/uploads\/2022\/08\/CFM.pdf\" target=\"_blank\">\n\t\t\t\t\t\t<span class=\"elementor-button-content-wrapper\">\n\t\t\t\t\t\t\t\t\t<span class=\"elementor-button-text\">Ver Cat\u00e1logo<\/span>\n\t\t\t\t\t<\/span>\n\t\t\t\t\t<\/a>\n\t\t\t\t<\/div>\n\t\t\t\t\t\t\t\t<\/div>\n\t\t\t\t<\/div>\n\t\t\t\t\t<\/div>\n\t\t<\/div>\n\t\t\t\t\t<\/div>\n\t\t<\/section>\n\t\t\t\t<section class=\"elementor-section elementor-top-section elementor-element elementor-element-a313186 elementor-section-boxed elementor-section-height-default elementor-section-height-default wpr-particle-no wpr-jarallax-no wpr-parallax-no wpr-sticky-section-no wpr-equal-height-no\" data-id=\"a313186\" data-element_type=\"section\" data-e-type=\"section\">\n\t\t\t\t\t\t<div class=\"elementor-container elementor-column-gap-default\">\n\t\t\t\t\t<div class=\"elementor-column elementor-col-50 elementor-top-column elementor-element elementor-element-bc790de\" data-id=\"bc790de\" data-element_type=\"column\" data-e-type=\"column\">\n\t\t\t<div class=\"elementor-widget-wrap elementor-element-populated\">\n\t\t\t\t\t\t<div class=\"elementor-element elementor-element-ebdd674 elementor-widget elementor-widget-image\" data-id=\"ebdd674\" data-element_type=\"widget\" data-e-type=\"widget\" data-widget_type=\"image.default\">\n\t\t\t\t<div class=\"elementor-widget-container\">\n\t\t\t\t\t\t\t\t\t\t\t\t\t\t\t<img fetchpriority=\"high\" decoding=\"async\" width=\"589\" height=\"331\" src=\"https:\/\/i0.wp.com\/pm-consulting.cl\/wp-content\/uploads\/2022\/08\/UNIQUE-CFM-aEEG-2.png?fit=589%2C331&amp;ssl=1\" class=\"attachment-large size-large wp-image-2417\" alt=\"\" srcset=\"https:\/\/i0.wp.com\/pm-consulting.cl\/wp-content\/uploads\/2022\/08\/UNIQUE-CFM-aEEG-2.png?w=589&amp;ssl=1 589w, https:\/\/i0.wp.com\/pm-consulting.cl\/wp-content\/uploads\/2022\/08\/UNIQUE-CFM-aEEG-2.png?resize=300%2C169&amp;ssl=1 300w\" sizes=\"(max-width: 589px) 100vw, 589px\" \/>\t\t\t\t\t\t\t\t\t\t\t\t\t\t\t<\/div>\n\t\t\t\t<\/div>\n\t\t\t\t\t<\/div>\n\t\t<\/div>\n\t\t\t\t<div class=\"elementor-column elementor-col-50 elementor-top-column elementor-element elementor-element-b352903\" data-id=\"b352903\" data-element_type=\"column\" data-e-type=\"column\">\n\t\t\t<div class=\"elementor-widget-wrap elementor-element-populated\">\n\t\t\t\t\t\t<div class=\"elementor-element elementor-element-178d8c7 elementor-widget elementor-widget-heading\" data-id=\"178d8c7\" data-element_type=\"widget\" data-e-type=\"widget\" data-widget_type=\"heading.default\">\n\t\t\t\t<div class=\"elementor-widget-container\">\n\t\t\t\t\t<h5 class=\"elementor-heading-title elementor-size-default\">Monitor de Funci\u00f3n Cerebral aEEG Unique CFM<\/h5>\t\t\t\t<\/div>\n\t\t\t\t<\/div>\n\t\t\t\t<div class=\"elementor-element elementor-element-fdfcba0 elementor-widget elementor-widget-text-editor\" data-id=\"fdfcba0\" data-element_type=\"widget\" data-e-type=\"widget\" data-widget_type=\"text-editor.default\">\n\t\t\t\t<div class=\"elementor-widget-container\">\n\t\t\t\t\t\t\t\t\t<p>El Monitoreo de la Funci\u00f3n Cerebral (CFM por sus siglas en ingl\u00e9s) continua en pacientes que han sufrido da\u00f1o cerebral ha sido utilizado por muchos a\u00f1os en centros avanzados de cuidados cr\u00edticos. Unique CFM es la nueva generaci\u00f3n de equipos de monitoreo de aEEG, ajust\u00e1ndose a todas las necesidades actuales de las unidades de cuidado intensivo: Monitoreo Unipolar, Bipolar, uso de electrodos de aguja o higrogel, extracci\u00f3n de datos hacia cualquier PC, medici\u00f3n de ECG, opci\u00f3n de c\u00e1mara de video para monitoreo visual del paciente en tiempo continuo, software de procesamiento de datos, alarmas de par\u00e1metros ajustable, entre otras prestaciones. Su nivel de conectividad de \u00faltima generaci\u00f3n permite conectar el dispositivo a cualquier PC v\u00eda Bluetooth, evitando la congesti\u00f3n de cables en espacios confinados. El monitoreo se realiza en tres simples pasos: conectar el equipo, colocar los electrodos e iniciar el registro<\/p>\t\t\t\t\t\t\t\t<\/div>\n\t\t\t\t<\/div>\n\t\t\t\t\t<\/div>\n\t\t<\/div>\n\t\t\t\t\t<\/div>\n\t\t<\/section>\n\t\t\t\t<section class=\"elementor-section elementor-top-section elementor-element elementor-element-c758043 elementor-section-boxed elementor-section-height-default elementor-section-height-default wpr-particle-no wpr-jarallax-no wpr-parallax-no wpr-sticky-section-no wpr-equal-height-no\" data-id=\"c758043\" data-element_type=\"section\" data-e-type=\"section\">\n\t\t\t\t\t\t<div class=\"elementor-container elementor-column-gap-default\">\n\t\t\t\t\t<div class=\"elementor-column elementor-col-50 elementor-top-column elementor-element elementor-element-62b946d\" data-id=\"62b946d\" data-element_type=\"column\" data-e-type=\"column\">\n\t\t\t<div class=\"elementor-widget-wrap elementor-element-populated\">\n\t\t\t\t\t\t<div class=\"elementor-element elementor-element-b7bbc07 elementor-widget elementor-widget-text-editor\" data-id=\"b7bbc07\" data-element_type=\"widget\" data-e-type=\"widget\" data-widget_type=\"text-editor.default\">\n\t\t\t\t<div class=\"elementor-widget-container\">\n\t\t\t\t\t\t\t\t\t<p><strong>Caracter\u00edsticas Generales:<\/strong><\/p>\n<p>Selecci\u00f3n de 1 o 2 canales de aEEG Generaci\u00f3n de Reportes Personalizados aEEG en tiempo real An\u00e1lisis Espectral de EEG Opci\u00f3n de Video Marcadores de Evento en l\u00ednea Conexi\u00f3n a PC v\u00eda Bluetooth Alarmas ajustables Uso de electrodos de aguja o hidrogel Uso en pacientes neonatales hasta adultos Impedancia de Entrada: &gt; 800 MOhm Rango m\u00e1ximo de Entrada +\/- 12 mV Ancho de Banda 0.2-100 Hz Sensibilidad: 1,2 \u00b5V hasta 500 \u00b5V\/div Filtro Frecuencias Baja: 0,2-100 Hz Filtro Frecuencias Altas: 0,2\u00aa100 Hz Base tiempo EEG: 10-80 mm\/seg Base tiempo CFM: 6 cm\/seg Frecuencia Muestreo: 256 Hz Carro de Transporte<\/p>\n<p><strong>Uso cl\u00ednico del monitoreo de aEEG:<\/strong><\/p>\n<p>Monitoreo de la condici\u00f3n neurol\u00f3gica general del paciente Monitoreo y registro de la frecuencia e intensidad de las convulsiones Monitoreo durante el tratamiento de Hipotermia para medir la eficacia del tratamiento. Marcaci\u00f3n de eventos para mantener un buen seguimiento de la terapia<\/p>\t\t\t\t\t\t\t\t<\/div>\n\t\t\t\t<\/div>\n\t\t\t\t\t<\/div>\n\t\t<\/div>\n\t\t\t\t<div class=\"elementor-column elementor-col-50 elementor-top-column elementor-element elementor-element-b32b5be\" data-id=\"b32b5be\" data-element_type=\"column\" data-e-type=\"column\">\n\t\t\t<div class=\"elementor-widget-wrap elementor-element-populated\">\n\t\t\t\t\t\t<div class=\"elementor-element elementor-element-c61f114 elementor-widget elementor-widget-image\" data-id=\"c61f114\" data-element_type=\"widget\" data-e-type=\"widget\" data-widget_type=\"image.default\">\n\t\t\t\t<div class=\"elementor-widget-container\">\n\t\t\t\t\t\t\t\t\t\t\t\t\t\t\t<img decoding=\"async\" width=\"589\" height=\"331\" src=\"https:\/\/i0.wp.com\/pm-consulting.cl\/wp-content\/uploads\/2022\/08\/UNIQUE-CFM-aEEG.png?fit=589%2C331&amp;ssl=1\" class=\"attachment-large size-large wp-image-3216\" alt=\"\" srcset=\"https:\/\/i0.wp.com\/pm-consulting.cl\/wp-content\/uploads\/2022\/08\/UNIQUE-CFM-aEEG.png?w=589&amp;ssl=1 589w, https:\/\/i0.wp.com\/pm-consulting.cl\/wp-content\/uploads\/2022\/08\/UNIQUE-CFM-aEEG.png?resize=300%2C169&amp;ssl=1 300w\" sizes=\"(max-width: 589px) 100vw, 589px\" \/>\t\t\t\t\t\t\t\t\t\t\t\t\t\t\t<\/div>\n\t\t\t\t<\/div>\n\t\t\t\t\t<\/div>\n\t\t<\/div>\n\t\t\t\t\t<\/div>\n\t\t<\/section>\n\t\t\t\t<section class=\"elementor-section elementor-top-section elementor-element elementor-element-7165b48 elementor-section-boxed elementor-section-height-default elementor-section-height-default wpr-particle-no wpr-jarallax-no wpr-parallax-no wpr-sticky-section-no wpr-equal-height-no\" data-id=\"7165b48\" data-element_type=\"section\" data-e-type=\"section\">\n\t\t\t\t\t\t<div class=\"elementor-container elementor-column-gap-default\">\n\t\t\t\t\t<div class=\"elementor-column elementor-col-100 elementor-top-column elementor-element elementor-element-a8f273f\" data-id=\"a8f273f\" data-element_type=\"column\" data-e-type=\"column\">\n\t\t\t<div class=\"elementor-widget-wrap elementor-element-populated\">\n\t\t\t\t\t\t<div class=\"elementor-element elementor-element-349454b elementor-widget elementor-widget-spacer\" data-id=\"349454b\" data-element_type=\"widget\" data-e-type=\"widget\" data-widget_type=\"spacer.default\">\n\t\t\t\t<div class=\"elementor-widget-container\">\n\t\t\t\t\t\t\t<div class=\"elementor-spacer\">\n\t\t\t<div class=\"elementor-spacer-inner\"><\/div>\n\t\t<\/div>\n\t\t\t\t\t\t<\/div>\n\t\t\t\t<\/div>\n\t\t\t\t\t<\/div>\n\t\t<\/div>\n\t\t\t\t\t<\/div>\n\t\t<\/section>\n\t\t\t\t<\/div>\n\t\t","protected":false},"excerpt":{"rendered":"<p>Ver Cat\u00e1logo Monitor de Funci\u00f3n Cerebral aEEG Unique CFM El Monitoreo de la Funci\u00f3n Cerebral (CFM por sus siglas en ingl\u00e9s) continua en pacientes que han sufrido da\u00f1o cerebral ha sido utilizado por muchos a\u00f1os en centros avanzados de cuidados cr\u00edticos. Unique CFM es la nueva generaci\u00f3n de equipos de monitoreo de aEEG, ajust\u00e1ndose a todas las necesidades actuales de las unidades de cuidado intensivo: Monitoreo Unipolar, Bipolar, uso de electrodos de aguja o higrogel, extracci\u00f3n de datos hacia cualquier PC, medici\u00f3n de ECG, opci\u00f3n de c\u00e1mara de video para monitoreo visual del paciente en tiempo continuo, software de procesamiento de datos, alarmas de par\u00e1metros ajustable, entre otras prestaciones. Su nivel de conectividad de \u00faltima generaci\u00f3n permite conectar el dispositivo a cualquier PC v\u00eda Bluetooth, evitando la congesti\u00f3n de cables en espacios confinados. El monitoreo se realiza en tres simples pasos: conectar el equipo, colocar los electrodos e iniciar el registro Caracter\u00edsticas Generales: Selecci\u00f3n de 1 o 2 canales de aEEG Generaci\u00f3n de Reportes Personalizados aEEG en tiempo real An\u00e1lisis Espectral de EEG Opci\u00f3n de Video Marcadores de Evento en l\u00ednea Conexi\u00f3n a PC v\u00eda Bluetooth Alarmas ajustables Uso de electrodos de aguja o hidrogel Uso en pacientes neonatales hasta adultos Impedancia de Entrada: &gt; 800 MOhm Rango m\u00e1ximo de Entrada +\/- 12 mV Ancho de Banda 0.2-100 Hz Sensibilidad: 1,2 \u00b5V hasta 500 \u00b5V\/div Filtro Frecuencias Baja: 0,2-100 Hz Filtro Frecuencias Altas: 0,2\u00aa100 Hz Base tiempo EEG: 10-80 mm\/seg Base tiempo CFM: 6 cm\/seg Frecuencia Muestreo: 256 Hz Carro de Transporte Uso cl\u00ednico del monitoreo de aEEG: Monitoreo de la condici\u00f3n neurol\u00f3gica general del paciente Monitoreo y registro de la frecuencia e intensidad de las convulsiones Monitoreo durante el tratamiento de Hipotermia para medir la eficacia del tratamiento. Marcaci\u00f3n de eventos para mantener un buen seguimiento de la terapia<\/p>\n","protected":false},"author":2,"featured_media":0,"parent":0,"menu_order":0,"comment_status":"closed","ping_status":"closed","template":"","meta":{"nf_dc_page":"","_monsterinsights_skip_tracking":false,"_monsterinsights_sitenote_active":false,"_monsterinsights_sitenote_note":"","_monsterinsights_sitenote_category":0,"neve_meta_sidebar":"","neve_meta_container":"","neve_meta_enable_content_width":"","neve_meta_content_width":0,"neve_meta_title_alignment":"","neve_meta_author_avatar":"","neve_post_elements_order":"","neve_meta_disable_header":"","neve_meta_disable_footer":"","neve_meta_disable_title":"","footnotes":""},"class_list":["post-916","page","type-page","status-publish","hentry"],"jetpack_sharing_enabled":true,"_links":{"self":[{"href":"https:\/\/pm-consulting.cl\/inicio\/wp-json\/wp\/v2\/pages\/916","targetHints":{"allow":["GET"]}}],"collection":[{"href":"https:\/\/pm-consulting.cl\/inicio\/wp-json\/wp\/v2\/pages"}],"about":[{"href":"https:\/\/pm-consulting.cl\/inicio\/wp-json\/wp\/v2\/types\/page"}],"author":[{"embeddable":true,"href":"https:\/\/pm-consulting.cl\/inicio\/wp-json\/wp\/v2\/users\/2"}],"replies":[{"embeddable":true,"href":"https:\/\/pm-consulting.cl\/inicio\/wp-json\/wp\/v2\/comments?post=916"}],"version-history":[{"count":32,"href":"https:\/\/pm-consulting.cl\/inicio\/wp-json\/wp\/v2\/pages\/916\/revisions"}],"predecessor-version":[{"id":3598,"href":"https:\/\/pm-consulting.cl\/inicio\/wp-json\/wp\/v2\/pages\/916\/revisions\/3598"}],"wp:attachment":[{"href":"https:\/\/pm-consulting.cl\/inicio\/wp-json\/wp\/v2\/media?parent=916"}],"curies":[{"name":"wp","href":"https:\/\/api.w.org\/{rel}","templated":true}]}}