{"id":980,"date":"2022-08-19T07:28:38","date_gmt":"2022-08-19T11:28:38","guid":{"rendered":"https:\/\/pm-consulting.cl\/?page_id=980"},"modified":"2022-08-26T20:44:44","modified_gmt":"2022-08-27T00:44:44","slug":"tecotherm-neo","status":"publish","type":"page","link":"https:\/\/pm-consulting.cl\/inicio\/tecotherm-neo\/","title":{"rendered":"TECOTHERM NEO"},"content":{"rendered":"\t\t<div data-elementor-type=\"wp-page\" data-elementor-id=\"980\" class=\"elementor elementor-980\">\n\t\t\t\t\t\t<section class=\"elementor-section elementor-top-section elementor-element elementor-element-8c5631e elementor-section-boxed elementor-section-height-default elementor-section-height-default wpr-particle-no wpr-jarallax-no wpr-parallax-no wpr-sticky-section-no wpr-equal-height-no\" data-id=\"8c5631e\" data-element_type=\"section\" data-e-type=\"section\">\n\t\t\t\t\t\t<div class=\"elementor-container elementor-column-gap-default\">\n\t\t\t\t\t<div class=\"elementor-column elementor-col-100 elementor-top-column elementor-element elementor-element-b0f5dda\" data-id=\"b0f5dda\" data-element_type=\"column\" data-e-type=\"column\">\n\t\t\t<div class=\"elementor-widget-wrap elementor-element-populated\">\n\t\t\t\t\t\t<div class=\"elementor-element elementor-element-3e251b3 elementor-align-center elementor-widget elementor-widget-button\" data-id=\"3e251b3\" data-element_type=\"widget\" data-e-type=\"widget\" data-widget_type=\"button.default\">\n\t\t\t\t<div class=\"elementor-widget-container\">\n\t\t\t\t\t\t\t\t\t<div class=\"elementor-button-wrapper\">\n\t\t\t\t\t<a class=\"elementor-button elementor-button-link elementor-size-sm elementor-animation-grow\" href=\"https:\/\/pm-consulting.cl\/wp-content\/uploads\/2022\/08\/TecothermNeo.pdf\" target=\"_blank\">\n\t\t\t\t\t\t<span class=\"elementor-button-content-wrapper\">\n\t\t\t\t\t\t\t\t\t<span class=\"elementor-button-text\">Ver Cat\u00e1logo<\/span>\n\t\t\t\t\t<\/span>\n\t\t\t\t\t<\/a>\n\t\t\t\t<\/div>\n\t\t\t\t\t\t\t\t<\/div>\n\t\t\t\t<\/div>\n\t\t\t\t\t<\/div>\n\t\t<\/div>\n\t\t\t\t\t<\/div>\n\t\t<\/section>\n\t\t\t\t<section class=\"elementor-section elementor-top-section elementor-element elementor-element-1b25d1d elementor-section-boxed elementor-section-height-default elementor-section-height-default wpr-particle-no wpr-jarallax-no wpr-parallax-no wpr-sticky-section-no wpr-equal-height-no\" data-id=\"1b25d1d\" data-element_type=\"section\" data-e-type=\"section\">\n\t\t\t\t\t\t<div class=\"elementor-container elementor-column-gap-default\">\n\t\t\t\t\t<div class=\"elementor-column elementor-col-50 elementor-top-column elementor-element elementor-element-d4d2500\" data-id=\"d4d2500\" data-element_type=\"column\" data-e-type=\"column\">\n\t\t\t<div class=\"elementor-widget-wrap elementor-element-populated\">\n\t\t\t\t\t\t<div class=\"elementor-element elementor-element-1abcd85 elementor-widget elementor-widget-image\" data-id=\"1abcd85\" data-element_type=\"widget\" data-e-type=\"widget\" data-widget_type=\"image.default\">\n\t\t\t\t<div class=\"elementor-widget-container\">\n\t\t\t\t\t\t\t\t\t\t\t\t\t\t\t<img fetchpriority=\"high\" decoding=\"async\" width=\"400\" height=\"350\" src=\"https:\/\/i0.wp.com\/pm-consulting.cl\/wp-content\/uploads\/2022\/08\/TECOTHERM.jpg?fit=400%2C350&amp;ssl=1\" class=\"attachment-large size-large wp-image-1980\" alt=\"\" srcset=\"https:\/\/i0.wp.com\/pm-consulting.cl\/wp-content\/uploads\/2022\/08\/TECOTHERM.jpg?w=400&amp;ssl=1 400w, https:\/\/i0.wp.com\/pm-consulting.cl\/wp-content\/uploads\/2022\/08\/TECOTHERM.jpg?resize=300%2C263&amp;ssl=1 300w\" sizes=\"(max-width: 400px) 100vw, 400px\" \/>\t\t\t\t\t\t\t\t\t\t\t\t\t\t\t<\/div>\n\t\t\t\t<\/div>\n\t\t\t\t\t<\/div>\n\t\t<\/div>\n\t\t\t\t<div class=\"elementor-column elementor-col-50 elementor-top-column elementor-element elementor-element-6f63aa7\" data-id=\"6f63aa7\" data-element_type=\"column\" data-e-type=\"column\">\n\t\t\t<div class=\"elementor-widget-wrap elementor-element-populated\">\n\t\t\t\t\t\t<div class=\"elementor-element elementor-element-2866a46 elementor-widget elementor-widget-heading\" data-id=\"2866a46\" data-element_type=\"widget\" data-e-type=\"widget\" data-widget_type=\"heading.default\">\n\t\t\t\t<div class=\"elementor-widget-container\">\n\t\t\t\t\t<h5 class=\"elementor-heading-title elementor-size-default\">TERMOREGULADOR NEONATAL TECOTHERM NEO<\/h5>\t\t\t\t<\/div>\n\t\t\t\t<\/div>\n\t\t\t\t<div class=\"elementor-element elementor-element-aeaa46d elementor-widget elementor-widget-text-editor\" data-id=\"aeaa46d\" data-element_type=\"widget\" data-e-type=\"widget\" data-widget_type=\"text-editor.default\">\n\t\t\t\t<div class=\"elementor-widget-container\">\n\t\t\t\t\t\t\t\t\t<p>Tecotherm Neo es la nueva generaci\u00f3n de equipos para el tratamiento de hipotermia. Su dise\u00f1o de \u00faltima generaci\u00f3n y monitorizaci\u00f3n a trav\u00e9s de su pantalla full color permiten realizar un completo tratamiento, monitoreo y gesti\u00f3n de alarmas. Incorpora Modo Servocontrolado Tratamiento Completo, donde usuario programa el tiempo de tratamiento y temperatura objetivo. El equipo es capaz de completar el ciclo completo de tratamiento sin interrupciones ni modificaciones.<\/p>\t\t\t\t\t\t\t\t<\/div>\n\t\t\t\t<\/div>\n\t\t\t\t\t<\/div>\n\t\t<\/div>\n\t\t\t\t\t<\/div>\n\t\t<\/section>\n\t\t\t\t<section class=\"elementor-section elementor-top-section elementor-element elementor-element-e42f0a0 elementor-section-boxed elementor-section-height-default elementor-section-height-default wpr-particle-no wpr-jarallax-no wpr-parallax-no wpr-sticky-section-no wpr-equal-height-no\" data-id=\"e42f0a0\" data-element_type=\"section\" data-e-type=\"section\">\n\t\t\t\t\t\t<div class=\"elementor-container elementor-column-gap-default\">\n\t\t\t\t\t<div class=\"elementor-column elementor-col-100 elementor-top-column elementor-element elementor-element-97d4e33\" data-id=\"97d4e33\" data-element_type=\"column\" data-e-type=\"column\">\n\t\t\t<div class=\"elementor-widget-wrap elementor-element-populated\">\n\t\t\t\t\t\t<div class=\"elementor-element elementor-element-79cdfc5 elementor-widget elementor-widget-text-editor\" data-id=\"79cdfc5\" data-element_type=\"widget\" data-e-type=\"widget\" data-widget_type=\"text-editor.default\">\n\t\t\t\t<div class=\"elementor-widget-container\">\n\t\t\t\t\t\t\t\t\t<p>La aplicaci\u00f3n de Hipotermia Corporal Total en pacientes neonatales que han sufrido Asfixia durante el parto y luego Encefalopat\u00eda Isqu\u00e9mica se ha vuelto una aplicaci\u00f3n com\u00fan durante los \u00faltimos a\u00f1os para combatir y prevenir los da\u00f1os neurol\u00f3gicos en el paciente. Tecotherm Neo es la nueva generaci\u00f3n de equipos para el tratamiento de hipotermia. Su dise\u00f1o de \u00faltima generaci\u00f3n y monitorizaci\u00f3n a trav\u00e9s de su pantalla full color permiten realizar un completo tratamiento, monitoreo y gesti\u00f3n de alarmas. Sus modos de operaci\u00f3n Servocontrolados y de Control Continuo de Temperatura hacen de Tecotherm Neo un equipo f\u00e1cil de utilizar y gran ayuda al personal cl\u00ednico, incluso para aquellos con poca experiencia.<\/p>\n<p><strong>Caracter\u00edsticas Generales:<\/strong><\/p>\n<p>Equipo de Hipotermia Corporal Total para aplicaci\u00f3n exclusiva en paciente Neonatal. Equipo de \u00faltima generaci\u00f3n controlado por microprocesador. Pantalla LCD full color. Modo Servocontrolado Tratamiento Completo: El usuario programa el tiempo de tratamiento y temperatura objetivo. El equipo debe ser capaz de completar el ciclo completo de tratamiento sin interrupciones ni modificaciones. Modo Servocontrolado Temperatura Rectal Continua: El equipo mantiene la temperatura rectal programada por el usuario Modo Continuo Temperatura de Manta: El equipo mantiene la temperatura de la manta programada por el usuario (Modo no servocontrolado) Despliegue de tendencia y curva de temperatura en pantalla en tiempo real Uso con mantas refrigeradas en formato reusable y desechable Opci\u00f3n de montaje en mesa, carro de transporte o soporte pared Utilizaci\u00f3n de l\u00edquido refrigerante especial que permita mantener el fluido siempre est\u00e9ril. Almacenamiento de hasta 50.000 horas de par\u00e1metros programados y medidos en el equipo, a trav\u00e9s de su puerto de conexi\u00f3n USB. (No se requiere un software dedicado para la extracci\u00f3n) Uso de sondas de temperatura de piel y rectal Rango de control temperatura rectal: 32 a 38\u00b0C Rango de control temperatura manta: 12 a 39\u00b0C Monitoreo de la temperatura del paciente cada 2 segundos.<\/p>\t\t\t\t\t\t\t\t<\/div>\n\t\t\t\t<\/div>\n\t\t\t\t\t<\/div>\n\t\t<\/div>\n\t\t\t\t\t<\/div>\n\t\t<\/section>\n\t\t\t\t<section class=\"elementor-section elementor-top-section elementor-element elementor-element-b2111ef elementor-section-boxed elementor-section-height-default elementor-section-height-default wpr-particle-no wpr-jarallax-no wpr-parallax-no wpr-sticky-section-no wpr-equal-height-no\" data-id=\"b2111ef\" data-element_type=\"section\" data-e-type=\"section\">\n\t\t\t\t\t\t<div class=\"elementor-container elementor-column-gap-default\">\n\t\t\t\t\t<div class=\"elementor-column elementor-col-100 elementor-top-column elementor-element elementor-element-d10255a\" data-id=\"d10255a\" data-element_type=\"column\" data-e-type=\"column\">\n\t\t\t<div class=\"elementor-widget-wrap elementor-element-populated\">\n\t\t\t\t\t\t<div class=\"elementor-element elementor-element-ccab500 elementor-widget elementor-widget-spacer\" data-id=\"ccab500\" data-element_type=\"widget\" data-e-type=\"widget\" data-widget_type=\"spacer.default\">\n\t\t\t\t<div class=\"elementor-widget-container\">\n\t\t\t\t\t\t\t<div class=\"elementor-spacer\">\n\t\t\t<div class=\"elementor-spacer-inner\"><\/div>\n\t\t<\/div>\n\t\t\t\t\t\t<\/div>\n\t\t\t\t<\/div>\n\t\t\t\t\t<\/div>\n\t\t<\/div>\n\t\t\t\t\t<\/div>\n\t\t<\/section>\n\t\t\t\t<\/div>\n\t\t","protected":false},"excerpt":{"rendered":"<p>Ver Cat\u00e1logo TERMOREGULADOR NEONATAL TECOTHERM NEO Tecotherm Neo es la nueva generaci\u00f3n de equipos para el tratamiento de hipotermia. Su dise\u00f1o de \u00faltima generaci\u00f3n y monitorizaci\u00f3n a trav\u00e9s de su pantalla full color permiten realizar un completo tratamiento, monitoreo y gesti\u00f3n de alarmas. Incorpora Modo Servocontrolado Tratamiento Completo, donde usuario programa el tiempo de tratamiento y temperatura objetivo. El equipo es capaz de completar el ciclo completo de tratamiento sin interrupciones ni modificaciones. La aplicaci\u00f3n de Hipotermia Corporal Total en pacientes neonatales que han sufrido Asfixia durante el parto y luego Encefalopat\u00eda Isqu\u00e9mica se ha vuelto una aplicaci\u00f3n com\u00fan durante los \u00faltimos a\u00f1os para combatir y prevenir los da\u00f1os neurol\u00f3gicos en el paciente. Tecotherm Neo es la nueva generaci\u00f3n de equipos para el tratamiento de hipotermia. Su dise\u00f1o de \u00faltima generaci\u00f3n y monitorizaci\u00f3n a trav\u00e9s de su pantalla full color permiten realizar un completo tratamiento, monitoreo y gesti\u00f3n de alarmas. Sus modos de operaci\u00f3n Servocontrolados y de Control Continuo de Temperatura hacen de Tecotherm Neo un equipo f\u00e1cil de utilizar y gran ayuda al personal cl\u00ednico, incluso para aquellos con poca experiencia. Caracter\u00edsticas Generales: Equipo de Hipotermia Corporal Total para aplicaci\u00f3n exclusiva en paciente Neonatal. Equipo de \u00faltima generaci\u00f3n controlado por microprocesador. Pantalla LCD full color. Modo Servocontrolado Tratamiento Completo: El usuario programa el tiempo de tratamiento y temperatura objetivo. El equipo debe ser capaz de completar el ciclo completo de tratamiento sin interrupciones ni modificaciones. Modo Servocontrolado Temperatura Rectal Continua: El equipo mantiene la temperatura rectal programada por el usuario Modo Continuo Temperatura de Manta: El equipo mantiene la temperatura de la manta programada por el usuario (Modo no servocontrolado) Despliegue de tendencia y curva de temperatura en pantalla en tiempo real Uso con mantas refrigeradas en formato reusable y desechable Opci\u00f3n de montaje en mesa, carro de transporte o soporte pared Utilizaci\u00f3n de l\u00edquido refrigerante especial que permita mantener el fluido siempre est\u00e9ril. Almacenamiento de hasta 50.000 horas de par\u00e1metros programados y medidos en el equipo, a trav\u00e9s de su puerto de conexi\u00f3n USB. (No se requiere un software dedicado para la extracci\u00f3n) Uso de sondas de temperatura de piel y rectal Rango de control temperatura rectal: 32 a 38\u00b0C Rango de control temperatura manta: 12 a 39\u00b0C Monitoreo de la temperatura del paciente cada 2 segundos.<\/p>\n","protected":false},"author":2,"featured_media":0,"parent":0,"menu_order":0,"comment_status":"closed","ping_status":"closed","template":"","meta":{"nf_dc_page":"","_monsterinsights_skip_tracking":false,"_monsterinsights_sitenote_active":false,"_monsterinsights_sitenote_note":"","_monsterinsights_sitenote_category":0,"neve_meta_sidebar":"","neve_meta_container":"","neve_meta_enable_content_width":"","neve_meta_content_width":0,"neve_meta_title_alignment":"","neve_meta_author_avatar":"","neve_post_elements_order":"","neve_meta_disable_header":"","neve_meta_disable_footer":"","neve_meta_disable_title":"","footnotes":""},"class_list":["post-980","page","type-page","status-publish","hentry"],"jetpack_sharing_enabled":true,"_links":{"self":[{"href":"https:\/\/pm-consulting.cl\/inicio\/wp-json\/wp\/v2\/pages\/980","targetHints":{"allow":["GET"]}}],"collection":[{"href":"https:\/\/pm-consulting.cl\/inicio\/wp-json\/wp\/v2\/pages"}],"about":[{"href":"https:\/\/pm-consulting.cl\/inicio\/wp-json\/wp\/v2\/types\/page"}],"author":[{"embeddable":true,"href":"https:\/\/pm-consulting.cl\/inicio\/wp-json\/wp\/v2\/users\/2"}],"replies":[{"embeddable":true,"href":"https:\/\/pm-consulting.cl\/inicio\/wp-json\/wp\/v2\/comments?post=980"}],"version-history":[{"count":23,"href":"https:\/\/pm-consulting.cl\/inicio\/wp-json\/wp\/v2\/pages\/980\/revisions"}],"predecessor-version":[{"id":3595,"href":"https:\/\/pm-consulting.cl\/inicio\/wp-json\/wp\/v2\/pages\/980\/revisions\/3595"}],"wp:attachment":[{"href":"https:\/\/pm-consulting.cl\/inicio\/wp-json\/wp\/v2\/media?parent=980"}],"curies":[{"name":"wp","href":"https:\/\/api.w.org\/{rel}","templated":true}]}}