{"id":988,"date":"2022-08-19T07:34:57","date_gmt":"2022-08-19T11:34:57","guid":{"rendered":"https:\/\/pm-consulting.cl\/?page_id=988"},"modified":"2022-08-26T20:35:54","modified_gmt":"2022-08-27T00:35:54","slug":"resusci-flow","status":"publish","type":"page","link":"https:\/\/pm-consulting.cl\/inicio\/resusci-flow\/","title":{"rendered":"RESUSCI FLOW"},"content":{"rendered":"\t\t<div data-elementor-type=\"wp-page\" data-elementor-id=\"988\" class=\"elementor elementor-988\">\n\t\t\t\t\t\t<section class=\"elementor-section elementor-top-section elementor-element elementor-element-5b65727 elementor-section-boxed elementor-section-height-default elementor-section-height-default wpr-particle-no wpr-jarallax-no wpr-parallax-no wpr-sticky-section-no wpr-equal-height-no\" data-id=\"5b65727\" data-element_type=\"section\" data-e-type=\"section\">\n\t\t\t\t\t\t<div class=\"elementor-container elementor-column-gap-default\">\n\t\t\t\t\t<div class=\"elementor-column elementor-col-100 elementor-top-column elementor-element elementor-element-5731136\" data-id=\"5731136\" data-element_type=\"column\" data-e-type=\"column\">\n\t\t\t<div class=\"elementor-widget-wrap elementor-element-populated\">\n\t\t\t\t\t\t<div class=\"elementor-element elementor-element-4ef0d08 elementor-align-center elementor-widget elementor-widget-button\" data-id=\"4ef0d08\" data-element_type=\"widget\" data-e-type=\"widget\" data-widget_type=\"button.default\">\n\t\t\t\t<div class=\"elementor-widget-container\">\n\t\t\t\t\t\t\t\t\t<div class=\"elementor-button-wrapper\">\n\t\t\t\t\t<a class=\"elementor-button elementor-button-link elementor-size-sm elementor-animation-grow\" href=\"https:\/\/pm-consulting.cl\/wp-content\/uploads\/2022\/08\/Catalogo-Unidad-Reaminacion-ResusciFlow.pdf\" target=\"_blank\">\n\t\t\t\t\t\t<span class=\"elementor-button-content-wrapper\">\n\t\t\t\t\t\t\t\t\t<span class=\"elementor-button-text\">Ver Cat\u00e1logo<\/span>\n\t\t\t\t\t<\/span>\n\t\t\t\t\t<\/a>\n\t\t\t\t<\/div>\n\t\t\t\t\t\t\t\t<\/div>\n\t\t\t\t<\/div>\n\t\t\t\t\t<\/div>\n\t\t<\/div>\n\t\t\t\t\t<\/div>\n\t\t<\/section>\n\t\t\t\t<section class=\"elementor-section elementor-top-section elementor-element elementor-element-c8ed68c elementor-section-boxed elementor-section-height-default elementor-section-height-default wpr-particle-no wpr-jarallax-no wpr-parallax-no wpr-sticky-section-no wpr-equal-height-no\" data-id=\"c8ed68c\" data-element_type=\"section\" data-e-type=\"section\">\n\t\t\t\t\t\t<div class=\"elementor-container elementor-column-gap-default\">\n\t\t\t\t\t<div class=\"elementor-column elementor-col-50 elementor-top-column elementor-element elementor-element-4e4e1ab\" data-id=\"4e4e1ab\" data-element_type=\"column\" data-e-type=\"column\">\n\t\t\t<div class=\"elementor-widget-wrap elementor-element-populated\">\n\t\t\t\t\t\t<div class=\"elementor-element elementor-element-a04a7df elementor-widget elementor-widget-image\" data-id=\"a04a7df\" data-element_type=\"widget\" data-e-type=\"widget\" data-widget_type=\"image.default\">\n\t\t\t\t<div class=\"elementor-widget-container\">\n\t\t\t\t\t\t\t\t\t\t\t\t\t\t\t<img fetchpriority=\"high\" decoding=\"async\" width=\"510\" height=\"510\" src=\"https:\/\/i0.wp.com\/pm-consulting.cl\/wp-content\/uploads\/2022\/08\/RESUSCI-FLOW.png?fit=510%2C510&amp;ssl=1\" class=\"attachment-large size-large wp-image-3389\" alt=\"\" srcset=\"https:\/\/i0.wp.com\/pm-consulting.cl\/wp-content\/uploads\/2022\/08\/RESUSCI-FLOW.png?w=510&amp;ssl=1 510w, https:\/\/i0.wp.com\/pm-consulting.cl\/wp-content\/uploads\/2022\/08\/RESUSCI-FLOW.png?resize=300%2C300&amp;ssl=1 300w, https:\/\/i0.wp.com\/pm-consulting.cl\/wp-content\/uploads\/2022\/08\/RESUSCI-FLOW.png?resize=150%2C150&amp;ssl=1 150w\" sizes=\"(max-width: 510px) 100vw, 510px\" \/>\t\t\t\t\t\t\t\t\t\t\t\t\t\t\t<\/div>\n\t\t\t\t<\/div>\n\t\t\t\t\t<\/div>\n\t\t<\/div>\n\t\t\t\t<div class=\"elementor-column elementor-col-50 elementor-top-column elementor-element elementor-element-ad283f0\" data-id=\"ad283f0\" data-element_type=\"column\" data-e-type=\"column\">\n\t\t\t<div class=\"elementor-widget-wrap elementor-element-populated\">\n\t\t\t\t\t\t<div class=\"elementor-element elementor-element-03f2920 elementor-widget elementor-widget-heading\" data-id=\"03f2920\" data-element_type=\"widget\" data-e-type=\"widget\" data-widget_type=\"heading.default\">\n\t\t\t\t<div class=\"elementor-widget-container\">\n\t\t\t\t\t<h5 class=\"elementor-heading-title elementor-size-default\">UNIDAD DE RESUCITACI\u00d3N RESUSCI FLOW ATOM<\/h5>\t\t\t\t<\/div>\n\t\t\t\t<\/div>\n\t\t\t\t<div class=\"elementor-element elementor-element-0e16f0f elementor-widget elementor-widget-text-editor\" data-id=\"0e16f0f\" data-element_type=\"widget\" data-e-type=\"widget\" data-widget_type=\"text-editor.default\">\n\t\t\t\t<div class=\"elementor-widget-container\">\n\t\t\t\t\t\t\t\t\t<p>Resusci flow es una unidad de resucitaci\u00f3n que desarrolla la respiraci\u00f3n artificial con una presi\u00f3n estable. La asfixia neonatal ocurre en aproximadamente un 10% de los nacimientos incluidos los partos de bajo riesgo de partos y es complicado de predecir cu\u00e1ndo sucede y qui\u00e9n necesita resucitaci\u00f3n neonatal.<\/p>\n<p>F\u00e1cil de utilizar, apoyo a la resucitaci\u00f3n. Se coloca una m\u00e1scara al reci\u00e9n nacido, el usuario tiene la posibilidad de controlar el tiEmpo inspiratorio situando un dedo en la v\u00e1lvula T Flow. Funci\u00f3n segura para proteger la respiraci\u00f3n de los reci\u00e9n nacidos. Preajuste la presi\u00f3n inspiratoria pico (PIP) y la presi\u00f3n positiva final expiratoria (PEEP) a una presi\u00f3n constante. El PEEP en la v\u00e1lvula T de flujo puede ser ajustada tirando del disco y entonces prevenir el error humano durante el procedimiento. El Resuci Flow proporciona un PIP y PEEP consistente controlado a trav\u00e9s de todo el proceso de resucitaci\u00f3n. Un contador RCP opcional. Una alarma cada 30 segundos indica los intervalos opcionales en las valoraciones de las condiciones del reci\u00e9n nacido. Ayuda a la respiraci\u00f3n artificial en varias situaciones Adem\u00e1s de la respiraci\u00f3n artificial a trav\u00e9s de una m\u00e1scara, la administraci\u00f3n de ox\u00edgeno libre y la respiraci\u00f3n artificial se puede conseguir tambi\u00e9n mediante un tubo endotraqueal. Cuando el suministro de gas est\u00e1 disponible, la respiraci\u00f3n artificial es posible no s\u00f3lo en el lugar del suministro y en las habitaciones sino tambi\u00e9n durante el transporte.<\/p>\t\t\t\t\t\t\t\t<\/div>\n\t\t\t\t<\/div>\n\t\t\t\t\t<\/div>\n\t\t<\/div>\n\t\t\t\t\t<\/div>\n\t\t<\/section>\n\t\t\t\t<section class=\"elementor-section elementor-top-section elementor-element elementor-element-5e42d18 elementor-section-boxed elementor-section-height-default elementor-section-height-default wpr-particle-no wpr-jarallax-no wpr-parallax-no wpr-sticky-section-no wpr-equal-height-no\" data-id=\"5e42d18\" data-element_type=\"section\" data-e-type=\"section\">\n\t\t\t\t\t\t<div class=\"elementor-container elementor-column-gap-default\">\n\t\t\t\t\t<div class=\"elementor-column elementor-col-100 elementor-top-column elementor-element elementor-element-d57424d\" data-id=\"d57424d\" data-element_type=\"column\" data-e-type=\"column\">\n\t\t\t<div class=\"elementor-widget-wrap elementor-element-populated\">\n\t\t\t\t\t\t<div class=\"elementor-element elementor-element-7007c9c elementor-widget elementor-widget-spacer\" data-id=\"7007c9c\" data-element_type=\"widget\" data-e-type=\"widget\" data-widget_type=\"spacer.default\">\n\t\t\t\t<div class=\"elementor-widget-container\">\n\t\t\t\t\t\t\t<div class=\"elementor-spacer\">\n\t\t\t<div class=\"elementor-spacer-inner\"><\/div>\n\t\t<\/div>\n\t\t\t\t\t\t<\/div>\n\t\t\t\t<\/div>\n\t\t\t\t\t<\/div>\n\t\t<\/div>\n\t\t\t\t\t<\/div>\n\t\t<\/section>\n\t\t\t\t<\/div>\n\t\t","protected":false},"excerpt":{"rendered":"<p>Ver Cat\u00e1logo UNIDAD DE RESUCITACI\u00d3N RESUSCI FLOW ATOM Resusci flow es una unidad de resucitaci\u00f3n que desarrolla la respiraci\u00f3n artificial con una presi\u00f3n estable. La asfixia neonatal ocurre en aproximadamente un 10% de los nacimientos incluidos los partos de bajo riesgo de partos y es complicado de predecir cu\u00e1ndo sucede y qui\u00e9n necesita resucitaci\u00f3n neonatal. F\u00e1cil de utilizar, apoyo a la resucitaci\u00f3n. Se coloca una m\u00e1scara al reci\u00e9n nacido, el usuario tiene la posibilidad de controlar el tiEmpo inspiratorio situando un dedo en la v\u00e1lvula T Flow. Funci\u00f3n segura para proteger la respiraci\u00f3n de los reci\u00e9n nacidos. Preajuste la presi\u00f3n inspiratoria pico (PIP) y la presi\u00f3n positiva final expiratoria (PEEP) a una presi\u00f3n constante. El PEEP en la v\u00e1lvula T de flujo puede ser ajustada tirando del disco y entonces prevenir el error humano durante el procedimiento. El Resuci Flow proporciona un PIP y PEEP consistente controlado a trav\u00e9s de todo el proceso de resucitaci\u00f3n. Un contador RCP opcional. Una alarma cada 30 segundos indica los intervalos opcionales en las valoraciones de las condiciones del reci\u00e9n nacido. Ayuda a la respiraci\u00f3n artificial en varias situaciones Adem\u00e1s de la respiraci\u00f3n artificial a trav\u00e9s de una m\u00e1scara, la administraci\u00f3n de ox\u00edgeno libre y la respiraci\u00f3n artificial se puede conseguir tambi\u00e9n mediante un tubo endotraqueal. Cuando el suministro de gas est\u00e1 disponible, la respiraci\u00f3n artificial es posible no s\u00f3lo en el lugar del suministro y en las habitaciones sino tambi\u00e9n durante el transporte.<\/p>\n","protected":false},"author":2,"featured_media":0,"parent":0,"menu_order":0,"comment_status":"closed","ping_status":"closed","template":"","meta":{"nf_dc_page":"","_monsterinsights_skip_tracking":false,"_monsterinsights_sitenote_active":false,"_monsterinsights_sitenote_note":"","_monsterinsights_sitenote_category":0,"neve_meta_sidebar":"","neve_meta_container":"","neve_meta_enable_content_width":"","neve_meta_content_width":0,"neve_meta_title_alignment":"","neve_meta_author_avatar":"","neve_post_elements_order":"","neve_meta_disable_header":"","neve_meta_disable_footer":"","neve_meta_disable_title":"","footnotes":""},"class_list":["post-988","page","type-page","status-publish","hentry"],"jetpack_sharing_enabled":true,"_links":{"self":[{"href":"https:\/\/pm-consulting.cl\/inicio\/wp-json\/wp\/v2\/pages\/988","targetHints":{"allow":["GET"]}}],"collection":[{"href":"https:\/\/pm-consulting.cl\/inicio\/wp-json\/wp\/v2\/pages"}],"about":[{"href":"https:\/\/pm-consulting.cl\/inicio\/wp-json\/wp\/v2\/types\/page"}],"author":[{"embeddable":true,"href":"https:\/\/pm-consulting.cl\/inicio\/wp-json\/wp\/v2\/users\/2"}],"replies":[{"embeddable":true,"href":"https:\/\/pm-consulting.cl\/inicio\/wp-json\/wp\/v2\/comments?post=988"}],"version-history":[{"count":15,"href":"https:\/\/pm-consulting.cl\/inicio\/wp-json\/wp\/v2\/pages\/988\/revisions"}],"predecessor-version":[{"id":3553,"href":"https:\/\/pm-consulting.cl\/inicio\/wp-json\/wp\/v2\/pages\/988\/revisions\/3553"}],"wp:attachment":[{"href":"https:\/\/pm-consulting.cl\/inicio\/wp-json\/wp\/v2\/media?parent=988"}],"curies":[{"name":"wp","href":"https:\/\/api.w.org\/{rel}","templated":true}]}}